{"id":1977,"date":"2016-06-10T18:21:35","date_gmt":"2016-06-10T18:21:35","guid":{"rendered":"http:\/\/demo.goodlayers.com\/infinite\/?page_id=1977"},"modified":"2026-04-05T23:38:20","modified_gmt":"2026-04-05T21:38:20","slug":"kontakt","status":"publish","type":"page","link":"https:\/\/topuz-law.de\/en_gb\/kontakt\/","title":{"rendered":"Contact"},"content":{"rendered":"<div class=\"wp-block-uagb-container uagb-block-c1620bda default uagb-is-root-container\">\n<h1 class=\"wp-block-heading has-text-align-center has-ast-global-color-4-color has-text-color has-link-color has-x-large-font-size wp-elements-905bd6cba96ad1bebd0d49e16ec4edb6\" id=\"h-kontakt\">Contact<\/h1>\n\n\n\n<div class=\"wp-block-uagb-container uagb-block-d2a630e3\"><\/div>\n<\/div>\n\n\n\n<div class=\"wp-block-uagb-container uagb-block-a321a0c0 default uagb-is-root-container\">\n<div class=\"wp-block-uagb-container uagb-block-3a94ee7a\">\n<h1 class=\"wp-block-heading\" id=\"h-kontaktformular\">Contact Form<\/h1>\n\n\n\n<p>We will then contact you as soon as possible and discuss the further procedure with you.<\/p>\n\n\n\n<p>You can use our contact form to describe your request and at the same time send us any documents required to process your request as well as your personal contact details.<\/p>\n\n\n\n<p>Usually you will receive a response to your message within 24 hours.<\/p>\n\n\n\n\n\n<div class=\"wpcf7 no-js\" id=\"wpcf7-f15820-o1\" lang=\"de-DE\" dir=\"ltr\" data-wpcf7-id=\"15820\">\n<div class=\"screen-reader-response\"><p role=\"status\" aria-live=\"polite\" aria-atomic=\"true\"><\/p> <ul><\/ul><\/div>\n<form action=\"\/en_gb\/wp-json\/wp\/v2\/pages\/1977#wpcf7-f15820-o1\" method=\"post\" class=\"wpcf7-form init\" aria-label=\"Contact Form\" novalidate=\"novalidate\" data-status=\"init\" data-trp-original-action=\"\/en_gb\/wp-json\/wp\/v2\/pages\/1977#wpcf7-f15820-o1\">\n<fieldset class=\"hidden-fields-container\"><input type=\"hidden\" name=\"_wpcf7\" value=\"15820\" \/><input type=\"hidden\" name=\"_wpcf7_version\" value=\"6.1.5\" \/><input type=\"hidden\" name=\"_wpcf7_locale\" value=\"de_DE\" \/><input type=\"hidden\" name=\"_wpcf7_unit_tag\" value=\"wpcf7-f15820-o1\" \/><input type=\"hidden\" name=\"_wpcf7_container_post\" value=\"0\" \/><input type=\"hidden\" name=\"_wpcf7_posted_data_hash\" value=\"\" \/><input type=\"hidden\" name=\"_wpcf7_recaptcha_response\" value=\"\" \/>\n<\/fieldset>\n<div class=\"form-row\">\n\t<div class=\"form-half\">\n\t\t<p><label>Salutation<br \/>\n<span class=\"wpcf7-form-control-wrap\" data-name=\"Anrede\"><select class=\"wpcf7-form-control wpcf7-select\" aria-invalid=\"false\" name=\"Anrede\"><option value=\"\"><\/option><option value=\"Mr\">Mr<\/option><option value=\"Ms\">Ms<\/option><option value=\"Non-binary\">Non-binary<\/option><option value=\"Prefer not to say\">Prefer not to say<\/option><\/select><\/span><br \/>\n<\/label>\n\t\t<\/p>\n\t<\/div>\n\t<div class=\"form-half\">\n\t\t<p><label>Title<br \/>\n<span class=\"wpcf7-form-control-wrap\" data-name=\"Titel\"><select class=\"wpcf7-form-control wpcf7-select\" aria-invalid=\"false\" name=\"Titel\"><option value=\"\"><\/option><option value=\"Prof. Dr.\">Prof. Dr.<\/option><option value=\"Dr.\">Dr.<\/option><option value=\"Prefer not to say\">Prefer not to say<\/option><\/select><\/span><br \/>\n<\/label>\n\t\t<\/p>\n\t<\/div>\n<\/div>\n<div class=\"form-row\">\n\t<div class=\"form-half\">\n\t\t<p><label class=\"required\">First Name *<br \/>\n<span class=\"wpcf7-form-control-wrap\" data-name=\"vorname\"><input size=\"40\" maxlength=\"400\" class=\"wpcf7-form-control wpcf7-text wpcf7-validates-as-required form-control\" aria-required=\"true\" aria-invalid=\"false\" value=\"\" type=\"text\" name=\"vorname\" \/><\/span><br \/>\n<\/label>\n\t\t<\/p>\n\t<\/div>\n\t<div class=\"form-half\">\n\t\t<p><label class=\"required\">Last Name *<br \/>\n<span class=\"wpcf7-form-control-wrap\" data-name=\"nachname\"><input size=\"40\" maxlength=\"400\" class=\"wpcf7-form-control wpcf7-text wpcf7-validates-as-required form-control\" aria-required=\"true\" aria-invalid=\"false\" value=\"\" type=\"text\" name=\"nachname\" \/><\/span><br \/>\n<\/label>\n\t\t<\/p>\n\t<\/div>\n<\/div>\n<div class=\"form-row\">\n\t<div class=\"form-half\">\n\t\t<p><label>Date of Birth<br \/>\n<span class=\"wpcf7-form-control-wrap\" data-name=\"Geburtsdatum\"><input class=\"wpcf7-form-control wpcf7-date wpcf7-validates-as-date form-control\" aria-invalid=\"false\" value=\"\" type=\"date\" name=\"Geburtsdatum\" \/><\/span><br \/>\n<\/label>\n\t\t<\/p>\n\t<\/div>\n\t<div class=\"form-half\">\n\t\t<p><label>Place of Birth<br \/>\n<span class=\"wpcf7-form-control-wrap\" data-name=\"Geburtsort\"><input size=\"40\" maxlength=\"400\" class=\"wpcf7-form-control wpcf7-text form-control\" aria-invalid=\"false\" value=\"\" type=\"text\" name=\"Geburtsort\" \/><\/span><br \/>\n<\/label>\n\t\t<\/p>\n\t<\/div>\n<\/div>\n<div class=\"form-row\">\n\t<div class=\"form-half\">\n\t\t<p><label>Address Field 1<br \/>\n<span class=\"wpcf7-form-control-wrap\" data-name=\"Adressfeld\"><textarea cols=\"40\" rows=\"10\" maxlength=\"2000\" class=\"wpcf7-form-control wpcf7-textarea form-control\" aria-invalid=\"false\" name=\"Adressfeld\"><\/textarea><\/span><br \/>\n<\/label>\n\t\t<\/p>\n\t<\/div>\n\t<div class=\"form-half\">\n\t\t<p><label>Address Field 2<br \/>\n<span class=\"wpcf7-form-control-wrap\" data-name=\"Adressfeldd\"><textarea cols=\"40\" rows=\"10\" maxlength=\"2000\" class=\"wpcf7-form-control wpcf7-textarea form-control\" aria-invalid=\"false\" name=\"Adressfeldd\"><\/textarea><\/span><br \/>\n<\/label>\n\t\t<\/p>\n\t<\/div>\n<\/div>\n<div class=\"form-row\">\n\t<div class=\"form-half\">\n\t\t<p><label>Postal Code<br \/>\n<span class=\"wpcf7-form-control-wrap\" data-name=\"Postleitzahl\"><input class=\"wpcf7-form-control wpcf7-number wpcf7-validates-as-number form-control\" aria-invalid=\"false\" value=\"\" type=\"number\" name=\"Postleitzahl\" \/><\/span><br \/>\n<\/label>\n\t\t<\/p>\n\t<\/div>\n\t<div class=\"form-half\">\n\t\t<p><label>City<br \/>\n<span class=\"wpcf7-form-control-wrap\" data-name=\"Ort\"><input size=\"40\" maxlength=\"400\" class=\"wpcf7-form-control wpcf7-text form-control\" aria-invalid=\"false\" value=\"\" type=\"text\" name=\"Ort\" \/><\/span><br \/>\n<\/label>\n\t\t<\/p>\n\t<\/div>\n<\/div>\n<div class=\"form-row\">\n\t<div class=\"form-half\">\n\t\t<p><label class=\"required\">Email *<br \/>\n<span class=\"wpcf7-form-control-wrap\" data-name=\"E-Mail\"><input size=\"40\" maxlength=\"400\" class=\"wpcf7-form-control wpcf7-email wpcf7-validates-as-required wpcf7-text wpcf7-validates-as-email form-control\" aria-required=\"true\" aria-invalid=\"false\" value=\"\" type=\"email\" name=\"E-Mail\" \/><\/span><br \/>\n<\/label>\n\t\t<\/p>\n\t<\/div>\n\t<div class=\"form-half\">\n\t\t<p><label class=\"required\">Phone *<br \/>\n<span class=\"wpcf7-form-control-wrap\" data-name=\"Telefon\"><input size=\"40\" maxlength=\"400\" class=\"wpcf7-form-control wpcf7-tel wpcf7-validates-as-required wpcf7-text wpcf7-validates-as-tel form-control\" aria-required=\"true\" aria-invalid=\"false\" value=\"\" type=\"tel\" name=\"Telefon\" \/><\/span><br \/>\n<\/label>\n\t\t<\/p>\n\t<\/div>\n<\/div>\n<p><label class=\"required\">Your Message *<br \/>\n<span class=\"wpcf7-form-control-wrap\" data-name=\"Nachricht\"><textarea cols=\"40\" rows=\"10\" maxlength=\"2000\" class=\"wpcf7-form-control wpcf7-textarea wpcf7-validates-as-required\" aria-required=\"true\" aria-invalid=\"false\" name=\"Nachricht\"><\/textarea><\/span><br \/>\n<\/label>\n<\/p>\n<p>Fields marked with an asterisk (*) are required.\n<\/p>\n<p>Maximum file size: 128 MB\n<\/p>\n<p>Supported file formats: pdf, txt, docx, png, jpeg, jpg\n<\/p>\n<p><span class=\"wpcf7-form-control-wrap\" data-name=\"mfile-114\"><input size=\"40\" class=\"wpcf7-form-control wpcf7-drag-n-drop-file d-none\" aria-invalid=\"false\" type=\"file\" multiple=\"multiple\" data-name=\"mfile-114\" data-type=\"pdf|txt|docx|png|jpeg|jpg|webp|mp4|zip\" data-id=\"15820\" data-version=\"free version 1.3.9.7\" accept=\".pdf, .txt, .docx, .png, .jpeg, .jpg, .webp, .mp4, .zip\" \/><\/span>\n<\/p>\n<p><br \/>\n<input type=\"checkbox\" name=\"acceptance\" required \/><br \/>\nI hereby confirm that I have read the <a href=\"\/en_gb\/datenschutz\/\" target=\"_blank\" rel=\"noopener noreferrer\">Privacy Policy<\/a> and consent to the processing of my personal data. Furthermore, I confirm that the information I have provided in this contact form is correct.\n<\/p>\n<p><input class=\"wpcf7-form-control wpcf7-submit has-spinner\" type=\"submit\" value=\"Send\" \/>\n<\/p><div class=\"wpcf7-response-output\" aria-hidden=\"true\"><\/div>\n<input type=\"hidden\" name=\"trp-form-language\" value=\"en_gb\"\/><\/form>\n<\/div>\n\n\n\n<\/div>\n\n\n\n<div class=\"wp-block-uagb-container uagb-block-d978a4a9\">\n<h2 class=\"wp-block-heading\" id=\"h-standort\">Location<\/h2>\n\n\n\n<p>Topuz Law<br>Lawyer Tolga Topuz<br>Parkstra\u00dfe 22<br>40477 D\u00fcsseldorf<\/p>\n\n\n\n<p>E-Mail:<a href=\"mailto:info@topuz-law.de\"> info@topuz-law.de<\/a><br>Tel.: <a href=\"tel:+49 211 43637831\">+49 211 43637831<\/a><br>Fax: <a href=\"fax:+49 211 94259339\">+49 211 94259339<\/a><\/p>\n<\/div>\n<\/div>","protected":false},"excerpt":{"rendered":"<p>Kontakt Kontaktformular Im Anschluss werden wir uns so schnell wie m\u00f6glich bei Ihnen melden und insbesondere das weitere Vorgehen mit Ihnen besprechen. Mithilfe unseres Kontaktformulars k\u00f6nnen Sie uns Ihr Anliegen schildern und gleichzeitig etwaige Unterlagen zur Bearbeitung Ihres Anliegens sowie Ihre pers\u00f6nlichen Kontaktdaten \u00fcbersenden. In der Regel erhalten Sie innerhalb von 24 Stunden eine R\u00fcckmeldung [&hellip;]<\/p>\n","protected":false},"author":1,"featured_media":16135,"parent":0,"menu_order":0,"comment_status":"closed","ping_status":"closed","template":"","meta":{"_uag_custom_page_level_css":"","site-sidebar-layout":"default","site-content-layout":"","ast-site-content-layout":"","site-content-style":"default","site-sidebar-style":"default","ast-global-header-display":"","ast-banner-title-visibility":"","ast-main-header-display":"","ast-hfb-above-header-display":"","ast-hfb-below-header-display":"","ast-hfb-mobile-header-display":"","site-post-title":"disabled","ast-breadcrumbs-content":"","ast-featured-img":"","footer-sml-layout":"","ast-disable-related-posts":"","theme-transparent-header-meta":"","adv-header-id-meta":"","stick-header-meta":"","header-above-stick-meta":"","header-main-stick-meta":"","header-below-stick-meta":"","astra-migrate-meta-layouts":"default","ast-page-background-enabled":"default","ast-page-background-meta":{"desktop":{"background-color":"var(--ast-global-color-5)","background-image":"","background-repeat":"repeat","background-position":"center center","background-size":"auto","background-attachment":"scroll","background-type":"","background-media":"","overlay-type":"","overlay-color":"","overlay-opacity":"","overlay-gradient":""},"tablet":{"background-color":"","background-image":"","background-repeat":"repeat","background-position":"center center","background-size":"auto","background-attachment":"scroll","background-type":"","background-media":"","overlay-type":"","overlay-color":"","overlay-opacity":"","overlay-gradient":""},"mobile":{"background-color":"","background-image":"","background-repeat":"repeat","background-position":"center center","background-size":"auto","background-attachment":"scroll","background-type":"","background-media":"","overlay-type":"","overlay-color":"","overlay-opacity":"","overlay-gradient":""}},"ast-content-background-meta":{"desktop":{"background-color":"var(--ast-global-color-4)","background-image":"","background-repeat":"repeat","background-position":"center center","background-size":"auto","background-attachment":"scroll","background-type":"","background-media":"","overlay-type":"","overlay-color":"","overlay-opacity":"","overlay-gradient":""},"tablet":{"background-color":"var(--ast-global-color-4)","background-image":"","background-repeat":"repeat","background-position":"center center","background-size":"auto","background-attachment":"scroll","background-type":"","background-media":"","overlay-type":"","overlay-color":"","overlay-opacity":"","overlay-gradient":""},"mobile":{"background-color":"var(--ast-global-color-4)","background-image":"","background-repeat":"repeat","background-position":"center center","background-size":"auto","background-attachment":"scroll","background-type":"","background-media":"","overlay-type":"","overlay-color":"","overlay-opacity":"","overlay-gradient":""}},"footnotes":""},"class_list":["post-1977","page","type-page","status-publish","has-post-thumbnail","hentry"],"yoast_head":"<!-- This site is optimized with the Yoast SEO Premium plugin v27.4 (Yoast SEO v27.4) - https:\/\/yoast.com\/product\/yoast-seo-premium-wordpress\/ -->\n<title>Kontaktformular<\/title>\n<meta name=\"description\" content=\"Mithilfe unseres Kontaktformulars k\u00f6nnen Sie uns Ihr Anliegen schildern und gleichzeitig etwaige Unterlagen zur Bearbeitung Ihres ...\" \/>\n<meta name=\"robots\" content=\"index, follow, max-snippet:-1, max-image-preview:large, max-video-preview:-1\" \/>\n<link rel=\"canonical\" href=\"https:\/\/topuz-law.de\/en_gb\/kontakt\/\" \/>\n<meta property=\"og:locale\" content=\"en_GB\" \/>\n<meta property=\"og:type\" content=\"article\" \/>\n<meta property=\"og:title\" content=\"Kontaktformular\" \/>\n<meta property=\"og:description\" content=\"Mithilfe unseres Kontaktformulars k\u00f6nnen Sie uns Ihr Anliegen schildern und gleichzeitig etwaige Unterlagen zur Bearbeitung Ihres ...\" \/>\n<meta property=\"og:url\" content=\"https:\/\/topuz-law.de\/en_gb\/kontakt\/\" \/>\n<meta property=\"og:site_name\" content=\"Topuz Law\" \/>\n<meta property=\"article:publisher\" content=\"https:\/\/www.facebook.com\/profile.php?id=61558419758393&amp;locale=de_DE\" \/>\n<meta property=\"article:modified_time\" content=\"2026-04-05T21:38:20+00:00\" \/>\n<meta property=\"og:image\" content=\"https:\/\/topuz-law.de\/wp-content\/uploads\/2024\/06\/Koenigsallee-Duesseldorf-1.webp\" \/>\n\t<meta property=\"og:image:width\" content=\"1280\" \/>\n\t<meta property=\"og:image:height\" content=\"853\" \/>\n\t<meta property=\"og:image:type\" content=\"image\/webp\" \/>\n<meta name=\"twitter:card\" content=\"summary_large_image\" \/>\n<meta name=\"twitter:title\" content=\"Kontakt\" \/>\n<meta name=\"twitter:label1\" content=\"Estimated reading time\" \/>\n\t<meta name=\"twitter:data1\" content=\"1 minute\" \/>\n<script type=\"application\/ld+json\" class=\"yoast-schema-graph\">{\"@context\":\"https:\\\/\\\/schema.org\",\"@graph\":[{\"@type\":\"WebPage\",\"@id\":\"https:\\\/\\\/topuz-law.de\\\/kontakt\\\/\",\"url\":\"https:\\\/\\\/topuz-law.de\\\/kontakt\\\/\",\"name\":\"Kontaktformular\",\"isPartOf\":{\"@id\":\"https:\\\/\\\/topuz-law.de\\\/#website\"},\"primaryImageOfPage\":{\"@id\":\"https:\\\/\\\/topuz-law.de\\\/kontakt\\\/#primaryimage\"},\"image\":{\"@id\":\"https:\\\/\\\/topuz-law.de\\\/kontakt\\\/#primaryimage\"},\"thumbnailUrl\":\"https:\\\/\\\/topuz-law.de\\\/wp-content\\\/uploads\\\/2025\\\/10\\\/city-5314086-scaled-1_11zon.webp\",\"datePublished\":\"2016-06-10T18:21:35+00:00\",\"dateModified\":\"2026-04-05T21:38:20+00:00\",\"description\":\"Mithilfe unseres Kontaktformulars k\u00f6nnen Sie uns Ihr Anliegen schildern und gleichzeitig etwaige Unterlagen zur Bearbeitung Ihres ...\",\"breadcrumb\":{\"@id\":\"https:\\\/\\\/topuz-law.de\\\/kontakt\\\/#breadcrumb\"},\"inLanguage\":\"en-GB\",\"potentialAction\":[{\"@type\":\"ReadAction\",\"target\":[\"https:\\\/\\\/topuz-law.de\\\/kontakt\\\/\"]}]},{\"@type\":\"ImageObject\",\"inLanguage\":\"en-GB\",\"@id\":\"https:\\\/\\\/topuz-law.de\\\/kontakt\\\/#primaryimage\",\"url\":\"https:\\\/\\\/topuz-law.de\\\/wp-content\\\/uploads\\\/2025\\\/10\\\/city-5314086-scaled-1_11zon.webp\",\"contentUrl\":\"https:\\\/\\\/topuz-law.de\\\/wp-content\\\/uploads\\\/2025\\\/10\\\/city-5314086-scaled-1_11zon.webp\",\"width\":300,\"height\":200},{\"@type\":\"BreadcrumbList\",\"@id\":\"https:\\\/\\\/topuz-law.de\\\/kontakt\\\/#breadcrumb\",\"itemListElement\":[{\"@type\":\"ListItem\",\"position\":1,\"name\":\"Startseite\",\"item\":\"https:\\\/\\\/topuz-law.de\\\/\"},{\"@type\":\"ListItem\",\"position\":2,\"name\":\"Kontakt\"}]},{\"@type\":\"WebSite\",\"@id\":\"https:\\\/\\\/topuz-law.de\\\/#website\",\"url\":\"https:\\\/\\\/topuz-law.de\\\/\",\"name\":\"Topuz Law\",\"description\":\"Kanzlei aus D\u00fcsseldorf\",\"publisher\":{\"@id\":\"https:\\\/\\\/topuz-law.de\\\/#organization\"},\"potentialAction\":[{\"@type\":\"SearchAction\",\"target\":{\"@type\":\"EntryPoint\",\"urlTemplate\":\"https:\\\/\\\/topuz-law.de\\\/?s={search_term_string}\"},\"query-input\":{\"@type\":\"PropertyValueSpecification\",\"valueRequired\":true,\"valueName\":\"search_term_string\"}}],\"inLanguage\":\"en-GB\"},{\"@type\":\"Organization\",\"@id\":\"https:\\\/\\\/topuz-law.de\\\/#organization\",\"name\":\"Topuz Law\",\"url\":\"https:\\\/\\\/topuz-law.de\\\/\",\"logo\":{\"@type\":\"ImageObject\",\"inLanguage\":\"en-GB\",\"@id\":\"https:\\\/\\\/topuz-law.de\\\/#\\\/schema\\\/logo\\\/image\\\/\",\"url\":\"https:\\\/\\\/topuz-law.de\\\/wp-content\\\/uploads\\\/2023\\\/10\\\/original_-_Kopie-removebg-preview.png\",\"contentUrl\":\"https:\\\/\\\/topuz-law.de\\\/wp-content\\\/uploads\\\/2023\\\/10\\\/original_-_Kopie-removebg-preview.png\",\"width\":419,\"height\":475,\"caption\":\"Topuz Law\"},\"image\":{\"@id\":\"https:\\\/\\\/topuz-law.de\\\/#\\\/schema\\\/logo\\\/image\\\/\"},\"sameAs\":[\"https:\\\/\\\/www.facebook.com\\\/profile.php?id=61558419758393&locale=de_DE\",\"https:\\\/\\\/www.linkedin.com\\\/company\\\/98966869\\\/\"],\"description\":\"Rechtsanwaltskanzlei mit Sitz in D\u00fcsseldorf. Spezialisiert auf das Handels- und Gesellschaftsrecht, allgemeines Zivilrecht, Prozessf\u00fchrung, Arbeitsrecht und Strafrecht.\",\"email\":\"info@topuz-law.de\",\"telephone\":\"021143637831\",\"legalName\":\"Kanzlei Topuz Law, Rechtsanwalt Tolga Topuz\",\"foundingDate\":\"2023-05-01\",\"vatID\":\"DE362946119\",\"numberOfEmployees\":{\"@type\":\"QuantitativeValue\",\"minValue\":\"1\",\"maxValue\":\"10\"}}]}<\/script>\n<!-- \/ Yoast SEO Premium plugin. -->","yoast_head_json":{"title":"Contact Form","description":"Mithilfe unseres Kontaktformulars k\u00f6nnen Sie uns Ihr Anliegen schildern und gleichzeitig etwaige Unterlagen zur Bearbeitung Ihres ...","robots":{"index":"index","follow":"follow","max-snippet":"max-snippet:-1","max-image-preview":"max-image-preview:large","max-video-preview":"max-video-preview:-1"},"canonical":"https:\/\/topuz-law.de\/en_gb\/kontakt\/","og_locale":"en_GB","og_type":"article","og_title":"Kontaktformular","og_description":"Mithilfe unseres Kontaktformulars k\u00f6nnen Sie uns Ihr Anliegen schildern und gleichzeitig etwaige Unterlagen zur Bearbeitung Ihres ...","og_url":"https:\/\/topuz-law.de\/en_gb\/kontakt\/","og_site_name":"Topuz Law","article_publisher":"https:\/\/www.facebook.com\/profile.php?id=61558419758393&locale=de_DE","article_modified_time":"2026-04-05T21:38:20+00:00","og_image":[{"width":1280,"height":853,"url":"https:\/\/topuz-law.de\/wp-content\/uploads\/2024\/06\/Koenigsallee-Duesseldorf-1.webp","type":"image\/webp"}],"twitter_card":"summary_large_image","twitter_title":"Kontakt","twitter_misc":{"Estimated reading time":"1 minute"},"schema":{"@context":"https:\/\/schema.org","@graph":[{"@type":"WebPage","@id":"https:\/\/topuz-law.de\/kontakt\/","url":"https:\/\/topuz-law.de\/kontakt\/","name":"Contact Form","isPartOf":{"@id":"https:\/\/topuz-law.de\/#website"},"primaryImageOfPage":{"@id":"https:\/\/topuz-law.de\/kontakt\/#primaryimage"},"image":{"@id":"https:\/\/topuz-law.de\/kontakt\/#primaryimage"},"thumbnailUrl":"https:\/\/topuz-law.de\/wp-content\/uploads\/2025\/10\/city-5314086-scaled-1_11zon.webp","datePublished":"2016-06-10T18:21:35+00:00","dateModified":"2026-04-05T21:38:20+00:00","description":"Mithilfe unseres Kontaktformulars k\u00f6nnen Sie uns Ihr Anliegen schildern und gleichzeitig etwaige Unterlagen zur Bearbeitung Ihres ...","breadcrumb":{"@id":"https:\/\/topuz-law.de\/kontakt\/#breadcrumb"},"inLanguage":"en-GB","potentialAction":[{"@type":"ReadAction","target":["https:\/\/topuz-law.de\/kontakt\/"]}]},{"@type":"ImageObject","inLanguage":"en-GB","@id":"https:\/\/topuz-law.de\/kontakt\/#primaryimage","url":"https:\/\/topuz-law.de\/wp-content\/uploads\/2025\/10\/city-5314086-scaled-1_11zon.webp","contentUrl":"https:\/\/topuz-law.de\/wp-content\/uploads\/2025\/10\/city-5314086-scaled-1_11zon.webp","width":300,"height":200},{"@type":"BreadcrumbList","@id":"https:\/\/topuz-law.de\/kontakt\/#breadcrumb","itemListElement":[{"@type":"ListItem","position":1,"name":"Startseite","item":"https:\/\/topuz-law.de\/"},{"@type":"ListItem","position":2,"name":"Kontakt"}]},{"@type":"WebSite","@id":"https:\/\/topuz-law.de\/#website","url":"https:\/\/topuz-law.de\/","name":"Topuz Law","description":"Law Firm from D\u00fcsseldorf","publisher":{"@id":"https:\/\/topuz-law.de\/#organization"},"potentialAction":[{"@type":"SearchAction","target":{"@type":"EntryPoint","urlTemplate":"https:\/\/topuz-law.de\/?s={search_term_string}"},"query-input":{"@type":"PropertyValueSpecification","valueRequired":true,"valueName":"search_term_string"}}],"inLanguage":"en-GB"},{"@type":"Organization","@id":"https:\/\/topuz-law.de\/#organization","name":"Topuz Law","url":"https:\/\/topuz-law.de\/","logo":{"@type":"ImageObject","inLanguage":"en-GB","@id":"https:\/\/topuz-law.de\/#\/schema\/logo\/image\/","url":"https:\/\/topuz-law.de\/wp-content\/uploads\/2023\/10\/original_-_Kopie-removebg-preview.png","contentUrl":"https:\/\/topuz-law.de\/wp-content\/uploads\/2023\/10\/original_-_Kopie-removebg-preview.png","width":419,"height":475,"caption":"Topuz Law"},"image":{"@id":"https:\/\/topuz-law.de\/#\/schema\/logo\/image\/"},"sameAs":["https:\/\/www.facebook.com\/profile.php?id=61558419758393&locale=de_DE","https:\/\/www.linkedin.com\/company\/98966869\/"],"description":"Rechtsanwaltskanzlei mit Sitz in D\u00fcsseldorf. Spezialisiert auf das Handels- und Gesellschaftsrecht, allgemeines Zivilrecht, Prozessf\u00fchrung, Arbeitsrecht und Strafrecht.","email":"info@topuz-law.de","telephone":"021143637831","legalName":"Kanzlei Topuz Law, Rechtsanwalt Tolga Topuz","foundingDate":"2023-05-01","vatID":"DE362946119","numberOfEmployees":{"@type":"QuantitativeValue","minValue":"1","maxValue":"10"}}]}},"uagb_featured_image_src":{"full":["https:\/\/topuz-law.de\/wp-content\/uploads\/2025\/10\/city-5314086-scaled-1_11zon.webp",300,200,false],"thumbnail":["https:\/\/topuz-law.de\/wp-content\/uploads\/2025\/10\/city-5314086-scaled-1_11zon-150x150.webp",150,150,true],"medium":["https:\/\/topuz-law.de\/wp-content\/uploads\/2025\/10\/city-5314086-scaled-1_11zon.webp",300,200,false],"medium_large":["https:\/\/topuz-law.de\/wp-content\/uploads\/2025\/10\/city-5314086-scaled-1_11zon.webp",300,200,false],"large":["https:\/\/topuz-law.de\/wp-content\/uploads\/2025\/10\/city-5314086-scaled-1_11zon.webp",300,200,false],"1536x1536":["https:\/\/topuz-law.de\/wp-content\/uploads\/2025\/10\/city-5314086-scaled-1_11zon.webp",300,200,false],"2048x2048":["https:\/\/topuz-law.de\/wp-content\/uploads\/2025\/10\/city-5314086-scaled-1_11zon.webp",300,200,false],"trp-custom-language-flag":["https:\/\/topuz-law.de\/wp-content\/uploads\/2025\/10\/city-5314086-scaled-1_11zon-18x12.webp",18,12,true]},"uagb_author_info":{"display_name":"admin","author_link":"https:\/\/topuz-law.de\/en_gb\/author\/admin\/"},"uagb_comment_info":0,"uagb_excerpt":"Kontakt Kontaktformular Im Anschluss werden wir uns so schnell wie m\u00f6glich bei Ihnen melden und insbesondere das weitere Vorgehen mit Ihnen besprechen. Mithilfe unseres Kontaktformulars k\u00f6nnen Sie uns Ihr Anliegen schildern und gleichzeitig etwaige Unterlagen zur Bearbeitung Ihres Anliegens sowie Ihre pers\u00f6nlichen Kontaktdaten \u00fcbersenden. In der Regel erhalten Sie innerhalb von 24 Stunden eine R\u00fcckmeldung&hellip;","_links":{"self":[{"href":"https:\/\/topuz-law.de\/en_gb\/wp-json\/wp\/v2\/pages\/1977","targetHints":{"allow":["GET"]}}],"collection":[{"href":"https:\/\/topuz-law.de\/en_gb\/wp-json\/wp\/v2\/pages"}],"about":[{"href":"https:\/\/topuz-law.de\/en_gb\/wp-json\/wp\/v2\/types\/page"}],"author":[{"embeddable":true,"href":"https:\/\/topuz-law.de\/en_gb\/wp-json\/wp\/v2\/users\/1"}],"replies":[{"embeddable":true,"href":"https:\/\/topuz-law.de\/en_gb\/wp-json\/wp\/v2\/comments?post=1977"}],"version-history":[{"count":0,"href":"https:\/\/topuz-law.de\/en_gb\/wp-json\/wp\/v2\/pages\/1977\/revisions"}],"wp:featuredmedia":[{"embeddable":true,"href":"https:\/\/topuz-law.de\/en_gb\/wp-json\/wp\/v2\/media\/16135"}],"wp:attachment":[{"href":"https:\/\/topuz-law.de\/en_gb\/wp-json\/wp\/v2\/media?parent=1977"}],"curies":[{"name":"wp","href":"https:\/\/api.w.org\/{rel}","templated":true}]}}