{"id":2754,"date":"2016-09-02T10:17:00","date_gmt":"2016-09-02T10:17:00","guid":{"rendered":"http:\/\/demo.goodlayers.com\/realfactory\/?page_id=2754"},"modified":"2025-07-21T09:47:25","modified_gmt":"2025-07-21T07:47:25","slug":"impressum","status":"publish","type":"page","link":"https:\/\/topuz-law.de\/en_gb\/impressum\/","title":{"rendered":"Imprint"},"content":{"rendered":"<div class=\"wp-block-uagb-container uagb-block-807048a4 default uagb-is-root-container\">\n<h1 class=\"wp-block-heading\" id=\"h-impressum\">Imprint<\/h1>\n\n\n\n<h2 class=\"wp-block-heading\" id=\"h-rechtliche-hinweise-topuz-law\">Legal Notices - Topuz Law<\/h2>\n\n\n\n<h3 class=\"wp-block-heading\" id=\"h-kontakt\">Contact<\/h3>\n\n\n\n<p>E-Mail: info@topuz-law.de<br>Tel.: +49 211 43637831<br>Fax: +49 211 94259339<\/p>\n\n\n\n<h3 class=\"wp-block-heading\" id=\"h-anschrift\">Address<\/h3>\n\n\n\n<p>Topuz Law<br>Lawyer Tolga Topuz<br>Parkstra\u00dfe 22<br>40477 D\u00fcsseldorf<br>Germany<\/p>\n\n\n\n<h3 class=\"wp-block-heading\" id=\"h-informationen\">Informations<\/h3>\n\n\n\n<p><strong>Occupational Title:<\/strong><br>Lawyer<\/p>\n\n\n\n<p><strong>Competent chamber\/supervisory authority:<\/strong><br>D\u00fcsseldorf Bar Association, corporation under public law, Freiligrathstra\u00dfe 25, 40479 D\u00fcsseldorf, <a href=\"http:\/\/www.rak-dus.de\">www.rak-dus.de<\/a><\/p>\n\n\n\n<p><strong>Awarded in:<\/strong><br>Germany<\/p>\n\n\n\n<p><strong>The following occupational regulations apply:<\/strong><\/p>\n\n\n\n<p>Federal Lawyers' Act (BRAO)<br>Professional Code of Conduct for Lawyers (BORA)<br>Specialist Lawyers Ordinance (FAO)<br>Lawyers' Fees Act (RVG)<br>Professional Code of Conduct of the European Community (CCBE)<br>Act on the Activities of European Lawyers in Germany (EuRAG)<\/p>\n\n\n\n<p>Regulations can be viewed at:<br><a href=\"https:\/\/brak.de\/fuer-anwaelte\/berufsrecht\/#tdg\">https:\/\/brak.de\/fuer-anwaelte\/berufsrecht\/#tdg<\/a><\/p>\n\n\n\n<p><strong>VAT identification number according to section 27 a UStG:<\/strong><br>DE362946119<\/p>\n\n\n\n<p><strong>Professional indemnity insurance:<br><\/strong>Professional liability insurance in accordance with section 51 BRAO is in place with the following insurance company:<br>HDI Versicherung AG, 30650 Hannover<\/p>\n\n\n\n<p class=\"translation-block\"><strong>Information pursuant to Section 36 of the German Consumer Dispute Resolution Act (VSBG):<br><\/strong>The responsible consumer dispute resolution centre in Germany for property disputes arising from a client relationship is the arbitration centre of the legal profession (\u201e<a href=\"http:\/\/www.schlichtungsstelle-der-rechtsanwaltschaft.de\" target=\"_self\">www.schlichtungsstelle-der-rechtsanwaltschaft.de<\/a>\u201c, Rauchstra\u00dfe 26, 10787 Berlin).<\/p>\n\n\n\n<p>Like all lawyers, Topuz Law is not obliged to participate in dispute resolution proceedings before a consumer arbitration board. Topuz Law is also not prepared to participate in such proceedings.<\/p>\n\n\n\n<p><strong>Responsible for journalistic-editorial content:<\/strong><br>Lawyer Tolga Topuz, Parkstra\u00dfe 22, 40477 D\u00fcsseldorf, Deutschland<\/p>\n\n\n\n<p><strong>Liability for links:<\/strong><br>Insofar as this website refers to external websites by means of links, Topuz Law accepts no liability for the content of these websites.<\/p>\n<\/div>","protected":false},"excerpt":{"rendered":"<p>Impressum Rechtliche Hinweise \u2013 Topuz Law Kontakt E-Mail: info@topuz-law.deTel.: +49 211 43637831Fax: +49 211 94259339 Anschrift Topuz LawRechtsanwalt Tolga TopuzParkstra\u00dfe 2240477 D\u00fcsseldorfDeutschland Informationen Berufsbezeichnung:Rechtsanwalt Zust\u00e4ndige Kammer\/ Aufsichtsbeh\u00f6rde:Rechtsanwaltskammer D\u00fcsseldorf, K\u00f6rperschaft des \u00f6ffentlichen Rechts, Freiligrathstra\u00dfe 25, 40479 D\u00fcsseldorf, www.rak-dus.de Verliehen in:Deutschland Es gelten folgende berufsrechtliche Regelungen: Bundesrechtsanwaltsordnung (BRAO)Berufsordnung f\u00fcr Rechtsanw\u00e4lte (BORA)Fachanwaltsordnung (FAO)Rechtsanwaltsverg\u00fctungsgesetz (RVG)Berufsregeln der Europ\u00e4ischen Gemeinschaft (CCBE)Gesetz [&hellip;]<\/p>\n","protected":false},"author":1,"featured_media":0,"parent":0,"menu_order":0,"comment_status":"closed","ping_status":"closed","template":"","meta":{"_uag_custom_page_level_css":"","site-sidebar-layout":"default","site-content-layout":"","ast-site-content-layout":"","site-content-style":"default","site-sidebar-style":"default","ast-global-header-display":"","ast-banner-title-visibility":"","ast-main-header-display":"","ast-hfb-above-header-display":"","ast-hfb-below-header-display":"","ast-hfb-mobile-header-display":"","site-post-title":"disabled","ast-breadcrumbs-content":"","ast-featured-img":"","footer-sml-layout":"","ast-disable-related-posts":"","theme-transparent-header-meta":"","adv-header-id-meta":"","stick-header-meta":"","header-above-stick-meta":"","header-main-stick-meta":"","header-below-stick-meta":"","astra-migrate-meta-layouts":"default","ast-page-background-enabled":"default","ast-page-background-meta":{"desktop":{"background-color":"var(--ast-global-color-5)","background-image":"","background-repeat":"repeat","background-position":"center center","background-size":"auto","background-attachment":"scroll","background-type":"","background-media":"","overlay-type":"","overlay-color":"","overlay-opacity":"","overlay-gradient":""},"tablet":{"background-color":"","background-image":"","background-repeat":"repeat","background-position":"center center","background-size":"auto","background-attachment":"scroll","background-type":"","background-media":"","overlay-type":"","overlay-color":"","overlay-opacity":"","overlay-gradient":""},"mobile":{"background-color":"","background-image":"","background-repeat":"repeat","background-position":"center center","background-size":"auto","background-attachment":"scroll","background-type":"","background-media":"","overlay-type":"","overlay-color":"","overlay-opacity":"","overlay-gradient":""}},"ast-content-background-meta":{"desktop":{"background-color":"var(--ast-global-color-4)","background-image":"","background-repeat":"repeat","background-position":"center center","background-size":"auto","background-attachment":"scroll","background-type":"","background-media":"","overlay-type":"","overlay-color":"","overlay-opacity":"","overlay-gradient":""},"tablet":{"background-color":"var(--ast-global-color-4)","background-image":"","background-repeat":"repeat","background-position":"center center","background-size":"auto","background-attachment":"scroll","background-type":"","background-media":"","overlay-type":"","overlay-color":"","overlay-opacity":"","overlay-gradient":""},"mobile":{"background-color":"var(--ast-global-color-4)","background-image":"","background-repeat":"repeat","background-position":"center center","background-size":"auto","background-attachment":"scroll","background-type":"","background-media":"","overlay-type":"","overlay-color":"","overlay-opacity":"","overlay-gradient":""}},"footnotes":""},"class_list":["post-2754","page","type-page","status-publish","hentry"],"yoast_head":"<!-- This site is optimized with the Yoast SEO Premium plugin v27.4 (Yoast SEO v27.4) - https:\/\/yoast.com\/product\/yoast-seo-premium-wordpress\/ -->\n<title>Impressum - Topuz Law<\/title>\n<meta name=\"description\" content=\"Topuz Law, Rechtsanwalt Tolga Topuz, Parkstra\u00dfe 22, 40477 D\u00fcsseldorf, E-Mail: \u201einfo@topuz-law.de\u201c, Tel.: +49 211 43637831\" \/>\n<meta name=\"robots\" content=\"index, follow, max-snippet:-1, max-image-preview:large, max-video-preview:-1\" \/>\n<link rel=\"canonical\" href=\"https:\/\/topuz-law.de\/en_gb\/impressum\/\" \/>\n<meta property=\"og:locale\" content=\"en_GB\" \/>\n<meta property=\"og:type\" content=\"article\" \/>\n<meta property=\"og:title\" content=\"Impressum\" \/>\n<meta property=\"og:description\" content=\"Topuz Law, Rechtsanwalt Tolga Topuz, Parkstra\u00dfe 22, 40477 D\u00fcsseldorf, E-Mail: \u201einfo@topuz-law.de\u201c, Tel.: +49 211 43637831, ...\" \/>\n<meta property=\"og:url\" content=\"https:\/\/topuz-law.de\/en_gb\/impressum\/\" \/>\n<meta property=\"og:site_name\" content=\"Topuz Law\" \/>\n<meta property=\"article:publisher\" content=\"https:\/\/www.facebook.com\/profile.php?id=61558419758393&amp;locale=de_DE\" \/>\n<meta property=\"article:modified_time\" content=\"2025-07-21T07:47:25+00:00\" \/>\n<meta property=\"og:image\" content=\"https:\/\/topuz-law.de\/wp-content\/uploads\/2019\/02\/city-5314086-min-scaled.jpg\" \/>\n\t<meta property=\"og:image:width\" content=\"2560\" \/>\n\t<meta property=\"og:image:height\" content=\"1707\" \/>\n\t<meta property=\"og:image:type\" content=\"image\/jpeg\" \/>\n<meta name=\"twitter:card\" content=\"summary_large_image\" \/>\n<meta name=\"twitter:label1\" content=\"Estimated reading time\" \/>\n\t<meta name=\"twitter:data1\" content=\"2 minutes\" \/>\n<script type=\"application\/ld+json\" class=\"yoast-schema-graph\">{\"@context\":\"https:\\\/\\\/schema.org\",\"@graph\":[{\"@type\":\"WebPage\",\"@id\":\"https:\\\/\\\/topuz-law.de\\\/impressum\\\/\",\"url\":\"https:\\\/\\\/topuz-law.de\\\/impressum\\\/\",\"name\":\"Impressum - Topuz Law\",\"isPartOf\":{\"@id\":\"https:\\\/\\\/topuz-law.de\\\/#website\"},\"datePublished\":\"2016-09-02T10:17:00+00:00\",\"dateModified\":\"2025-07-21T07:47:25+00:00\",\"description\":\"Topuz Law, Rechtsanwalt Tolga Topuz, Parkstra\u00dfe 22, 40477 D\u00fcsseldorf, E-Mail: \u201einfo@topuz-law.de\u201c, Tel.: +49 211 43637831\",\"breadcrumb\":{\"@id\":\"https:\\\/\\\/topuz-law.de\\\/impressum\\\/#breadcrumb\"},\"inLanguage\":\"en-GB\",\"potentialAction\":[{\"@type\":\"ReadAction\",\"target\":[\"https:\\\/\\\/topuz-law.de\\\/impressum\\\/\"]}]},{\"@type\":\"BreadcrumbList\",\"@id\":\"https:\\\/\\\/topuz-law.de\\\/impressum\\\/#breadcrumb\",\"itemListElement\":[{\"@type\":\"ListItem\",\"position\":1,\"name\":\"Startseite\",\"item\":\"https:\\\/\\\/topuz-law.de\\\/\"},{\"@type\":\"ListItem\",\"position\":2,\"name\":\"Impressum\"}]},{\"@type\":\"WebSite\",\"@id\":\"https:\\\/\\\/topuz-law.de\\\/#website\",\"url\":\"https:\\\/\\\/topuz-law.de\\\/\",\"name\":\"Topuz Law\",\"description\":\"Kanzlei aus D\u00fcsseldorf\",\"publisher\":{\"@id\":\"https:\\\/\\\/topuz-law.de\\\/#organization\"},\"potentialAction\":[{\"@type\":\"SearchAction\",\"target\":{\"@type\":\"EntryPoint\",\"urlTemplate\":\"https:\\\/\\\/topuz-law.de\\\/?s={search_term_string}\"},\"query-input\":{\"@type\":\"PropertyValueSpecification\",\"valueRequired\":true,\"valueName\":\"search_term_string\"}}],\"inLanguage\":\"en-GB\"},{\"@type\":\"Organization\",\"@id\":\"https:\\\/\\\/topuz-law.de\\\/#organization\",\"name\":\"Topuz Law\",\"url\":\"https:\\\/\\\/topuz-law.de\\\/\",\"logo\":{\"@type\":\"ImageObject\",\"inLanguage\":\"en-GB\",\"@id\":\"https:\\\/\\\/topuz-law.de\\\/#\\\/schema\\\/logo\\\/image\\\/\",\"url\":\"https:\\\/\\\/topuz-law.de\\\/wp-content\\\/uploads\\\/2023\\\/10\\\/original_-_Kopie-removebg-preview.png\",\"contentUrl\":\"https:\\\/\\\/topuz-law.de\\\/wp-content\\\/uploads\\\/2023\\\/10\\\/original_-_Kopie-removebg-preview.png\",\"width\":419,\"height\":475,\"caption\":\"Topuz Law\"},\"image\":{\"@id\":\"https:\\\/\\\/topuz-law.de\\\/#\\\/schema\\\/logo\\\/image\\\/\"},\"sameAs\":[\"https:\\\/\\\/www.facebook.com\\\/profile.php?id=61558419758393&locale=de_DE\",\"https:\\\/\\\/www.linkedin.com\\\/company\\\/98966869\\\/\"],\"description\":\"Rechtsanwaltskanzlei mit Sitz in D\u00fcsseldorf. Spezialisiert auf das Handels- und Gesellschaftsrecht, allgemeines Zivilrecht, Prozessf\u00fchrung, Arbeitsrecht und Strafrecht.\",\"email\":\"info@topuz-law.de\",\"telephone\":\"021143637831\",\"legalName\":\"Kanzlei Topuz Law, Rechtsanwalt Tolga Topuz\",\"foundingDate\":\"2023-05-01\",\"vatID\":\"DE362946119\",\"numberOfEmployees\":{\"@type\":\"QuantitativeValue\",\"minValue\":\"1\",\"maxValue\":\"10\"}}]}<\/script>\n<!-- \/ Yoast SEO Premium plugin. -->","yoast_head_json":{"title":"Impressum - Topuz Law","description":"Topuz Law, Rechtsanwalt Tolga Topuz, Parkstra\u00dfe 22, 40477 D\u00fcsseldorf, E-Mail: \u201einfo@topuz-law.de\u201c, Tel.: +49 211 43637831","robots":{"index":"index","follow":"follow","max-snippet":"max-snippet:-1","max-image-preview":"max-image-preview:large","max-video-preview":"max-video-preview:-1"},"canonical":"https:\/\/topuz-law.de\/en_gb\/impressum\/","og_locale":"en_GB","og_type":"article","og_title":"Impressum","og_description":"Topuz Law, Rechtsanwalt Tolga Topuz, Parkstra\u00dfe 22, 40477 D\u00fcsseldorf, E-Mail: \u201einfo@topuz-law.de\u201c, Tel.: +49 211 43637831, ...","og_url":"https:\/\/topuz-law.de\/en_gb\/impressum\/","og_site_name":"Topuz Law","article_publisher":"https:\/\/www.facebook.com\/profile.php?id=61558419758393&locale=de_DE","article_modified_time":"2025-07-21T07:47:25+00:00","og_image":[{"width":2560,"height":1707,"url":"https:\/\/topuz-law.de\/wp-content\/uploads\/2019\/02\/city-5314086-min-scaled.jpg","type":"image\/jpeg"}],"twitter_card":"summary_large_image","twitter_misc":{"Estimated reading time":"2 minutes"},"schema":{"@context":"https:\/\/schema.org","@graph":[{"@type":"WebPage","@id":"https:\/\/topuz-law.de\/impressum\/","url":"https:\/\/topuz-law.de\/impressum\/","name":"Impressum - Topuz Law","isPartOf":{"@id":"https:\/\/topuz-law.de\/#website"},"datePublished":"2016-09-02T10:17:00+00:00","dateModified":"2025-07-21T07:47:25+00:00","description":"Topuz Law, Rechtsanwalt Tolga Topuz, Parkstra\u00dfe 22, 40477 D\u00fcsseldorf, E-Mail: \u201einfo@topuz-law.de\u201c, Tel.: +49 211 43637831","breadcrumb":{"@id":"https:\/\/topuz-law.de\/impressum\/#breadcrumb"},"inLanguage":"en-GB","potentialAction":[{"@type":"ReadAction","target":["https:\/\/topuz-law.de\/impressum\/"]}]},{"@type":"BreadcrumbList","@id":"https:\/\/topuz-law.de\/impressum\/#breadcrumb","itemListElement":[{"@type":"ListItem","position":1,"name":"Startseite","item":"https:\/\/topuz-law.de\/"},{"@type":"ListItem","position":2,"name":"Impressum"}]},{"@type":"WebSite","@id":"https:\/\/topuz-law.de\/#website","url":"https:\/\/topuz-law.de\/","name":"Topuz Law","description":"Law Firm from D\u00fcsseldorf","publisher":{"@id":"https:\/\/topuz-law.de\/#organization"},"potentialAction":[{"@type":"SearchAction","target":{"@type":"EntryPoint","urlTemplate":"https:\/\/topuz-law.de\/?s={search_term_string}"},"query-input":{"@type":"PropertyValueSpecification","valueRequired":true,"valueName":"search_term_string"}}],"inLanguage":"en-GB"},{"@type":"Organization","@id":"https:\/\/topuz-law.de\/#organization","name":"Topuz Law","url":"https:\/\/topuz-law.de\/","logo":{"@type":"ImageObject","inLanguage":"en-GB","@id":"https:\/\/topuz-law.de\/#\/schema\/logo\/image\/","url":"https:\/\/topuz-law.de\/wp-content\/uploads\/2023\/10\/original_-_Kopie-removebg-preview.png","contentUrl":"https:\/\/topuz-law.de\/wp-content\/uploads\/2023\/10\/original_-_Kopie-removebg-preview.png","width":419,"height":475,"caption":"Topuz Law"},"image":{"@id":"https:\/\/topuz-law.de\/#\/schema\/logo\/image\/"},"sameAs":["https:\/\/www.facebook.com\/profile.php?id=61558419758393&locale=de_DE","https:\/\/www.linkedin.com\/company\/98966869\/"],"description":"Rechtsanwaltskanzlei mit Sitz in D\u00fcsseldorf. Spezialisiert auf das Handels- und Gesellschaftsrecht, allgemeines Zivilrecht, Prozessf\u00fchrung, Arbeitsrecht und Strafrecht.","email":"info@topuz-law.de","telephone":"021143637831","legalName":"Kanzlei Topuz Law, Rechtsanwalt Tolga Topuz","foundingDate":"2023-05-01","vatID":"DE362946119","numberOfEmployees":{"@type":"QuantitativeValue","minValue":"1","maxValue":"10"}}]}},"uagb_featured_image_src":{"full":false,"thumbnail":false,"medium":false,"medium_large":false,"large":false,"1536x1536":false,"2048x2048":false,"trp-custom-language-flag":false},"uagb_author_info":{"display_name":"admin","author_link":"https:\/\/topuz-law.de\/en_gb\/author\/admin\/"},"uagb_comment_info":0,"uagb_excerpt":"Impressum Rechtliche Hinweise \u2013 Topuz Law Kontakt E-Mail: info@topuz-law.deTel.: +49 211 43637831Fax: +49 211 94259339 Anschrift Topuz LawRechtsanwalt Tolga TopuzParkstra\u00dfe 2240477 D\u00fcsseldorfDeutschland Informationen Berufsbezeichnung:Rechtsanwalt Zust\u00e4ndige Kammer\/ Aufsichtsbeh\u00f6rde:Rechtsanwaltskammer D\u00fcsseldorf, K\u00f6rperschaft des \u00f6ffentlichen Rechts, Freiligrathstra\u00dfe 25, 40479 D\u00fcsseldorf, www.rak-dus.de Verliehen in:Deutschland Es gelten folgende berufsrechtliche Regelungen: Bundesrechtsanwaltsordnung (BRAO)Berufsordnung f\u00fcr Rechtsanw\u00e4lte (BORA)Fachanwaltsordnung (FAO)Rechtsanwaltsverg\u00fctungsgesetz (RVG)Berufsregeln der Europ\u00e4ischen Gemeinschaft (CCBE)Gesetz&hellip;","_links":{"self":[{"href":"https:\/\/topuz-law.de\/en_gb\/wp-json\/wp\/v2\/pages\/2754","targetHints":{"allow":["GET"]}}],"collection":[{"href":"https:\/\/topuz-law.de\/en_gb\/wp-json\/wp\/v2\/pages"}],"about":[{"href":"https:\/\/topuz-law.de\/en_gb\/wp-json\/wp\/v2\/types\/page"}],"author":[{"embeddable":true,"href":"https:\/\/topuz-law.de\/en_gb\/wp-json\/wp\/v2\/users\/1"}],"replies":[{"embeddable":true,"href":"https:\/\/topuz-law.de\/en_gb\/wp-json\/wp\/v2\/comments?post=2754"}],"version-history":[{"count":0,"href":"https:\/\/topuz-law.de\/en_gb\/wp-json\/wp\/v2\/pages\/2754\/revisions"}],"wp:attachment":[{"href":"https:\/\/topuz-law.de\/en_gb\/wp-json\/wp\/v2\/media?parent=2754"}],"curies":[{"name":"wp","href":"https:\/\/api.w.org\/{rel}","templated":true}]}}