{"id":5840,"date":"2019-02-21T09:15:08","date_gmt":"2019-02-21T09:15:08","guid":{"rendered":"https:\/\/demo.goodlayers.com\/attorna\/?page_id=5840"},"modified":"2026-04-02T19:39:07","modified_gmt":"2026-04-02T17:39:07","slug":"ueber-uns","status":"publish","type":"page","link":"https:\/\/topuz-law.de\/en_gb\/ueber-uns\/","title":{"rendered":"About Topuz Law"},"content":{"rendered":"<div class=\"wp-block-uagb-container uagb-block-c1620bda default uagb-is-root-container\">\n<h1 class=\"wp-block-heading has-text-align-center has-ast-global-color-4-color has-text-color has-link-color has-x-large-font-size wp-elements-01eccb6dc949c13dd1f7305a7e31750a\" id=\"h-unsere-kanzlei\">Our Law Firm<\/h1>\n<\/div>\n\n\n\n<div class=\"wp-block-uagb-container uagb-block-b9446b6f default uagb-is-root-container\">\n<h2 class=\"wp-block-heading\" id=\"h-uber-topuz-law\">About Topuz Law<\/h2>\n\n\n\n<p>Topuz Law was founded on the founder's vision of offering private individuals and companies of all sizes a trustworthy point of contact for legal issues. Topuz Law was founded on the conviction that committed and competent legal advice is of existential importance to our clients. This is also the standard we set ourselves.<\/p>\n\n\n\n<p>This website is intended to give you the opportunity to get to know our law firm better. We hope, of course, that you will find all the information you need here and that you will contact us in the future.<\/p>\n\n\n\n<h2 class=\"wp-block-heading\" id=\"h-warum-wahlen-mich-meine-mandanten\">Why do my clients choose me?<\/h2>\n\n\n\n<p>Clients choose me for my in-depth expertise, customised solutions and personal support. As a lawyer, it is part of my identity to understand your needs and to represent your interests and rights with passion and dedication. I see my work not just as a profession, but as a vocation. Part of my understanding as a lawyer is to be able to speak \"plain language\" and not give false hope. This applies regardless of whether I may \"miss out\" on a billable mandate as a result.<\/p>\n<\/div>\n\n\n\n<div class=\"wp-block-uagb-container uagb-block-a3764465 default uagb-is-root-container\">\n<div class=\"wp-block-uagb-container uagb-block-6f73a94c\">\n<figure class=\"wp-block-image\"><img decoding=\"async\" src=\"https:\/\/topuz-law.de\/wp-content\/uploads\/2019\/02\/tolgatopz-1.jpg\" alt=\"\"\/><\/figure>\n\n\n\n<div class=\"wp-block-uagb-advanced-heading uagb-block-1c47c795\"><h2 class=\"uagb-heading-text translation-block\">Tolga Topuz<br>Lawyer<\/h2><\/div>\n\n\n\n<p><strong>E-Mail:&nbsp;&nbsp;&nbsp; info@topuz-law.de<\/strong><br><strong>Telefon:&nbsp;+49 211 43637831<\/strong><br><strong>Fax:&nbsp;&nbsp;&nbsp;&nbsp;&nbsp;&nbsp;&nbsp; +49 211 94259339<\/strong><\/p>\n<\/div>\n\n\n\n<div class=\"wp-block-uagb-container uagb-block-7bf1ab30\">\n<h2 class=\"wp-block-heading\">Biography<\/h2>\n\n\n\n<p>The founder of the law firm became interested in a career as a lawyer at a young age. While still at school, he completed a several-week internship at a law firm in his hometown. From then on, he was fascinated by law. The founder of the law firm set the course for his legal career very early on. The founder's commitment to his studies culminated in him graduating from high school in 2014 as the best in his class.<\/p>\n\n\n\n<p>Nach dem Abitur f\u00fchrte ihn sein Weg zur Ruhr-Universit\u00e4t Bochum, wo dieser ein Studium der Rechtswissenschaften aufnahm. In dieser Zeit engagierte sich der Kanzleigr\u00fcnder \u2013&nbsp;unter&nbsp;anderem\u2013 auch im Fachschaftsrat der juristischen Fakult\u00e4t. Das erste juristische Staatsexamen schloss Herr Topuz mit weit \u00fcberdurchschnittlichen Noten ab. Anschlie\u00dfend trat er am Landgericht Bochum den juristischen Vorbereitungsdienst (Referendariat), mit Stationen bei der Finanzverwaltung NRW sowie bei der international t\u00e4tigen Gro\u00dfkanzlei \u201eLuther\u201c in Essen an.<\/p>\n\n\n\n<p>In 2022, Mr Topuz completed his second state law examination with grades well above average. He then took up a position at the large law firm \u2018Heuking K\u00fchn L\u00fcer Wojtek\u2019 in D\u00fcsseldorf and was admitted to the bar by the D\u00fcsseldorf Bar Association.<\/p>\n\n\n\n<p>In 2023, Mr Topuz decided to set up his own law firm in order to advise and represent his own clients independently and freely as an ideal lawyer.<\/p>\n<\/div>\n<\/div>\n\n\n\n<div class=\"wp-block-uagb-container uagb-block-f8aaca8a default uagb-is-root-container\">\n<h2 class=\"wp-block-heading\" id=\"h-beratungsschwerpunkte\">Consultancy Focus<\/h2>\n\n\n\n<ul class=\"wp-block-list\">\n<li>Commercial Law<\/li>\n\n\n\n<li>Corporate Law<\/li>\n\n\n\n<li>General Civil Law<\/li>\n\n\n\n<li>Litigation<\/li>\n\n\n\n<li>Private Clients<\/li>\n\n\n\n<li>Labour Law<\/li>\n\n\n\n<li>Criminal Law<\/li>\n<\/ul>\n\n\n\n<h2 class=\"wp-block-heading\">Education and Professional Career<\/h2>\n\n\n\n<p class=\"translation-block\">2014 \u2013 Completion of high school diploma (top of class)<\/p>\n\n\n\n<p class=\"translation-block\">2014 \u2013 Started studying law at Ruhr University Bochum<\/p>\n\n\n\n<p class=\"translation-block\">2019\/2020 \u2013 Passed the first state law examination<\/p>\n\n\n\n<p><strong>2020 \u2013<\/strong>\u00a0Aufnahme in den juristischen Vorbereitungsdienst am Landgericht Bochum, mit Stationen bei der <strong>Finanzverwaltung <\/strong>sowie bei der\u00a0<strong>Major Law Firm<\/strong>\u00a0\u201e<a href=\"https:\/\/www.luther-lawfirm.com\/home\"><strong>Luther<\/strong><\/a>\u201c<\/p>\n\n\n\n<p class=\"translation-block\">2022 \u2013 Passing the second state law examination<\/p>\n\n\n\n<p><strong>2022\/2023 \u2013<\/strong>\u00a0Admission as a lawyer by the D\u00fcsseldorf Bar Association<\/p>\n\n\n\n<p><strong><strong>2022\/2023<\/strong> \u2013<\/strong>\u00a0Aufnahme T\u00e4tigkeit als angestellter Rechtsanwalt bei der\u00a0<strong>Major Law Firm<\/strong>\u00a0\u201e<a href=\"https:\/\/www.heuking.de\/de\/home.html\"><strong>Heuking\u00a0K\u00fchn\u00a0L\u00fcer\u00a0Wojtek<\/strong><\/a>\u201c in D\u00fcsseldorf<\/p>\n\n\n\n<p class=\"translation-block\">2023 \u2013 Founding of the law firm Topuz Law in D\u00fcsseldorf<\/p>\n<\/div>","protected":false},"excerpt":{"rendered":"<p>Unsere Kanzlei \u00dcber Topuz Law Topuz Law wurde aus der Vision des Gr\u00fcnders heraus gegr\u00fcndet, Privatpersonen sowie Unternehmen jeder Gr\u00f6\u00dfenklasse eine vertrauensw\u00fcrdige Anlaufstelle bei juristischen Fragestellungen zu bieten. Die Gr\u00fcndung von Topuz Law fu\u00dft auf der \u00dcberzeugung, dass engagierte und kompetente Rechtsberatung f\u00fcr unsere Mandanten von existenzieller Bedeutung ist. Hieran messen wir auch den Anspruch [&hellip;]<\/p>\n","protected":false},"author":1,"featured_media":0,"parent":0,"menu_order":0,"comment_status":"closed","ping_status":"closed","template":"","meta":{"_uag_custom_page_level_css":"","site-sidebar-layout":"default","site-content-layout":"","ast-site-content-layout":"","site-content-style":"default","site-sidebar-style":"default","ast-global-header-display":"","ast-banner-title-visibility":"","ast-main-header-display":"","ast-hfb-above-header-display":"","ast-hfb-below-header-display":"","ast-hfb-mobile-header-display":"","site-post-title":"disabled","ast-breadcrumbs-content":"","ast-featured-img":"","footer-sml-layout":"","ast-disable-related-posts":"","theme-transparent-header-meta":"","adv-header-id-meta":"","stick-header-meta":"","header-above-stick-meta":"","header-main-stick-meta":"","header-below-stick-meta":"","astra-migrate-meta-layouts":"default","ast-page-background-enabled":"default","ast-page-background-meta":{"desktop":{"background-color":"var(--ast-global-color-5)","background-image":"","background-repeat":"repeat","background-position":"center center","background-size":"auto","background-attachment":"scroll","background-type":"","background-media":"","overlay-type":"","overlay-color":"","overlay-opacity":"","overlay-gradient":""},"tablet":{"background-color":"","background-image":"","background-repeat":"repeat","background-position":"center center","background-size":"auto","background-attachment":"scroll","background-type":"","background-media":"","overlay-type":"","overlay-color":"","overlay-opacity":"","overlay-gradient":""},"mobile":{"background-color":"","background-image":"","background-repeat":"repeat","background-position":"center center","background-size":"auto","background-attachment":"scroll","background-type":"","background-media":"","overlay-type":"","overlay-color":"","overlay-opacity":"","overlay-gradient":""}},"ast-content-background-meta":{"desktop":{"background-color":"var(--ast-global-color-4)","background-image":"","background-repeat":"repeat","background-position":"center center","background-size":"auto","background-attachment":"scroll","background-type":"","background-media":"","overlay-type":"","overlay-color":"","overlay-opacity":"","overlay-gradient":""},"tablet":{"background-color":"var(--ast-global-color-4)","background-image":"","background-repeat":"repeat","background-position":"center center","background-size":"auto","background-attachment":"scroll","background-type":"","background-media":"","overlay-type":"","overlay-color":"","overlay-opacity":"","overlay-gradient":""},"mobile":{"background-color":"var(--ast-global-color-4)","background-image":"","background-repeat":"repeat","background-position":"center center","background-size":"auto","background-attachment":"scroll","background-type":"","background-media":"","overlay-type":"","overlay-color":"","overlay-opacity":"","overlay-gradient":""}},"footnotes":""},"class_list":["post-5840","page","type-page","status-publish","hentry"],"yoast_head":"<!-- This site is optimized with the Yoast SEO Premium plugin v27.3 (Yoast SEO v27.3) - https:\/\/yoast.com\/product\/yoast-seo-premium-wordpress\/ -->\n<title>\u00dcber Topuz Law<\/title>\n<meta name=\"description\" content=\"\u00dcber uns als Kanzlei ist Folgendes festzuhalten: Topuz Law wurde aus der Vision des Gr\u00fcnders heraus gegr\u00fcndet, Privatpersonen sowie ...\" \/>\n<meta name=\"robots\" content=\"index, follow, max-snippet:-1, max-image-preview:large, max-video-preview:-1\" \/>\n<link rel=\"canonical\" href=\"https:\/\/topuz-law.de\/en_gb\/ueber-uns\/\" \/>\n<meta property=\"og:locale\" content=\"en_GB\" \/>\n<meta property=\"og:type\" content=\"article\" \/>\n<meta property=\"og:title\" content=\"\u00dcber Topuz Law\" \/>\n<meta property=\"og:description\" content=\"\u00dcber uns als Kanzlei ist Folgendes festzuhalten: Topuz Law wurde aus der Vision des Gr\u00fcnders heraus gegr\u00fcndet, Privatpersonen sowie ...\" \/>\n<meta property=\"og:url\" content=\"https:\/\/topuz-law.de\/en_gb\/ueber-uns\/\" \/>\n<meta property=\"og:site_name\" content=\"Topuz Law\" \/>\n<meta property=\"article:publisher\" content=\"https:\/\/www.facebook.com\/profile.php?id=61558419758393&amp;locale=de_DE\" \/>\n<meta property=\"article:modified_time\" content=\"2026-04-02T17:39:07+00:00\" \/>\n<meta property=\"og:image\" content=\"https:\/\/topuz-law.de\/wp-content\/uploads\/2019\/02\/tolgatopz-1.jpg\" \/>\n<meta name=\"twitter:card\" content=\"summary_large_image\" \/>\n<meta name=\"twitter:label1\" content=\"Estimated reading time\" \/>\n\t<meta name=\"twitter:data1\" content=\"3 minutes\" \/>\n<script type=\"application\/ld+json\" class=\"yoast-schema-graph\">{\"@context\":\"https:\\\/\\\/schema.org\",\"@graph\":[{\"@type\":\"WebPage\",\"@id\":\"https:\\\/\\\/topuz-law.de\\\/ueber-uns\\\/\",\"url\":\"https:\\\/\\\/topuz-law.de\\\/ueber-uns\\\/\",\"name\":\"\u00dcber Topuz Law\",\"isPartOf\":{\"@id\":\"https:\\\/\\\/topuz-law.de\\\/#website\"},\"primaryImageOfPage\":{\"@id\":\"https:\\\/\\\/topuz-law.de\\\/ueber-uns\\\/#primaryimage\"},\"image\":{\"@id\":\"https:\\\/\\\/topuz-law.de\\\/ueber-uns\\\/#primaryimage\"},\"thumbnailUrl\":\"https:\\\/\\\/topuz-law.de\\\/wp-content\\\/uploads\\\/2019\\\/02\\\/tolgatopz-1.jpg\",\"datePublished\":\"2019-02-21T09:15:08+00:00\",\"dateModified\":\"2026-04-02T17:39:07+00:00\",\"description\":\"\u00dcber uns als Kanzlei ist Folgendes festzuhalten: Topuz Law wurde aus der Vision des Gr\u00fcnders heraus gegr\u00fcndet, Privatpersonen sowie ...\",\"breadcrumb\":{\"@id\":\"https:\\\/\\\/topuz-law.de\\\/ueber-uns\\\/#breadcrumb\"},\"inLanguage\":\"en-GB\",\"potentialAction\":[{\"@type\":\"ReadAction\",\"target\":[\"https:\\\/\\\/topuz-law.de\\\/ueber-uns\\\/\"]}]},{\"@type\":\"ImageObject\",\"inLanguage\":\"en-GB\",\"@id\":\"https:\\\/\\\/topuz-law.de\\\/ueber-uns\\\/#primaryimage\",\"url\":\"https:\\\/\\\/topuz-law.de\\\/wp-content\\\/uploads\\\/2019\\\/02\\\/tolgatopz-1.jpg\",\"contentUrl\":\"https:\\\/\\\/topuz-law.de\\\/wp-content\\\/uploads\\\/2019\\\/02\\\/tolgatopz-1.jpg\"},{\"@type\":\"BreadcrumbList\",\"@id\":\"https:\\\/\\\/topuz-law.de\\\/ueber-uns\\\/#breadcrumb\",\"itemListElement\":[{\"@type\":\"ListItem\",\"position\":1,\"name\":\"Startseite\",\"item\":\"https:\\\/\\\/topuz-law.de\\\/\"},{\"@type\":\"ListItem\",\"position\":2,\"name\":\"\u00dcber Topuz Law\"}]},{\"@type\":\"WebSite\",\"@id\":\"https:\\\/\\\/topuz-law.de\\\/#website\",\"url\":\"https:\\\/\\\/topuz-law.de\\\/\",\"name\":\"Topuz Law\",\"description\":\"Kanzlei aus D\u00fcsseldorf\",\"publisher\":{\"@id\":\"https:\\\/\\\/topuz-law.de\\\/#organization\"},\"potentialAction\":[{\"@type\":\"SearchAction\",\"target\":{\"@type\":\"EntryPoint\",\"urlTemplate\":\"https:\\\/\\\/topuz-law.de\\\/?s={search_term_string}\"},\"query-input\":{\"@type\":\"PropertyValueSpecification\",\"valueRequired\":true,\"valueName\":\"search_term_string\"}}],\"inLanguage\":\"en-GB\"},{\"@type\":\"Organization\",\"@id\":\"https:\\\/\\\/topuz-law.de\\\/#organization\",\"name\":\"Topuz Law\",\"url\":\"https:\\\/\\\/topuz-law.de\\\/\",\"logo\":{\"@type\":\"ImageObject\",\"inLanguage\":\"en-GB\",\"@id\":\"https:\\\/\\\/topuz-law.de\\\/#\\\/schema\\\/logo\\\/image\\\/\",\"url\":\"https:\\\/\\\/topuz-law.de\\\/wp-content\\\/uploads\\\/2023\\\/10\\\/original_-_Kopie-removebg-preview.png\",\"contentUrl\":\"https:\\\/\\\/topuz-law.de\\\/wp-content\\\/uploads\\\/2023\\\/10\\\/original_-_Kopie-removebg-preview.png\",\"width\":419,\"height\":475,\"caption\":\"Topuz Law\"},\"image\":{\"@id\":\"https:\\\/\\\/topuz-law.de\\\/#\\\/schema\\\/logo\\\/image\\\/\"},\"sameAs\":[\"https:\\\/\\\/www.facebook.com\\\/profile.php?id=61558419758393&locale=de_DE\",\"https:\\\/\\\/www.linkedin.com\\\/company\\\/98966869\\\/\"],\"description\":\"Rechtsanwaltskanzlei mit Sitz in D\u00fcsseldorf. Spezialisiert auf das Handels- und Gesellschaftsrecht, allgemeines Zivilrecht, Prozessf\u00fchrung, Arbeitsrecht und Strafrecht.\",\"email\":\"info@topuz-law.de\",\"telephone\":\"021143637831\",\"legalName\":\"Kanzlei Topuz Law, Rechtsanwalt Tolga Topuz\",\"foundingDate\":\"2023-05-01\",\"vatID\":\"DE362946119\",\"numberOfEmployees\":{\"@type\":\"QuantitativeValue\",\"minValue\":\"1\",\"maxValue\":\"10\"}}]}<\/script>\n<!-- \/ Yoast SEO Premium plugin. -->","yoast_head_json":{"title":"About Topuz Law","description":"\u00dcber uns als Kanzlei ist Folgendes festzuhalten: Topuz Law wurde aus der Vision des Gr\u00fcnders heraus gegr\u00fcndet, Privatpersonen sowie ...","robots":{"index":"index","follow":"follow","max-snippet":"max-snippet:-1","max-image-preview":"max-image-preview:large","max-video-preview":"max-video-preview:-1"},"canonical":"https:\/\/topuz-law.de\/en_gb\/ueber-uns\/","og_locale":"en_GB","og_type":"article","og_title":"\u00dcber Topuz Law","og_description":"\u00dcber uns als Kanzlei ist Folgendes festzuhalten: Topuz Law wurde aus der Vision des Gr\u00fcnders heraus gegr\u00fcndet, Privatpersonen sowie ...","og_url":"https:\/\/topuz-law.de\/en_gb\/ueber-uns\/","og_site_name":"Topuz Law","article_publisher":"https:\/\/www.facebook.com\/profile.php?id=61558419758393&locale=de_DE","article_modified_time":"2026-04-02T17:39:07+00:00","og_image":[{"url":"https:\/\/topuz-law.de\/wp-content\/uploads\/2019\/02\/tolgatopz-1.jpg","type":"","width":"","height":""}],"twitter_card":"summary_large_image","twitter_misc":{"Estimated reading time":"3 minutes"},"schema":{"@context":"https:\/\/schema.org","@graph":[{"@type":"WebPage","@id":"https:\/\/topuz-law.de\/ueber-uns\/","url":"https:\/\/topuz-law.de\/ueber-uns\/","name":"About Topuz Law","isPartOf":{"@id":"https:\/\/topuz-law.de\/#website"},"primaryImageOfPage":{"@id":"https:\/\/topuz-law.de\/ueber-uns\/#primaryimage"},"image":{"@id":"https:\/\/topuz-law.de\/ueber-uns\/#primaryimage"},"thumbnailUrl":"https:\/\/topuz-law.de\/wp-content\/uploads\/2019\/02\/tolgatopz-1.jpg","datePublished":"2019-02-21T09:15:08+00:00","dateModified":"2026-04-02T17:39:07+00:00","description":"\u00dcber uns als Kanzlei ist Folgendes festzuhalten: Topuz Law wurde aus der Vision des Gr\u00fcnders heraus gegr\u00fcndet, Privatpersonen sowie ...","breadcrumb":{"@id":"https:\/\/topuz-law.de\/ueber-uns\/#breadcrumb"},"inLanguage":"en-GB","potentialAction":[{"@type":"ReadAction","target":["https:\/\/topuz-law.de\/ueber-uns\/"]}]},{"@type":"ImageObject","inLanguage":"en-GB","@id":"https:\/\/topuz-law.de\/ueber-uns\/#primaryimage","url":"https:\/\/topuz-law.de\/wp-content\/uploads\/2019\/02\/tolgatopz-1.jpg","contentUrl":"https:\/\/topuz-law.de\/wp-content\/uploads\/2019\/02\/tolgatopz-1.jpg"},{"@type":"BreadcrumbList","@id":"https:\/\/topuz-law.de\/ueber-uns\/#breadcrumb","itemListElement":[{"@type":"ListItem","position":1,"name":"Startseite","item":"https:\/\/topuz-law.de\/"},{"@type":"ListItem","position":2,"name":"\u00dcber Topuz Law"}]},{"@type":"WebSite","@id":"https:\/\/topuz-law.de\/#website","url":"https:\/\/topuz-law.de\/","name":"Topuz Law","description":"Law Firm from D\u00fcsseldorf","publisher":{"@id":"https:\/\/topuz-law.de\/#organization"},"potentialAction":[{"@type":"SearchAction","target":{"@type":"EntryPoint","urlTemplate":"https:\/\/topuz-law.de\/?s={search_term_string}"},"query-input":{"@type":"PropertyValueSpecification","valueRequired":true,"valueName":"search_term_string"}}],"inLanguage":"en-GB"},{"@type":"Organization","@id":"https:\/\/topuz-law.de\/#organization","name":"Topuz Law","url":"https:\/\/topuz-law.de\/","logo":{"@type":"ImageObject","inLanguage":"en-GB","@id":"https:\/\/topuz-law.de\/#\/schema\/logo\/image\/","url":"https:\/\/topuz-law.de\/wp-content\/uploads\/2023\/10\/original_-_Kopie-removebg-preview.png","contentUrl":"https:\/\/topuz-law.de\/wp-content\/uploads\/2023\/10\/original_-_Kopie-removebg-preview.png","width":419,"height":475,"caption":"Topuz Law"},"image":{"@id":"https:\/\/topuz-law.de\/#\/schema\/logo\/image\/"},"sameAs":["https:\/\/www.facebook.com\/profile.php?id=61558419758393&locale=de_DE","https:\/\/www.linkedin.com\/company\/98966869\/"],"description":"Rechtsanwaltskanzlei mit Sitz in D\u00fcsseldorf. Spezialisiert auf das Handels- und Gesellschaftsrecht, allgemeines Zivilrecht, Prozessf\u00fchrung, Arbeitsrecht und Strafrecht.","email":"info@topuz-law.de","telephone":"021143637831","legalName":"Kanzlei Topuz Law, Rechtsanwalt Tolga Topuz","foundingDate":"2023-05-01","vatID":"DE362946119","numberOfEmployees":{"@type":"QuantitativeValue","minValue":"1","maxValue":"10"}}]}},"uagb_featured_image_src":{"full":false,"thumbnail":false,"medium":false,"medium_large":false,"large":false,"1536x1536":false,"2048x2048":false,"trp-custom-language-flag":false},"uagb_author_info":{"display_name":"admin","author_link":"https:\/\/topuz-law.de\/en_gb\/author\/admin\/"},"uagb_comment_info":0,"uagb_excerpt":"Unsere Kanzlei \u00dcber Topuz Law Topuz Law wurde aus der Vision des Gr\u00fcnders heraus gegr\u00fcndet, Privatpersonen sowie Unternehmen jeder Gr\u00f6\u00dfenklasse eine vertrauensw\u00fcrdige Anlaufstelle bei juristischen Fragestellungen zu bieten. Die Gr\u00fcndung von Topuz Law fu\u00dft auf der \u00dcberzeugung, dass engagierte und kompetente Rechtsberatung f\u00fcr unsere Mandanten von existenzieller Bedeutung ist. Hieran messen wir auch den Anspruch&hellip;","_links":{"self":[{"href":"https:\/\/topuz-law.de\/en_gb\/wp-json\/wp\/v2\/pages\/5840","targetHints":{"allow":["GET"]}}],"collection":[{"href":"https:\/\/topuz-law.de\/en_gb\/wp-json\/wp\/v2\/pages"}],"about":[{"href":"https:\/\/topuz-law.de\/en_gb\/wp-json\/wp\/v2\/types\/page"}],"author":[{"embeddable":true,"href":"https:\/\/topuz-law.de\/en_gb\/wp-json\/wp\/v2\/users\/1"}],"replies":[{"embeddable":true,"href":"https:\/\/topuz-law.de\/en_gb\/wp-json\/wp\/v2\/comments?post=5840"}],"version-history":[{"count":0,"href":"https:\/\/topuz-law.de\/en_gb\/wp-json\/wp\/v2\/pages\/5840\/revisions"}],"wp:attachment":[{"href":"https:\/\/topuz-law.de\/en_gb\/wp-json\/wp\/v2\/media?parent=5840"}],"curies":[{"name":"wp","href":"https:\/\/api.w.org\/{rel}","templated":true}]}}