{"id":6679,"date":"2019-03-01T12:24:27","date_gmt":"2019-03-01T12:24:27","guid":{"rendered":"https:\/\/demo.goodlayers.com\/attorna\/?page_id=6679"},"modified":"2026-04-12T17:25:48","modified_gmt":"2026-04-12T15:25:48","slug":"private-clients","status":"publish","type":"page","link":"https:\/\/topuz-law.de\/en_gb\/private-clients\/","title":{"rendered":"Private Clients"},"content":{"rendered":"<div class=\"wp-block-columns is-layout-flex wp-container-core-columns-is-layout-28f84493 wp-block-columns-is-layout-flex\">\n<div class=\"wp-block-column is-layout-flow wp-block-column-is-layout-flow\" style=\"flex-basis:100%\">\n<h1 class=\"wp-block-heading\" id=\"h-private-clients\">Private Clients<\/h1>\n\n\n\n<div class=\"wp-block-uagb-image alignleft uagb-block-f1822b00 wp-block-uagb-image--layout-default wp-block-uagb-image--effect-static wp-block-uagb-image--align-left uag-hide-mob\"><figure class=\"wp-block-uagb-image__figure\"><img decoding=\"async\" srcset=\"https:\/\/topuz-law.de\/wp-content\/uploads\/2024\/05\/villa-faensen-4367097-1024x804.webp ,https:\/\/topuz-law.de\/wp-content\/uploads\/2024\/05\/villa-faensen-4367097-scaled-e1746106993740.webp 780w, https:\/\/topuz-law.de\/wp-content\/uploads\/2024\/05\/villa-faensen-4367097-scaled-e1746106993740.webp 360w\" sizes=\"auto, (max-width: 480px) 150px\" src=\"https:\/\/topuz-law.de\/wp-content\/uploads\/2024\/05\/villa-faensen-4367097-1024x804.webp\" alt=\"\" class=\"uag-image-9853\" width=\"672\" height=\"400\" title=\"villa-faensen-4367097\" loading=\"lazy\" role=\"img\"\/><\/figure><\/div>\n\n\n\n<p style=\"font-size:20px\">Private clients are probably one of the most demanding areas of law that a lawyer can serve. Clients have high expectations of the quality and speed of legal advice and services. Only a few commercial lawyers even dare to tackle this area of law, as the potential range of services is very broad.<\/p>\n\n\n\n<p style=\"font-size:20px\">From questions of corporate succession in the family business run by the client to questions of insurance for the daughter's riding horse. The unpredictability is what makes this area of law so appealing. No two days are the same.<\/p>\n\n\n\n<p style=\"font-size:20px\">If you are looking for a lawyer who will handle your matters for you as part of a permanent mandate, \"Topuz Law\" is the right partner for you. After making initial contact, we will take the time to find out what you are looking for in a long-term collaboration. We would then examine the extent to which a co-operation would be possible, taking into account your interests and our resources.<\/p>\n\n\n\n<p style=\"font-size:20px\">The typical areas in which a lawyer advises private clients include<\/p>\n\n\n\n<p style=\"font-size:20px\">\u2013 Verwaltung des Privat- und Betriebsverm\u00f6gens, insbesondere im Zusammenhang mit der Verwaltung von Wohn- und Gewerbeimmobilien;<\/p>\n\n\n\n<p style=\"font-size:20px\">\u2013 Umstrukturierung\/Restrukturierung innerhalb von Holding-Strukturen (Familienunternehmen);<\/p>\n\n\n\n<p style=\"font-size:20px\">\u2013 Regelungen der Unternehmensnachfolge (Unternehmensverkauf, Stiftungsmodelle, Fortf\u00fchrung durch Familienangeh\u00f6rige usw.&nbsp;<\/p>\n\n\n\n<p style=\"font-size:20px\" class=\"translation-block\">Tolga Topuz<br>Lawyer<\/p>\n<\/div>\n<\/div>","protected":false},"excerpt":{"rendered":"<p>Private Clients Private Clients geh\u00f6rt wohl zu den anspruchsvollsten Rechtsgebieten, die ein Rechtsanwalt bedienen kann. Die Mandantschaft hat hohe Erwartungen an die Qualit\u00e4t und Geschwindigkeit der anwaltlichen Beratung und Dienstleistung. Nur wenige Wirtschaftsanw\u00e4lte trauen sich \u00fcberhaupt an dieses Rechtsgebiet heran, da das potenzielle Leistungsspektrum sehr weit ist. Von Fragen der Unternehmensnachfolge des vom Mandanten gef\u00fchrten [&hellip;]<\/p>\n","protected":false},"author":1,"featured_media":0,"parent":0,"menu_order":0,"comment_status":"closed","ping_status":"closed","template":"","meta":{"_uag_custom_page_level_css":"","site-sidebar-layout":"default","site-content-layout":"","ast-site-content-layout":"","site-content-style":"default","site-sidebar-style":"default","ast-global-header-display":"","ast-banner-title-visibility":"","ast-main-header-display":"","ast-hfb-above-header-display":"","ast-hfb-below-header-display":"","ast-hfb-mobile-header-display":"","site-post-title":"disabled","ast-breadcrumbs-content":"","ast-featured-img":"","footer-sml-layout":"","ast-disable-related-posts":"","theme-transparent-header-meta":"","adv-header-id-meta":"","stick-header-meta":"","header-above-stick-meta":"","header-main-stick-meta":"","header-below-stick-meta":"","astra-migrate-meta-layouts":"default","ast-page-background-enabled":"default","ast-page-background-meta":{"desktop":{"background-color":"var(--ast-global-color-5)","background-image":"","background-repeat":"repeat","background-position":"center center","background-size":"auto","background-attachment":"scroll","background-type":"","background-media":"","overlay-type":"","overlay-color":"","overlay-opacity":"","overlay-gradient":""},"tablet":{"background-color":"","background-image":"","background-repeat":"repeat","background-position":"center center","background-size":"auto","background-attachment":"scroll","background-type":"","background-media":"","overlay-type":"","overlay-color":"","overlay-opacity":"","overlay-gradient":""},"mobile":{"background-color":"","background-image":"","background-repeat":"repeat","background-position":"center center","background-size":"auto","background-attachment":"scroll","background-type":"","background-media":"","overlay-type":"","overlay-color":"","overlay-opacity":"","overlay-gradient":""}},"ast-content-background-meta":{"desktop":{"background-color":"var(--ast-global-color-4)","background-image":"","background-repeat":"repeat","background-position":"center center","background-size":"auto","background-attachment":"scroll","background-type":"","background-media":"","overlay-type":"","overlay-color":"","overlay-opacity":"","overlay-gradient":""},"tablet":{"background-color":"var(--ast-global-color-4)","background-image":"","background-repeat":"repeat","background-position":"center center","background-size":"auto","background-attachment":"scroll","background-type":"","background-media":"","overlay-type":"","overlay-color":"","overlay-opacity":"","overlay-gradient":""},"mobile":{"background-color":"var(--ast-global-color-4)","background-image":"","background-repeat":"repeat","background-position":"center center","background-size":"auto","background-attachment":"scroll","background-type":"","background-media":"","overlay-type":"","overlay-color":"","overlay-opacity":"","overlay-gradient":""}},"footnotes":""},"class_list":["post-6679","page","type-page","status-publish","hentry"],"yoast_head":"<!-- This site is optimized with the Yoast SEO Premium plugin v27.4 (Yoast SEO v27.4) - https:\/\/yoast.com\/product\/yoast-seo-premium-wordpress\/ -->\n<title>Private Clients - Topuz Law<\/title>\n<meta name=\"description\" content=\"Private Clients geh\u00f6rt wohl zu den anspruchsvollsten Rechtsgebieten, die ein Rechtsanwalt bedienen kann. Die Mandanten haben hohe Erwartungen\" \/>\n<meta name=\"robots\" content=\"index, follow, max-snippet:-1, max-image-preview:large, max-video-preview:-1\" \/>\n<link rel=\"canonical\" href=\"https:\/\/topuz-law.de\/en_gb\/private-clients\/\" \/>\n<meta property=\"og:locale\" content=\"en_GB\" \/>\n<meta property=\"og:type\" content=\"article\" \/>\n<meta property=\"og:title\" content=\"Private Clients\" \/>\n<meta property=\"og:description\" content=\"Private Clients geh\u00f6rt wohl zu den anspruchsvollsten Rechtsgebieten, die ein Rechtsanwalt bedienen kann. Die Mandanten haben hohe Erwartungen\" \/>\n<meta property=\"og:url\" content=\"https:\/\/topuz-law.de\/en_gb\/private-clients\/\" \/>\n<meta property=\"og:site_name\" content=\"Topuz Law\" \/>\n<meta property=\"article:publisher\" content=\"https:\/\/www.facebook.com\/profile.php?id=61558419758393&amp;locale=de_DE\" \/>\n<meta property=\"article:modified_time\" content=\"2026-04-12T15:25:48+00:00\" \/>\n<meta property=\"og:image\" content=\"https:\/\/topuz-law.de\/wp-content\/uploads\/2024\/05\/villa-faensen-4367097-1024x804.webp\" \/>\n<meta name=\"twitter:card\" content=\"summary_large_image\" \/>\n<meta name=\"twitter:label1\" content=\"Estimated reading time\" \/>\n\t<meta name=\"twitter:data1\" content=\"2 minutes\" \/>\n<script type=\"application\/ld+json\" class=\"yoast-schema-graph\">{\"@context\":\"https:\\\/\\\/schema.org\",\"@graph\":[{\"@type\":\"WebPage\",\"@id\":\"https:\\\/\\\/topuz-law.de\\\/private-clients\\\/\",\"url\":\"https:\\\/\\\/topuz-law.de\\\/private-clients\\\/\",\"name\":\"Private Clients - Topuz Law\",\"isPartOf\":{\"@id\":\"https:\\\/\\\/topuz-law.de\\\/#website\"},\"primaryImageOfPage\":{\"@id\":\"https:\\\/\\\/topuz-law.de\\\/private-clients\\\/#primaryimage\"},\"image\":{\"@id\":\"https:\\\/\\\/topuz-law.de\\\/private-clients\\\/#primaryimage\"},\"thumbnailUrl\":\"https:\\\/\\\/topuz-law.de\\\/wp-content\\\/uploads\\\/2024\\\/05\\\/villa-faensen-4367097-1024x804.webp\",\"datePublished\":\"2019-03-01T12:24:27+00:00\",\"dateModified\":\"2026-04-12T15:25:48+00:00\",\"description\":\"Private Clients geh\u00f6rt wohl zu den anspruchsvollsten Rechtsgebieten, die ein Rechtsanwalt bedienen kann. Die Mandanten haben hohe Erwartungen\",\"breadcrumb\":{\"@id\":\"https:\\\/\\\/topuz-law.de\\\/private-clients\\\/#breadcrumb\"},\"inLanguage\":\"en-GB\",\"potentialAction\":[{\"@type\":\"ReadAction\",\"target\":[\"https:\\\/\\\/topuz-law.de\\\/private-clients\\\/\"]}]},{\"@type\":\"ImageObject\",\"inLanguage\":\"en-GB\",\"@id\":\"https:\\\/\\\/topuz-law.de\\\/private-clients\\\/#primaryimage\",\"url\":\"https:\\\/\\\/topuz-law.de\\\/wp-content\\\/uploads\\\/2024\\\/05\\\/villa-faensen-4367097-1024x804.webp\",\"contentUrl\":\"https:\\\/\\\/topuz-law.de\\\/wp-content\\\/uploads\\\/2024\\\/05\\\/villa-faensen-4367097-1024x804.webp\"},{\"@type\":\"BreadcrumbList\",\"@id\":\"https:\\\/\\\/topuz-law.de\\\/private-clients\\\/#breadcrumb\",\"itemListElement\":[{\"@type\":\"ListItem\",\"position\":1,\"name\":\"Startseite\",\"item\":\"https:\\\/\\\/topuz-law.de\\\/\"},{\"@type\":\"ListItem\",\"position\":2,\"name\":\"Private Clients\"}]},{\"@type\":\"WebSite\",\"@id\":\"https:\\\/\\\/topuz-law.de\\\/#website\",\"url\":\"https:\\\/\\\/topuz-law.de\\\/\",\"name\":\"Topuz Law\",\"description\":\"Kanzlei aus D\u00fcsseldorf\",\"publisher\":{\"@id\":\"https:\\\/\\\/topuz-law.de\\\/#organization\"},\"potentialAction\":[{\"@type\":\"SearchAction\",\"target\":{\"@type\":\"EntryPoint\",\"urlTemplate\":\"https:\\\/\\\/topuz-law.de\\\/?s={search_term_string}\"},\"query-input\":{\"@type\":\"PropertyValueSpecification\",\"valueRequired\":true,\"valueName\":\"search_term_string\"}}],\"inLanguage\":\"en-GB\"},{\"@type\":\"Organization\",\"@id\":\"https:\\\/\\\/topuz-law.de\\\/#organization\",\"name\":\"Topuz Law\",\"url\":\"https:\\\/\\\/topuz-law.de\\\/\",\"logo\":{\"@type\":\"ImageObject\",\"inLanguage\":\"en-GB\",\"@id\":\"https:\\\/\\\/topuz-law.de\\\/#\\\/schema\\\/logo\\\/image\\\/\",\"url\":\"https:\\\/\\\/topuz-law.de\\\/wp-content\\\/uploads\\\/2023\\\/10\\\/original_-_Kopie-removebg-preview.png\",\"contentUrl\":\"https:\\\/\\\/topuz-law.de\\\/wp-content\\\/uploads\\\/2023\\\/10\\\/original_-_Kopie-removebg-preview.png\",\"width\":419,\"height\":475,\"caption\":\"Topuz Law\"},\"image\":{\"@id\":\"https:\\\/\\\/topuz-law.de\\\/#\\\/schema\\\/logo\\\/image\\\/\"},\"sameAs\":[\"https:\\\/\\\/www.facebook.com\\\/profile.php?id=61558419758393&locale=de_DE\",\"https:\\\/\\\/www.linkedin.com\\\/company\\\/98966869\\\/\"],\"description\":\"Rechtsanwaltskanzlei mit Sitz in D\u00fcsseldorf. Spezialisiert auf das Handels- und Gesellschaftsrecht, allgemeines Zivilrecht, Prozessf\u00fchrung, Arbeitsrecht und Strafrecht.\",\"email\":\"info@topuz-law.de\",\"telephone\":\"021143637831\",\"legalName\":\"Kanzlei Topuz Law, Rechtsanwalt Tolga Topuz\",\"foundingDate\":\"2023-05-01\",\"vatID\":\"DE362946119\",\"numberOfEmployees\":{\"@type\":\"QuantitativeValue\",\"minValue\":\"1\",\"maxValue\":\"10\"}}]}<\/script>\n<!-- \/ Yoast SEO Premium plugin. -->","yoast_head_json":{"title":"Private Clients - Topuz Law","description":"Private Clients geh\u00f6rt wohl zu den anspruchsvollsten Rechtsgebieten, die ein Rechtsanwalt bedienen kann. Die Mandanten haben hohe Erwartungen","robots":{"index":"index","follow":"follow","max-snippet":"max-snippet:-1","max-image-preview":"max-image-preview:large","max-video-preview":"max-video-preview:-1"},"canonical":"https:\/\/topuz-law.de\/en_gb\/private-clients\/","og_locale":"en_GB","og_type":"article","og_title":"Private Clients","og_description":"Private Clients geh\u00f6rt wohl zu den anspruchsvollsten Rechtsgebieten, die ein Rechtsanwalt bedienen kann. Die Mandanten haben hohe Erwartungen","og_url":"https:\/\/topuz-law.de\/en_gb\/private-clients\/","og_site_name":"Topuz Law","article_publisher":"https:\/\/www.facebook.com\/profile.php?id=61558419758393&locale=de_DE","article_modified_time":"2026-04-12T15:25:48+00:00","og_image":[{"url":"https:\/\/topuz-law.de\/wp-content\/uploads\/2024\/05\/villa-faensen-4367097-1024x804.webp","type":"","width":"","height":""}],"twitter_card":"summary_large_image","twitter_misc":{"Estimated reading time":"2 minutes"},"schema":{"@context":"https:\/\/schema.org","@graph":[{"@type":"WebPage","@id":"https:\/\/topuz-law.de\/private-clients\/","url":"https:\/\/topuz-law.de\/private-clients\/","name":"Private Clients - Topuz Law","isPartOf":{"@id":"https:\/\/topuz-law.de\/#website"},"primaryImageOfPage":{"@id":"https:\/\/topuz-law.de\/private-clients\/#primaryimage"},"image":{"@id":"https:\/\/topuz-law.de\/private-clients\/#primaryimage"},"thumbnailUrl":"https:\/\/topuz-law.de\/wp-content\/uploads\/2024\/05\/villa-faensen-4367097-1024x804.webp","datePublished":"2019-03-01T12:24:27+00:00","dateModified":"2026-04-12T15:25:48+00:00","description":"Private Clients geh\u00f6rt wohl zu den anspruchsvollsten Rechtsgebieten, die ein Rechtsanwalt bedienen kann. Die Mandanten haben hohe Erwartungen","breadcrumb":{"@id":"https:\/\/topuz-law.de\/private-clients\/#breadcrumb"},"inLanguage":"en-GB","potentialAction":[{"@type":"ReadAction","target":["https:\/\/topuz-law.de\/private-clients\/"]}]},{"@type":"ImageObject","inLanguage":"en-GB","@id":"https:\/\/topuz-law.de\/private-clients\/#primaryimage","url":"https:\/\/topuz-law.de\/wp-content\/uploads\/2024\/05\/villa-faensen-4367097-1024x804.webp","contentUrl":"https:\/\/topuz-law.de\/wp-content\/uploads\/2024\/05\/villa-faensen-4367097-1024x804.webp"},{"@type":"BreadcrumbList","@id":"https:\/\/topuz-law.de\/private-clients\/#breadcrumb","itemListElement":[{"@type":"ListItem","position":1,"name":"Startseite","item":"https:\/\/topuz-law.de\/"},{"@type":"ListItem","position":2,"name":"Private Clients"}]},{"@type":"WebSite","@id":"https:\/\/topuz-law.de\/#website","url":"https:\/\/topuz-law.de\/","name":"Topuz Law","description":"Law Firm from D\u00fcsseldorf","publisher":{"@id":"https:\/\/topuz-law.de\/#organization"},"potentialAction":[{"@type":"SearchAction","target":{"@type":"EntryPoint","urlTemplate":"https:\/\/topuz-law.de\/?s={search_term_string}"},"query-input":{"@type":"PropertyValueSpecification","valueRequired":true,"valueName":"search_term_string"}}],"inLanguage":"en-GB"},{"@type":"Organization","@id":"https:\/\/topuz-law.de\/#organization","name":"Topuz Law","url":"https:\/\/topuz-law.de\/","logo":{"@type":"ImageObject","inLanguage":"en-GB","@id":"https:\/\/topuz-law.de\/#\/schema\/logo\/image\/","url":"https:\/\/topuz-law.de\/wp-content\/uploads\/2023\/10\/original_-_Kopie-removebg-preview.png","contentUrl":"https:\/\/topuz-law.de\/wp-content\/uploads\/2023\/10\/original_-_Kopie-removebg-preview.png","width":419,"height":475,"caption":"Topuz Law"},"image":{"@id":"https:\/\/topuz-law.de\/#\/schema\/logo\/image\/"},"sameAs":["https:\/\/www.facebook.com\/profile.php?id=61558419758393&locale=de_DE","https:\/\/www.linkedin.com\/company\/98966869\/"],"description":"Rechtsanwaltskanzlei mit Sitz in D\u00fcsseldorf. Spezialisiert auf das Handels- und Gesellschaftsrecht, allgemeines Zivilrecht, Prozessf\u00fchrung, Arbeitsrecht und Strafrecht.","email":"info@topuz-law.de","telephone":"021143637831","legalName":"Kanzlei Topuz Law, Rechtsanwalt Tolga Topuz","foundingDate":"2023-05-01","vatID":"DE362946119","numberOfEmployees":{"@type":"QuantitativeValue","minValue":"1","maxValue":"10"}}]}},"uagb_featured_image_src":{"full":false,"thumbnail":false,"medium":false,"medium_large":false,"large":false,"1536x1536":false,"2048x2048":false,"trp-custom-language-flag":false},"uagb_author_info":{"display_name":"admin","author_link":"https:\/\/topuz-law.de\/en_gb\/author\/admin\/"},"uagb_comment_info":0,"uagb_excerpt":"Private Clients Private Clients geh\u00f6rt wohl zu den anspruchsvollsten Rechtsgebieten, die ein Rechtsanwalt bedienen kann. Die Mandantschaft hat hohe Erwartungen an die Qualit\u00e4t und Geschwindigkeit der anwaltlichen Beratung und Dienstleistung. Nur wenige Wirtschaftsanw\u00e4lte trauen sich \u00fcberhaupt an dieses Rechtsgebiet heran, da das potenzielle Leistungsspektrum sehr weit ist. Von Fragen der Unternehmensnachfolge des vom Mandanten gef\u00fchrten&hellip;","_links":{"self":[{"href":"https:\/\/topuz-law.de\/en_gb\/wp-json\/wp\/v2\/pages\/6679","targetHints":{"allow":["GET"]}}],"collection":[{"href":"https:\/\/topuz-law.de\/en_gb\/wp-json\/wp\/v2\/pages"}],"about":[{"href":"https:\/\/topuz-law.de\/en_gb\/wp-json\/wp\/v2\/types\/page"}],"author":[{"embeddable":true,"href":"https:\/\/topuz-law.de\/en_gb\/wp-json\/wp\/v2\/users\/1"}],"replies":[{"embeddable":true,"href":"https:\/\/topuz-law.de\/en_gb\/wp-json\/wp\/v2\/comments?post=6679"}],"version-history":[{"count":0,"href":"https:\/\/topuz-law.de\/en_gb\/wp-json\/wp\/v2\/pages\/6679\/revisions"}],"wp:attachment":[{"href":"https:\/\/topuz-law.de\/en_gb\/wp-json\/wp\/v2\/media?parent=6679"}],"curies":[{"name":"wp","href":"https:\/\/api.w.org\/{rel}","templated":true}]}}