{"id":6684,"date":"2019-03-01T12:33:15","date_gmt":"2019-03-01T12:33:15","guid":{"rendered":"https:\/\/demo.goodlayers.com\/attorna\/?page_id=6684"},"modified":"2026-04-10T21:54:59","modified_gmt":"2026-04-10T19:54:59","slug":"allgemeines-zivilrecht","status":"publish","type":"page","link":"https:\/\/topuz-law.de\/en_gb\/allgemeines-zivilrecht\/","title":{"rendered":"General Civil Law"},"content":{"rendered":"<div class=\"wp-block-uagb-container uagb-block-67539938 default uagb-is-root-container\">\n<div class=\"wp-block-uagb-container uagb-block-982f8ce0\">\n<h3 class=\"wp-block-heading has-text-color has-link-color wp-elements-0e04cc0a0cbcaf190ff4b09191f4cf14\" id=\"h-lassen-sie-uns-ihnen-helfen\" style=\"color:#b1976b\">Let us help you!<\/h3>\n\n\n\n<p>Wenn Sie rechtlichen Beistand ben\u00f6tigen, k\u00f6nnen Sie jederzeit kontaktieren. Wir werden uns unverz\u00fcglich bei Ihnen melden. Bei Eilbed\u00fcrftigkeit rufen Sie uns kurzfristig an.<\/p>\n\n\n\n<div class=\"wp-block-uagb-icon-list uagb-block-fa41cd1f\"><div class=\"uagb-icon-list__wrap\">\n<div class=\"wp-block-uagb-icon-list-child uagb-block-f8d6f725\"><span class=\"uagb-icon-list__source-wrap\"><svg xmlns=\"https:\/\/www.w3.org\/2000\/svg\" viewbox=\"0 0 512 512\"><path d=\"M464 64C490.5 64 512 85.49 512 112C512 127.1 504.9 141.3 492.8 150.4L275.2 313.6C263.8 322.1 248.2 322.1 236.8 313.6L19.2 150.4C7.113 141.3 0 127.1 0 112C0 85.49 21.49 64 48 64H464zM217.6 339.2C240.4 356.3 271.6 356.3 294.4 339.2L512 176V384C512 419.3 483.3 448 448 448H64C28.65 448 0 419.3 0 384V176L217.6 339.2z\"><\/path><\/svg><\/span><span class=\"uagb-icon-list__label\">info@topuz-law.de<\/span><\/div>\n\n\n\n<div class=\"wp-block-uagb-icon-list-child uagb-block-a74e0138\"><span class=\"uagb-icon-list__source-wrap\"><svg xmlns=\"https:\/\/www.w3.org\/2000\/svg\" viewbox=\"0 0 512 512\"><path d=\"M256 512C114.6 512 0 397.4 0 256C0 114.6 114.6 0 256 0C397.4 0 512 114.6 512 256C512 397.4 397.4 512 256 512zM232 256C232 264 236 271.5 242.7 275.1L338.7 339.1C349.7 347.3 364.6 344.3 371.1 333.3C379.3 322.3 376.3 307.4 365.3 300L280 243.2V120C280 106.7 269.3 96 255.1 96C242.7 96 231.1 106.7 231.1 120L232 256z\"><\/path><\/svg><\/span><span class=\"uagb-icon-list__label\">Mo \u2013 Fr 07:30-19:00<\/span><\/div>\n\n\n\n<div class=\"wp-block-uagb-icon-list-child uagb-block-fb57780d\"><span class=\"uagb-icon-list__source-wrap\"><svg xmlns=\"https:\/\/www.w3.org\/2000\/svg\" viewbox=\"0 0 512 512\"><path d=\"M511.2 387l-23.25 100.8c-3.266 14.25-15.79 24.22-30.46 24.22C205.2 512 0 306.8 0 54.5c0-14.66 9.969-27.2 24.22-30.45l100.8-23.25C139.7-2.602 154.7 5.018 160.8 18.92l46.52 108.5c5.438 12.78 1.77 27.67-8.98 36.45L144.5 207.1c33.98 69.22 90.26 125.5 159.5 159.5l44.08-53.8c8.688-10.78 23.69-14.51 36.47-8.975l108.5 46.51C506.1 357.2 514.6 372.4 511.2 387z\"><\/path><\/svg><\/span><span class=\"uagb-icon-list__label\">+49 211 43637831<\/span><\/div>\n<\/div><\/div>\n<\/div>\n\n\n\n<div class=\"wp-block-uagb-container uagb-block-9e8041e2\">\n<h1 class=\"wp-block-heading has-text-color has-link-color wp-elements-7ae30fc69287490c3a5f2c2d70347d66\" id=\"h-allgemeines-zivilrecht\" style=\"color:#b1976b;font-size:40px\">General Civil Law<\/h1>\n\n\n\n<h2 class=\"wp-block-heading\" id=\"h-die-basis-des-gesellschaftlichen-zusammenlebens\" style=\"font-size:28px\">The basis of social coexistence<\/h2>\n\n\n\n<figure class=\"wp-block-image size-full is-resized\"><img decoding=\"async\" width=\"300\" height=\"199\" src=\"https:\/\/topuz-law.de\/wp-content\/uploads\/2025\/05\/throughts-3937313-scaled-1.png\" alt=\"\" class=\"wp-image-15651\" style=\"width:927px;height:auto\" srcset=\"https:\/\/topuz-law.de\/wp-content\/uploads\/2025\/05\/throughts-3937313-scaled-1.png 300w, https:\/\/topuz-law.de\/wp-content\/uploads\/2025\/05\/throughts-3937313-scaled-1-18x12.png 18w\" sizes=\"(max-width: 300px) 100vw, 300px\" \/><\/figure>\n\n\n\n<div style=\"height:20px\" aria-hidden=\"true\" class=\"wp-block-spacer\"><\/div>\n\n\n\n<h2 class=\"wp-block-heading\" id=\"h-i-einfuhrung\" style=\"font-size:28px\">I. Introduction<\/h2>\n\n\n\n<p style=\"font-size:20px\">General civil law forms the foundation of our social coexistence and regulates the legal relationships between natural and legal persons. In Germany, the Civil Code (BGB) forms the legal basis for this. Modelled on the life cycle of a person, the BGB is divided into the following books:<\/p>\n\n\n\n<ol style=\"font-size:20px\" class=\"wp-block-list\">\n<li>General section;<\/li>\n\n\n\n<li>Law of contractual obligations;<\/li>\n\n\n\n<li>Property Law;<\/li>\n\n\n\n<li>Family Law;<\/li>\n\n\n\n<li>Inheritance Law.<\/li>\n<\/ol>\n\n\n\n<div style=\"height:20px\" aria-hidden=\"true\" class=\"wp-block-spacer\"><\/div>\n\n\n\n<h2 class=\"wp-block-heading\" style=\"font-size:28px\">II. The different \"books\"<\/h2>\n\n\n\n<p style=\"font-size:20px\">The provisions in the first book of the BGB (General Section) are considered to be \"bracketed\", meaning that the provisions there apply accordingly to the following books. The first book regulates fundamental matters such as the legal capacity of natural and legal persons. Figuratively speaking, you can imagine a newborn child who continues to grow and slowly becomes an adult. There are specific regulations for each stage of the human being.<\/p>\n\n\n\n<p style=\"font-size:20px\">At birth, a person acquires legal capacity in accordance with Section 1 of the German Civil Code (BGB). It can therefore be the bearer of rights and obligations. From the age of seven, a child is considered to have limited legal capacity (Section 106 BGB); before this, it is legally incapable (Section 104 No. 1 BGB). Legal capacity means the ability to enter into legal transactions oneself. A seven-year-old can therefore, in principle (with exceptions), only effectively enter into legal transactions themselves with the consent of their legal representatives (Section 107 BGB), namely their parents. A person reaches the age of 18 and thus has full legal capacity in accordance with Sections 2, 107, 108 (3) BGB.<\/p>\n\n\n\n<p style=\"font-size:20px\">The second book of the German Civil Code (BGB) regulates various types of contractual obligations that an average adult can enter into in the course of their life (tenancy agreements, purchase agreements, employment contracts, etc.). The regulations contained therein are of course not exhaustive. Private autonomy allows legal entities to invent individual contracts, provided that legal limits are not exceeded.<\/p>\n\n\n\n<p style=\"font-size:20px\">The third book of the German Civil Code regulates how the legal relationships between natural and legal persons regarding movable and immovable property or rights are to be assessed. Examples include ownership and possession. An adult comes into constant contact with these legal concepts until the end of his or her life, perhaps without realising it.<\/p>\n\n\n\n<p style=\"font-size:20px\">The fourth book of the BGB regulates family law. Starting with the modality of establishing a family (e.g. marriage), the relationships between family members (e.g. maintenance, contact, care) and the dissolution of a family bond (e.g. divorce). Marriage is probably one of the most significant moments in a person's life, which also marks the beginning of a new phase in legal terms.<\/p>\n\n\n\n<p style=\"font-size:20px\">Im f\u00fcnften Buch des BGB ist als Letztes das Erbrecht geregelt, das wohl streit anf\u00e4lligste Thema zwischen Angeh\u00f6rigen eines Erblassers. Wenn es ums Geld geht, versteht so mancher keinen Spa\u00df mehr.<\/p>\n\n\n\n<p style=\"font-size:20px\">The basic concept of the BGB thus shows that the legislator was able to regulate the fundamental rights and legal relationships of its citizens. However, the BGB only forms the basis for general civil law. The legislator has enacted a large number of special, i.e. overriding, laws to regulate specialised matters. An example of this is the German Commercial Code (HGB), which regulates the special features of commercial legal transactions, but refers back to the BGB at certain points (cf. Section 105 (3) HGB).<\/p>\n\n\n\n<p style=\"font-size:20px\">As a law firm specialising in commercial law, we advise our clients on all questions of general and special civil law. We pay particular attention to \"taking you along\" with us when answering your questions and providing you with practical solutions. Irrespective of which approach you choose, we will do everything we can to \"get the best\" for you.<\/p>\n\n\n\n<p style=\"font-size:20px\" class=\"translation-block\">Tolga Topuz<br>Lawyer<\/p>\n\n\n\n<p style=\"font-size:20px\">Topuz Law \u2013Kanzlei aus D\u00fcsseldorf\u2013<\/p>\n<\/div>\n<\/div>","protected":false},"excerpt":{"rendered":"<p>Lassen Sie uns Ihnen helfen! Wenn Sie rechtlichen Beistand ben\u00f6tigen, k\u00f6nnen Sie jederzeit kontaktieren. Wir werden uns unverz\u00fcglich bei Ihnen melden. Bei Eilbed\u00fcrftigkeit rufen Sie uns kurzfristig an. Allgemeines Zivilrecht Die Basis des gesellschaftlichen Zusammenlebens I. Einf\u00fchrung Das allgemeine Zivilrecht bildet das Fundament unseres gesellschaftlichen Zusammenlebens und regelt die rechtlichen Beziehungen zwischen nat\u00fcrlichen und juristischen [&hellip;]<\/p>\n","protected":false},"author":1,"featured_media":0,"parent":0,"menu_order":0,"comment_status":"closed","ping_status":"closed","template":"","meta":{"_uag_custom_page_level_css":"","site-sidebar-layout":"default","site-content-layout":"","ast-site-content-layout":"","site-content-style":"default","site-sidebar-style":"default","ast-global-header-display":"","ast-banner-title-visibility":"","ast-main-header-display":"","ast-hfb-above-header-display":"","ast-hfb-below-header-display":"","ast-hfb-mobile-header-display":"","site-post-title":"disabled","ast-breadcrumbs-content":"","ast-featured-img":"","footer-sml-layout":"","ast-disable-related-posts":"","theme-transparent-header-meta":"","adv-header-id-meta":"","stick-header-meta":"","header-above-stick-meta":"","header-main-stick-meta":"","header-below-stick-meta":"","astra-migrate-meta-layouts":"default","ast-page-background-enabled":"default","ast-page-background-meta":{"desktop":{"background-color":"var(--ast-global-color-5)","background-image":"","background-repeat":"repeat","background-position":"center center","background-size":"auto","background-attachment":"scroll","background-type":"","background-media":"","overlay-type":"","overlay-color":"","overlay-opacity":"","overlay-gradient":""},"tablet":{"background-color":"","background-image":"","background-repeat":"repeat","background-position":"center center","background-size":"auto","background-attachment":"scroll","background-type":"","background-media":"","overlay-type":"","overlay-color":"","overlay-opacity":"","overlay-gradient":""},"mobile":{"background-color":"","background-image":"","background-repeat":"repeat","background-position":"center center","background-size":"auto","background-attachment":"scroll","background-type":"","background-media":"","overlay-type":"","overlay-color":"","overlay-opacity":"","overlay-gradient":""}},"ast-content-background-meta":{"desktop":{"background-color":"var(--ast-global-color-4)","background-image":"","background-repeat":"repeat","background-position":"center center","background-size":"auto","background-attachment":"scroll","background-type":"","background-media":"","overlay-type":"","overlay-color":"","overlay-opacity":"","overlay-gradient":""},"tablet":{"background-color":"var(--ast-global-color-4)","background-image":"","background-repeat":"repeat","background-position":"center center","background-size":"auto","background-attachment":"scroll","background-type":"","background-media":"","overlay-type":"","overlay-color":"","overlay-opacity":"","overlay-gradient":""},"mobile":{"background-color":"var(--ast-global-color-4)","background-image":"","background-repeat":"repeat","background-position":"center center","background-size":"auto","background-attachment":"scroll","background-type":"","background-media":"","overlay-type":"","overlay-color":"","overlay-opacity":"","overlay-gradient":""}},"footnotes":""},"class_list":["post-6684","page","type-page","status-publish","hentry"],"yoast_head":"<!-- This site is optimized with the Yoast SEO Premium plugin v27.3 (Yoast SEO v27.3) - https:\/\/yoast.com\/product\/yoast-seo-premium-wordpress\/ -->\n<title>Allgemeines Zivilrecht<\/title>\n<meta name=\"description\" content=\"Das allgemeine Zivilrecht bildet das Fundament unseres gesellschaftlichen Zusammenlebens und regelt die rechtlichen Beziehungen zwischen\" \/>\n<meta name=\"robots\" content=\"index, follow, max-snippet:-1, max-image-preview:large, max-video-preview:-1\" \/>\n<link rel=\"canonical\" href=\"https:\/\/topuz-law.de\/en_gb\/allgemeines-zivilrecht\/\" \/>\n<meta property=\"og:locale\" content=\"en_GB\" \/>\n<meta property=\"og:type\" content=\"article\" \/>\n<meta property=\"og:title\" content=\"Allgemeines Zivilrecht Allgemeines Zivilrecht\" \/>\n<meta property=\"og:description\" content=\"Das allgemeine Zivilrecht bildet das Fundament unseres gesellschaftlichen Zusammenlebens und regelt die rechtlichen Beziehungen zwischen\" \/>\n<meta property=\"og:url\" content=\"https:\/\/topuz-law.de\/en_gb\/allgemeines-zivilrecht\/\" \/>\n<meta property=\"og:site_name\" content=\"Topuz Law\" \/>\n<meta property=\"article:publisher\" content=\"https:\/\/www.facebook.com\/profile.php?id=61558419758393&amp;locale=de_DE\" \/>\n<meta property=\"article:modified_time\" content=\"2026-04-10T19:54:59+00:00\" \/>\n<meta property=\"og:image\" content=\"https:\/\/topuz-law.de\/wp-content\/uploads\/2025\/05\/throughts-3937313-scaled-1.png\" \/>\n\t<meta property=\"og:image:width\" content=\"300\" \/>\n\t<meta property=\"og:image:height\" content=\"199\" \/>\n\t<meta property=\"og:image:type\" content=\"image\/png\" \/>\n<meta name=\"twitter:card\" content=\"summary_large_image\" \/>\n<meta name=\"twitter:title\" content=\"Allgemeines Zivilrecht\" \/>\n<meta name=\"twitter:label1\" content=\"Estimated reading time\" \/>\n\t<meta name=\"twitter:data1\" content=\"4 minutes\" \/>\n<script type=\"application\/ld+json\" class=\"yoast-schema-graph\">{\"@context\":\"https:\\\/\\\/schema.org\",\"@graph\":[{\"@type\":\"WebPage\",\"@id\":\"https:\\\/\\\/topuz-law.de\\\/allgemeines-zivilrecht\\\/\",\"url\":\"https:\\\/\\\/topuz-law.de\\\/allgemeines-zivilrecht\\\/\",\"name\":\"Allgemeines Zivilrecht\",\"isPartOf\":{\"@id\":\"https:\\\/\\\/topuz-law.de\\\/#website\"},\"primaryImageOfPage\":{\"@id\":\"https:\\\/\\\/topuz-law.de\\\/allgemeines-zivilrecht\\\/#primaryimage\"},\"image\":{\"@id\":\"https:\\\/\\\/topuz-law.de\\\/allgemeines-zivilrecht\\\/#primaryimage\"},\"thumbnailUrl\":\"https:\\\/\\\/topuz-law.de\\\/wp-content\\\/uploads\\\/2025\\\/05\\\/throughts-3937313-scaled-1.png\",\"datePublished\":\"2019-03-01T12:33:15+00:00\",\"dateModified\":\"2026-04-10T19:54:59+00:00\",\"description\":\"Das allgemeine Zivilrecht bildet das Fundament unseres gesellschaftlichen Zusammenlebens und regelt die rechtlichen Beziehungen zwischen\",\"breadcrumb\":{\"@id\":\"https:\\\/\\\/topuz-law.de\\\/allgemeines-zivilrecht\\\/#breadcrumb\"},\"inLanguage\":\"en-GB\",\"potentialAction\":[{\"@type\":\"ReadAction\",\"target\":[\"https:\\\/\\\/topuz-law.de\\\/allgemeines-zivilrecht\\\/\"]}]},{\"@type\":\"ImageObject\",\"inLanguage\":\"en-GB\",\"@id\":\"https:\\\/\\\/topuz-law.de\\\/allgemeines-zivilrecht\\\/#primaryimage\",\"url\":\"https:\\\/\\\/topuz-law.de\\\/wp-content\\\/uploads\\\/2025\\\/05\\\/throughts-3937313-scaled-1.png\",\"contentUrl\":\"https:\\\/\\\/topuz-law.de\\\/wp-content\\\/uploads\\\/2025\\\/05\\\/throughts-3937313-scaled-1.png\"},{\"@type\":\"BreadcrumbList\",\"@id\":\"https:\\\/\\\/topuz-law.de\\\/allgemeines-zivilrecht\\\/#breadcrumb\",\"itemListElement\":[{\"@type\":\"ListItem\",\"position\":1,\"name\":\"Startseite\",\"item\":\"https:\\\/\\\/topuz-law.de\\\/\"},{\"@type\":\"ListItem\",\"position\":2,\"name\":\"Allgemeines Zivilrecht\"}]},{\"@type\":\"WebSite\",\"@id\":\"https:\\\/\\\/topuz-law.de\\\/#website\",\"url\":\"https:\\\/\\\/topuz-law.de\\\/\",\"name\":\"Topuz Law\",\"description\":\"Kanzlei aus D\u00fcsseldorf\",\"publisher\":{\"@id\":\"https:\\\/\\\/topuz-law.de\\\/#organization\"},\"potentialAction\":[{\"@type\":\"SearchAction\",\"target\":{\"@type\":\"EntryPoint\",\"urlTemplate\":\"https:\\\/\\\/topuz-law.de\\\/?s={search_term_string}\"},\"query-input\":{\"@type\":\"PropertyValueSpecification\",\"valueRequired\":true,\"valueName\":\"search_term_string\"}}],\"inLanguage\":\"en-GB\"},{\"@type\":\"Organization\",\"@id\":\"https:\\\/\\\/topuz-law.de\\\/#organization\",\"name\":\"Topuz Law\",\"url\":\"https:\\\/\\\/topuz-law.de\\\/\",\"logo\":{\"@type\":\"ImageObject\",\"inLanguage\":\"en-GB\",\"@id\":\"https:\\\/\\\/topuz-law.de\\\/#\\\/schema\\\/logo\\\/image\\\/\",\"url\":\"https:\\\/\\\/topuz-law.de\\\/wp-content\\\/uploads\\\/2023\\\/10\\\/original_-_Kopie-removebg-preview.png\",\"contentUrl\":\"https:\\\/\\\/topuz-law.de\\\/wp-content\\\/uploads\\\/2023\\\/10\\\/original_-_Kopie-removebg-preview.png\",\"width\":419,\"height\":475,\"caption\":\"Topuz Law\"},\"image\":{\"@id\":\"https:\\\/\\\/topuz-law.de\\\/#\\\/schema\\\/logo\\\/image\\\/\"},\"sameAs\":[\"https:\\\/\\\/www.facebook.com\\\/profile.php?id=61558419758393&locale=de_DE\",\"https:\\\/\\\/www.linkedin.com\\\/company\\\/98966869\\\/\"],\"description\":\"Rechtsanwaltskanzlei mit Sitz in D\u00fcsseldorf. Spezialisiert auf das Handels- und Gesellschaftsrecht, allgemeines Zivilrecht, Prozessf\u00fchrung, Arbeitsrecht und Strafrecht.\",\"email\":\"info@topuz-law.de\",\"telephone\":\"021143637831\",\"legalName\":\"Kanzlei Topuz Law, Rechtsanwalt Tolga Topuz\",\"foundingDate\":\"2023-05-01\",\"vatID\":\"DE362946119\",\"numberOfEmployees\":{\"@type\":\"QuantitativeValue\",\"minValue\":\"1\",\"maxValue\":\"10\"}}]}<\/script>\n<!-- \/ Yoast SEO Premium plugin. -->","yoast_head_json":{"title":"General Civil Law","description":"Das allgemeine Zivilrecht bildet das Fundament unseres gesellschaftlichen Zusammenlebens und regelt die rechtlichen Beziehungen zwischen","robots":{"index":"index","follow":"follow","max-snippet":"max-snippet:-1","max-image-preview":"max-image-preview:large","max-video-preview":"max-video-preview:-1"},"canonical":"https:\/\/topuz-law.de\/en_gb\/allgemeines-zivilrecht\/","og_locale":"en_GB","og_type":"article","og_title":"Allgemeines Zivilrecht Allgemeines Zivilrecht","og_description":"Das allgemeine Zivilrecht bildet das Fundament unseres gesellschaftlichen Zusammenlebens und regelt die rechtlichen Beziehungen zwischen","og_url":"https:\/\/topuz-law.de\/en_gb\/allgemeines-zivilrecht\/","og_site_name":"Topuz Law","article_publisher":"https:\/\/www.facebook.com\/profile.php?id=61558419758393&locale=de_DE","article_modified_time":"2026-04-10T19:54:59+00:00","og_image":[{"width":300,"height":199,"url":"https:\/\/topuz-law.de\/wp-content\/uploads\/2025\/05\/throughts-3937313-scaled-1.png","type":"image\/png"}],"twitter_card":"summary_large_image","twitter_title":"Allgemeines Zivilrecht","twitter_misc":{"Estimated reading time":"4 minutes"},"schema":{"@context":"https:\/\/schema.org","@graph":[{"@type":"WebPage","@id":"https:\/\/topuz-law.de\/allgemeines-zivilrecht\/","url":"https:\/\/topuz-law.de\/allgemeines-zivilrecht\/","name":"General Civil Law","isPartOf":{"@id":"https:\/\/topuz-law.de\/#website"},"primaryImageOfPage":{"@id":"https:\/\/topuz-law.de\/allgemeines-zivilrecht\/#primaryimage"},"image":{"@id":"https:\/\/topuz-law.de\/allgemeines-zivilrecht\/#primaryimage"},"thumbnailUrl":"https:\/\/topuz-law.de\/wp-content\/uploads\/2025\/05\/throughts-3937313-scaled-1.png","datePublished":"2019-03-01T12:33:15+00:00","dateModified":"2026-04-10T19:54:59+00:00","description":"Das allgemeine Zivilrecht bildet das Fundament unseres gesellschaftlichen Zusammenlebens und regelt die rechtlichen Beziehungen zwischen","breadcrumb":{"@id":"https:\/\/topuz-law.de\/allgemeines-zivilrecht\/#breadcrumb"},"inLanguage":"en-GB","potentialAction":[{"@type":"ReadAction","target":["https:\/\/topuz-law.de\/allgemeines-zivilrecht\/"]}]},{"@type":"ImageObject","inLanguage":"en-GB","@id":"https:\/\/topuz-law.de\/allgemeines-zivilrecht\/#primaryimage","url":"https:\/\/topuz-law.de\/wp-content\/uploads\/2025\/05\/throughts-3937313-scaled-1.png","contentUrl":"https:\/\/topuz-law.de\/wp-content\/uploads\/2025\/05\/throughts-3937313-scaled-1.png"},{"@type":"BreadcrumbList","@id":"https:\/\/topuz-law.de\/allgemeines-zivilrecht\/#breadcrumb","itemListElement":[{"@type":"ListItem","position":1,"name":"Startseite","item":"https:\/\/topuz-law.de\/"},{"@type":"ListItem","position":2,"name":"Allgemeines Zivilrecht"}]},{"@type":"WebSite","@id":"https:\/\/topuz-law.de\/#website","url":"https:\/\/topuz-law.de\/","name":"Topuz Law","description":"Law Firm from D\u00fcsseldorf","publisher":{"@id":"https:\/\/topuz-law.de\/#organization"},"potentialAction":[{"@type":"SearchAction","target":{"@type":"EntryPoint","urlTemplate":"https:\/\/topuz-law.de\/?s={search_term_string}"},"query-input":{"@type":"PropertyValueSpecification","valueRequired":true,"valueName":"search_term_string"}}],"inLanguage":"en-GB"},{"@type":"Organization","@id":"https:\/\/topuz-law.de\/#organization","name":"Topuz Law","url":"https:\/\/topuz-law.de\/","logo":{"@type":"ImageObject","inLanguage":"en-GB","@id":"https:\/\/topuz-law.de\/#\/schema\/logo\/image\/","url":"https:\/\/topuz-law.de\/wp-content\/uploads\/2023\/10\/original_-_Kopie-removebg-preview.png","contentUrl":"https:\/\/topuz-law.de\/wp-content\/uploads\/2023\/10\/original_-_Kopie-removebg-preview.png","width":419,"height":475,"caption":"Topuz Law"},"image":{"@id":"https:\/\/topuz-law.de\/#\/schema\/logo\/image\/"},"sameAs":["https:\/\/www.facebook.com\/profile.php?id=61558419758393&locale=de_DE","https:\/\/www.linkedin.com\/company\/98966869\/"],"description":"Rechtsanwaltskanzlei mit Sitz in D\u00fcsseldorf. Spezialisiert auf das Handels- und Gesellschaftsrecht, allgemeines Zivilrecht, Prozessf\u00fchrung, Arbeitsrecht und Strafrecht.","email":"info@topuz-law.de","telephone":"021143637831","legalName":"Kanzlei Topuz Law, Rechtsanwalt Tolga Topuz","foundingDate":"2023-05-01","vatID":"DE362946119","numberOfEmployees":{"@type":"QuantitativeValue","minValue":"1","maxValue":"10"}}]}},"uagb_featured_image_src":{"full":false,"thumbnail":false,"medium":false,"medium_large":false,"large":false,"1536x1536":false,"2048x2048":false,"trp-custom-language-flag":false},"uagb_author_info":{"display_name":"admin","author_link":"https:\/\/topuz-law.de\/en_gb\/author\/admin\/"},"uagb_comment_info":0,"uagb_excerpt":"Lassen Sie uns Ihnen helfen! Wenn Sie rechtlichen Beistand ben\u00f6tigen, k\u00f6nnen Sie jederzeit kontaktieren. Wir werden uns unverz\u00fcglich bei Ihnen melden. Bei Eilbed\u00fcrftigkeit rufen Sie uns kurzfristig an. Allgemeines Zivilrecht Die Basis des gesellschaftlichen Zusammenlebens I. Einf\u00fchrung Das allgemeine Zivilrecht bildet das Fundament unseres gesellschaftlichen Zusammenlebens und regelt die rechtlichen Beziehungen zwischen nat\u00fcrlichen und juristischen&hellip;","_links":{"self":[{"href":"https:\/\/topuz-law.de\/en_gb\/wp-json\/wp\/v2\/pages\/6684","targetHints":{"allow":["GET"]}}],"collection":[{"href":"https:\/\/topuz-law.de\/en_gb\/wp-json\/wp\/v2\/pages"}],"about":[{"href":"https:\/\/topuz-law.de\/en_gb\/wp-json\/wp\/v2\/types\/page"}],"author":[{"embeddable":true,"href":"https:\/\/topuz-law.de\/en_gb\/wp-json\/wp\/v2\/users\/1"}],"replies":[{"embeddable":true,"href":"https:\/\/topuz-law.de\/en_gb\/wp-json\/wp\/v2\/comments?post=6684"}],"version-history":[{"count":0,"href":"https:\/\/topuz-law.de\/en_gb\/wp-json\/wp\/v2\/pages\/6684\/revisions"}],"wp:attachment":[{"href":"https:\/\/topuz-law.de\/en_gb\/wp-json\/wp\/v2\/media?parent=6684"}],"curies":[{"name":"wp","href":"https:\/\/api.w.org\/{rel}","templated":true}]}}