{"id":6691,"date":"2019-03-01T12:40:20","date_gmt":"2019-03-01T12:40:20","guid":{"rendered":"https:\/\/demo.goodlayers.com\/attorna\/?page_id=6691"},"modified":"2025-09-30T19:40:57","modified_gmt":"2025-09-30T17:40:57","slug":"gesellschaftsrecht","status":"publish","type":"page","link":"https:\/\/topuz-law.de\/en_gb\/gesellschaftsrecht\/","title":{"rendered":"Corporate Law"},"content":{"rendered":"<div class=\"wp-block-uagb-container uagb-block-67539938 default uagb-is-root-container\">\n<div class=\"wp-block-uagb-container uagb-block-982f8ce0\">\n<h3 class=\"wp-block-heading has-text-color has-link-color wp-elements-0e04cc0a0cbcaf190ff4b09191f4cf14\" id=\"h-lassen-sie-uns-ihnen-helfen\" style=\"color:#b1976b\">Let us help you!<\/h3>\n\n\n\n<p>If you need help, please feel free to contact us. We will get back to you as soon as possible. If you need urgent assistance, please call the following number:<\/p>\n\n\n\n<div class=\"wp-block-uagb-icon-list uagb-block-fa41cd1f\"><div class=\"uagb-icon-list__wrap\">\n<div class=\"wp-block-uagb-icon-list-child uagb-block-f8d6f725\"><span class=\"uagb-icon-list__source-wrap\"><svg xmlns=\"https:\/\/www.w3.org\/2000\/svg\" viewbox=\"0 0 512 512\"><path d=\"M464 64C490.5 64 512 85.49 512 112C512 127.1 504.9 141.3 492.8 150.4L275.2 313.6C263.8 322.1 248.2 322.1 236.8 313.6L19.2 150.4C7.113 141.3 0 127.1 0 112C0 85.49 21.49 64 48 64H464zM217.6 339.2C240.4 356.3 271.6 356.3 294.4 339.2L512 176V384C512 419.3 483.3 448 448 448H64C28.65 448 0 419.3 0 384V176L217.6 339.2z\"><\/path><\/svg><\/span><span class=\"uagb-icon-list__label\">info@topuz-law.de<\/span><\/div>\n\n\n\n<div class=\"wp-block-uagb-icon-list-child uagb-block-a74e0138\"><span class=\"uagb-icon-list__source-wrap\"><svg xmlns=\"https:\/\/www.w3.org\/2000\/svg\" viewbox=\"0 0 512 512\"><path d=\"M256 512C114.6 512 0 397.4 0 256C0 114.6 114.6 0 256 0C397.4 0 512 114.6 512 256C512 397.4 397.4 512 256 512zM232 256C232 264 236 271.5 242.7 275.1L338.7 339.1C349.7 347.3 364.6 344.3 371.1 333.3C379.3 322.3 376.3 307.4 365.3 300L280 243.2V120C280 106.7 269.3 96 255.1 96C242.7 96 231.1 106.7 231.1 120L232 256z\"><\/path><\/svg><\/span><span class=\"uagb-icon-list__label\">Mo \u2013 Fr 07:30-19:00<\/span><\/div>\n\n\n\n<div class=\"wp-block-uagb-icon-list-child uagb-block-fb57780d\"><span class=\"uagb-icon-list__source-wrap\"><svg xmlns=\"https:\/\/www.w3.org\/2000\/svg\" viewbox=\"0 0 512 512\"><path d=\"M511.2 387l-23.25 100.8c-3.266 14.25-15.79 24.22-30.46 24.22C205.2 512 0 306.8 0 54.5c0-14.66 9.969-27.2 24.22-30.45l100.8-23.25C139.7-2.602 154.7 5.018 160.8 18.92l46.52 108.5c5.438 12.78 1.77 27.67-8.98 36.45L144.5 207.1c33.98 69.22 90.26 125.5 159.5 159.5l44.08-53.8c8.688-10.78 23.69-14.51 36.47-8.975l108.5 46.51C506.1 357.2 514.6 372.4 511.2 387z\"><\/path><\/svg><\/span><span class=\"uagb-icon-list__label\">+49 211 43637831<\/span><\/div>\n<\/div><\/div>\n<\/div>\n\n\n\n<div class=\"wp-block-uagb-container uagb-block-9e8041e2\">\n<h1 class=\"wp-block-heading has-text-color has-link-color wp-elements-bc3ede55b04d53073c0ed77f9e7e911d\" id=\"h-gesellschaftsrecht-im-unternehmenskontext\" style=\"color:#b1976b\">Company Law in the Corporate Context<\/h1>\n\n\n\n<h2 class=\"wp-block-heading\" id=\"h-eine-kurze-einfuhrung-in-die-rechtlichen-grundlagen\">A brief introduction to the legal basis<\/h2>\n\n\n\n<div class=\"wp-block-uagb-image uagb-block-8d27425c wp-block-uagb-image--layout-default wp-block-uagb-image--effect-static wp-block-uagb-image--align-none\"><figure class=\"wp-block-uagb-image__figure\"><img decoding=\"async\" srcset=\"https:\/\/topuz-law.de\/wp-content\/uploads\/2023\/11\/chess-4794265-1024x683.webp ,https:\/\/topuz-law.de\/wp-content\/uploads\/2023\/11\/chess-4794265-scaled.webp 780w, https:\/\/topuz-law.de\/wp-content\/uploads\/2023\/11\/chess-4794265-1024x683.webp 360w\" sizes=\"auto, (max-width: 480px) 150px\" src=\"https:\/\/topuz-law.de\/wp-content\/uploads\/2023\/11\/chess-4794265-1024x683.webp\" alt=\"\" class=\"uag-image-9858\" width=\"1024\" height=\"683\" title=\"chess-4794265\" loading=\"lazy\" role=\"img\"\/><\/figure><\/div>\n\n\n\n<p>Das Gesellschaftsrecht bildet das juristische R\u00fcckgrat unserer Wirtschaftswelt und regelt alle wesentlichen Facetten des Unternehmensrechts, von der Gr\u00fcndung, zur Unternehmensf\u00fchrung bis hin zur Liquidation (Aufl\u00f6sung)&nbsp; von Unternehmungen (Gesellschaften).<\/p>\n\n\n\n<h2 class=\"wp-block-heading\"><strong>I. Foundation<\/strong><\/h2>\n\n\n\n<p>Every company founder inevitably has to deal with central questions of company law at a very early stage. As a rule, the first point of contact with company law is the question of the legal form of the company.<\/p>\n\n\n\n<p>German and European company law offers numerous structuring options to choose from. The possible legal forms can be roughly divided into partnerships and corporations.<\/p>\n\n\n\n<p>Partnerships include the following, among others:<\/p>\n\n\n\n<p>\u2013 Gesellschaft b\u00fcrgerlichen Recht (GbR)<br>\u2013 Offene Handelsgesellschaft (OHG)<br>\u2013 Kommanditgesellschaft (KG)<br>\u2013 Partnerschaftsgesellschaft (PartG)<\/p>\n\n\n\n<p>Corporations include the following, among others:<\/p>\n\n\n\n<p>\u2013 Gesellschaft mit beschr\u00e4nkter Haftung (GmbH)<br>\u2013 Aktiengesellschaft (AG)<br>\u2013 Unternehmergesellschaft (UG)<\/p>\n\n\n\n<p>Daneben existieren \u201eMischformen\u201c aus Personen- und Kapitalgesellschaften, die etwa die Steuervorteile der Personengesellschaft und die Haftungsbeschr\u00e4nkung der Kapitalgesellschaft in sich vereinen. Die wohl bekannteste \u201eMischform\u201c ist die GmbH &amp; Co. KG. An dieser Stelle sei angemerkt, dass es sich bei der GmbH &amp; Co. KG streng genommen um keine wirkliche \u201eMischform\u201c handelt. Im Au\u00dfenverh\u00e4ltnis handelt es sich hierbei formal um eine Kommanditgesellschaft.<\/p>\n\n\n\n<p>Innerhalb der Europ\u00e4ischen Union gibt es noch die M\u00f6glichkeit, europ\u00e4ische Gesellschaftsformen zu gr\u00fcnden und in die jeweiligen nationalen Handelsregister eintragen zu lassen. Zu den bekanntesten Rechtsformen z\u00e4hlt wohl die Europ\u00e4ische Aktiengesellschaft (Societas Europaea, SE).<\/p>\n\n\n\n<p>Each of these legal forms has advantages and disadvantages. Before choosing the \"right\" legal form, the client's medium and long-term objectives must be carefully worked out. Choosing the \"wrong\" legal form can result in considerable tax disadvantages, fines under capital market law or even, in the worst case, financial ruin (if the shareholder is personally liable).<\/p>\n\n\n\n<h2 class=\"wp-block-heading\"><strong>II. Corporate Management<\/strong><\/h2>\n\n\n\n<p>In addition to the choice of legal form, questions of company management play a crucial role for every company founder. Inaccuracies in regulating the modalities of company management can \"take revenge\", especially in times of crisis.<\/p>\n\n\n\n<p>Partners are only human. Everyone reacts differently under pressure. Some people lose their nerve and just want to get out of the company. Others feel \"ignored\" and fall into a kind of \"blockade attitude\", which can lead to every decision being opposed. In this context, it is advisable to draw up shareholder agreements, ideally at the time the company is founded. Such agreements regulate the relationships between the shareholders and, unlike the shareholders' agreement or articles of association, do not have to be filed in the commercial register.<\/p>\n\n\n\n<h2 class=\"wp-block-heading\"><strong>III. Sale of the company \/ liquidation \/ restructuring<\/strong><\/h2>\n\n\n\n<p>An entrepreneur is characterised by entrepreneurial risk and entrepreneurial initiative. Entrepreneurial risk often manifests itself in the fact that the company fails or does not develop as hoped.<\/p>\n\n\n\n<p>Neben der Liquidation (Aufl\u00f6sung) als klassisches Mittel der \u201eBeseitigung\u201c einer Unternehmung, besteht u. a. die M\u00f6glichkeit des Verkaufes (Share- oder Asset-Deal), der L\u00f6schung durch das Registergericht (vgl. \u00a7 394\u00a0Familienverfahrensgesetz, FamFG) oder der Umwandlung (Verschmelzung). In den letzten Jahren hat vor allem das Umwandlungsrecht in der gesellschaftsrechtlichen Praxis an Bedeutung gewonnen. Vor allem Konzerne bevorzugen es, Tochtergesellschaften mit unwirtschaftlichen Sparten zu \u201eschlucken\u201c statt solche medienwirksam zu ver\u00e4u\u00dfern oder zu liquidieren.<\/p>\n\n\n\n<div class=\"wp-block-uagb-buttons uagb-buttons__outer-wrap uagb-btn__default-btn uagb-btn-tablet__default-btn uagb-btn-mobile__default-btn uagb-block-2455a1ce\"><div class=\"uagb-buttons__wrap uagb-buttons-layout-wrap\">\n<div class=\"wp-block-uagb-buttons-child uagb-buttons__outer-wrap uagb-block-b32946ea wp-block-button\"><div class=\"uagb-button__wrapper\"><a class=\"uagb-buttons-repeater wp-block-button__link\" aria-label=\"\" href=\"\/en_gb\/kontakt\/\" rel=\"follow noopener\" target=\"_self\" role=\"button\"><div class=\"uagb-button__link\">Contact us now<\/div><\/a><\/div><\/div>\n<\/div><\/div>\n<\/div>\n<\/div>","protected":false},"excerpt":{"rendered":"<p>Lassen Sie uns Ihnen helfen! Wenn Sie Hilfe ben\u00f6tigen, k\u00f6nnen Sie uns gerne kontaktieren. Wir werden uns unverz\u00fcglich bei Ihnen melden. Bei Eilbed\u00fcrftigkeit rufen Sie bitte folgende Nummer an: Gesellschaftsrecht im Unternehmenskontext Eine kurze Einf\u00fchrung in die rechtlichen Grundlagen Das Gesellschaftsrecht bildet das juristische R\u00fcckgrat unserer Wirtschaftswelt und regelt alle wesentlichen Facetten des Unternehmensrechts, von [&hellip;]<\/p>\n","protected":false},"author":1,"featured_media":0,"parent":0,"menu_order":0,"comment_status":"closed","ping_status":"closed","template":"","meta":{"_uag_custom_page_level_css":"","site-sidebar-layout":"default","site-content-layout":"","ast-site-content-layout":"","site-content-style":"default","site-sidebar-style":"default","ast-global-header-display":"","ast-banner-title-visibility":"","ast-main-header-display":"","ast-hfb-above-header-display":"","ast-hfb-below-header-display":"","ast-hfb-mobile-header-display":"","site-post-title":"disabled","ast-breadcrumbs-content":"","ast-featured-img":"","footer-sml-layout":"","ast-disable-related-posts":"","theme-transparent-header-meta":"","adv-header-id-meta":"","stick-header-meta":"","header-above-stick-meta":"","header-main-stick-meta":"","header-below-stick-meta":"","astra-migrate-meta-layouts":"default","ast-page-background-enabled":"default","ast-page-background-meta":{"desktop":{"background-color":"var(--ast-global-color-5)","background-image":"","background-repeat":"repeat","background-position":"center center","background-size":"auto","background-attachment":"scroll","background-type":"","background-media":"","overlay-type":"","overlay-color":"","overlay-opacity":"","overlay-gradient":""},"tablet":{"background-color":"","background-image":"","background-repeat":"repeat","background-position":"center center","background-size":"auto","background-attachment":"scroll","background-type":"","background-media":"","overlay-type":"","overlay-color":"","overlay-opacity":"","overlay-gradient":""},"mobile":{"background-color":"","background-image":"","background-repeat":"repeat","background-position":"center center","background-size":"auto","background-attachment":"scroll","background-type":"","background-media":"","overlay-type":"","overlay-color":"","overlay-opacity":"","overlay-gradient":""}},"ast-content-background-meta":{"desktop":{"background-color":"var(--ast-global-color-4)","background-image":"","background-repeat":"repeat","background-position":"center center","background-size":"auto","background-attachment":"scroll","background-type":"","background-media":"","overlay-type":"","overlay-color":"","overlay-opacity":"","overlay-gradient":""},"tablet":{"background-color":"var(--ast-global-color-4)","background-image":"","background-repeat":"repeat","background-position":"center center","background-size":"auto","background-attachment":"scroll","background-type":"","background-media":"","overlay-type":"","overlay-color":"","overlay-opacity":"","overlay-gradient":""},"mobile":{"background-color":"var(--ast-global-color-4)","background-image":"","background-repeat":"repeat","background-position":"center center","background-size":"auto","background-attachment":"scroll","background-type":"","background-media":"","overlay-type":"","overlay-color":"","overlay-opacity":"","overlay-gradient":""}},"footnotes":""},"class_list":["post-6691","page","type-page","status-publish","hentry"],"yoast_head":"<!-- This site is optimized with the Yoast SEO Premium plugin v27.3 (Yoast SEO v27.3) - https:\/\/yoast.com\/product\/yoast-seo-premium-wordpress\/ -->\n<title>Gesellschaftsrecht<\/title>\n<meta name=\"description\" content=\"Das Gesellschaftsrecht bildet das juristische R\u00fcckgrat unserer Wirtschaftswelt und regelt alle wesentlichen Facetten des Unternehmensrechts.\" \/>\n<meta name=\"robots\" content=\"index, follow, max-snippet:-1, max-image-preview:large, max-video-preview:-1\" \/>\n<link rel=\"canonical\" href=\"https:\/\/topuz-law.de\/en_gb\/gesellschaftsrecht\/\" \/>\n<meta property=\"og:locale\" content=\"en_GB\" \/>\n<meta property=\"og:type\" content=\"article\" \/>\n<meta property=\"og:title\" content=\"Gesellschaftsrecht\" \/>\n<meta property=\"og:description\" content=\"Das Gesellschaftsrecht bildet das juristische R\u00fcckgrat unserer Wirtschaftswelt und regelt alle wesentlichen Facetten des Unternehmensrechts.\" \/>\n<meta property=\"og:url\" content=\"https:\/\/topuz-law.de\/en_gb\/gesellschaftsrecht\/\" \/>\n<meta property=\"og:site_name\" content=\"Topuz Law\" \/>\n<meta property=\"article:publisher\" content=\"https:\/\/www.facebook.com\/profile.php?id=61558419758393&amp;locale=de_DE\" \/>\n<meta property=\"article:modified_time\" content=\"2025-09-30T17:40:57+00:00\" \/>\n<meta property=\"og:image\" content=\"https:\/\/topuz-law.de\/wp-content\/uploads\/2023\/11\/chess-4794265-1024x683.webp\" \/>\n<meta name=\"twitter:card\" content=\"summary_large_image\" \/>\n<meta name=\"twitter:label1\" content=\"Estimated reading time\" \/>\n\t<meta name=\"twitter:data1\" content=\"4 minutes\" \/>\n<script type=\"application\/ld+json\" class=\"yoast-schema-graph\">{\"@context\":\"https:\\\/\\\/schema.org\",\"@graph\":[{\"@type\":\"WebPage\",\"@id\":\"https:\\\/\\\/topuz-law.de\\\/gesellschaftsrecht\\\/\",\"url\":\"https:\\\/\\\/topuz-law.de\\\/gesellschaftsrecht\\\/\",\"name\":\"Gesellschaftsrecht\",\"isPartOf\":{\"@id\":\"https:\\\/\\\/topuz-law.de\\\/#website\"},\"primaryImageOfPage\":{\"@id\":\"https:\\\/\\\/topuz-law.de\\\/gesellschaftsrecht\\\/#primaryimage\"},\"image\":{\"@id\":\"https:\\\/\\\/topuz-law.de\\\/gesellschaftsrecht\\\/#primaryimage\"},\"thumbnailUrl\":\"https:\\\/\\\/topuz-law.de\\\/wp-content\\\/uploads\\\/2023\\\/11\\\/chess-4794265-1024x683.webp\",\"datePublished\":\"2019-03-01T12:40:20+00:00\",\"dateModified\":\"2025-09-30T17:40:57+00:00\",\"description\":\"Das Gesellschaftsrecht bildet das juristische R\u00fcckgrat unserer Wirtschaftswelt und regelt alle wesentlichen Facetten des Unternehmensrechts.\",\"breadcrumb\":{\"@id\":\"https:\\\/\\\/topuz-law.de\\\/gesellschaftsrecht\\\/#breadcrumb\"},\"inLanguage\":\"en-GB\",\"potentialAction\":[{\"@type\":\"ReadAction\",\"target\":[\"https:\\\/\\\/topuz-law.de\\\/gesellschaftsrecht\\\/\"]}]},{\"@type\":\"ImageObject\",\"inLanguage\":\"en-GB\",\"@id\":\"https:\\\/\\\/topuz-law.de\\\/gesellschaftsrecht\\\/#primaryimage\",\"url\":\"https:\\\/\\\/topuz-law.de\\\/wp-content\\\/uploads\\\/2023\\\/11\\\/chess-4794265-1024x683.webp\",\"contentUrl\":\"https:\\\/\\\/topuz-law.de\\\/wp-content\\\/uploads\\\/2023\\\/11\\\/chess-4794265-1024x683.webp\"},{\"@type\":\"BreadcrumbList\",\"@id\":\"https:\\\/\\\/topuz-law.de\\\/gesellschaftsrecht\\\/#breadcrumb\",\"itemListElement\":[{\"@type\":\"ListItem\",\"position\":1,\"name\":\"Startseite\",\"item\":\"https:\\\/\\\/topuz-law.de\\\/\"},{\"@type\":\"ListItem\",\"position\":2,\"name\":\"Gesellschaftsrecht\"}]},{\"@type\":\"WebSite\",\"@id\":\"https:\\\/\\\/topuz-law.de\\\/#website\",\"url\":\"https:\\\/\\\/topuz-law.de\\\/\",\"name\":\"Topuz Law\",\"description\":\"Kanzlei aus D\u00fcsseldorf\",\"publisher\":{\"@id\":\"https:\\\/\\\/topuz-law.de\\\/#organization\"},\"potentialAction\":[{\"@type\":\"SearchAction\",\"target\":{\"@type\":\"EntryPoint\",\"urlTemplate\":\"https:\\\/\\\/topuz-law.de\\\/?s={search_term_string}\"},\"query-input\":{\"@type\":\"PropertyValueSpecification\",\"valueRequired\":true,\"valueName\":\"search_term_string\"}}],\"inLanguage\":\"en-GB\"},{\"@type\":\"Organization\",\"@id\":\"https:\\\/\\\/topuz-law.de\\\/#organization\",\"name\":\"Topuz Law\",\"url\":\"https:\\\/\\\/topuz-law.de\\\/\",\"logo\":{\"@type\":\"ImageObject\",\"inLanguage\":\"en-GB\",\"@id\":\"https:\\\/\\\/topuz-law.de\\\/#\\\/schema\\\/logo\\\/image\\\/\",\"url\":\"https:\\\/\\\/topuz-law.de\\\/wp-content\\\/uploads\\\/2023\\\/10\\\/original_-_Kopie-removebg-preview.png\",\"contentUrl\":\"https:\\\/\\\/topuz-law.de\\\/wp-content\\\/uploads\\\/2023\\\/10\\\/original_-_Kopie-removebg-preview.png\",\"width\":419,\"height\":475,\"caption\":\"Topuz Law\"},\"image\":{\"@id\":\"https:\\\/\\\/topuz-law.de\\\/#\\\/schema\\\/logo\\\/image\\\/\"},\"sameAs\":[\"https:\\\/\\\/www.facebook.com\\\/profile.php?id=61558419758393&locale=de_DE\",\"https:\\\/\\\/www.linkedin.com\\\/company\\\/98966869\\\/\"],\"description\":\"Rechtsanwaltskanzlei mit Sitz in D\u00fcsseldorf. Spezialisiert auf das Handels- und Gesellschaftsrecht, allgemeines Zivilrecht, Prozessf\u00fchrung, Arbeitsrecht und Strafrecht.\",\"email\":\"info@topuz-law.de\",\"telephone\":\"021143637831\",\"legalName\":\"Kanzlei Topuz Law, Rechtsanwalt Tolga Topuz\",\"foundingDate\":\"2023-05-01\",\"vatID\":\"DE362946119\",\"numberOfEmployees\":{\"@type\":\"QuantitativeValue\",\"minValue\":\"1\",\"maxValue\":\"10\"}}]}<\/script>\n<!-- \/ Yoast SEO Premium plugin. -->","yoast_head_json":{"title":"Corporate Law","description":"Das Gesellschaftsrecht bildet das juristische R\u00fcckgrat unserer Wirtschaftswelt und regelt alle wesentlichen Facetten des Unternehmensrechts.","robots":{"index":"index","follow":"follow","max-snippet":"max-snippet:-1","max-image-preview":"max-image-preview:large","max-video-preview":"max-video-preview:-1"},"canonical":"https:\/\/topuz-law.de\/en_gb\/gesellschaftsrecht\/","og_locale":"en_GB","og_type":"article","og_title":"Gesellschaftsrecht","og_description":"Das Gesellschaftsrecht bildet das juristische R\u00fcckgrat unserer Wirtschaftswelt und regelt alle wesentlichen Facetten des Unternehmensrechts.","og_url":"https:\/\/topuz-law.de\/en_gb\/gesellschaftsrecht\/","og_site_name":"Topuz Law","article_publisher":"https:\/\/www.facebook.com\/profile.php?id=61558419758393&locale=de_DE","article_modified_time":"2025-09-30T17:40:57+00:00","og_image":[{"url":"https:\/\/topuz-law.de\/wp-content\/uploads\/2023\/11\/chess-4794265-1024x683.webp","type":"","width":"","height":""}],"twitter_card":"summary_large_image","twitter_misc":{"Estimated reading time":"4 minutes"},"schema":{"@context":"https:\/\/schema.org","@graph":[{"@type":"WebPage","@id":"https:\/\/topuz-law.de\/gesellschaftsrecht\/","url":"https:\/\/topuz-law.de\/gesellschaftsrecht\/","name":"Corporate Law","isPartOf":{"@id":"https:\/\/topuz-law.de\/#website"},"primaryImageOfPage":{"@id":"https:\/\/topuz-law.de\/gesellschaftsrecht\/#primaryimage"},"image":{"@id":"https:\/\/topuz-law.de\/gesellschaftsrecht\/#primaryimage"},"thumbnailUrl":"https:\/\/topuz-law.de\/wp-content\/uploads\/2023\/11\/chess-4794265-1024x683.webp","datePublished":"2019-03-01T12:40:20+00:00","dateModified":"2025-09-30T17:40:57+00:00","description":"Das Gesellschaftsrecht bildet das juristische R\u00fcckgrat unserer Wirtschaftswelt und regelt alle wesentlichen Facetten des Unternehmensrechts.","breadcrumb":{"@id":"https:\/\/topuz-law.de\/gesellschaftsrecht\/#breadcrumb"},"inLanguage":"en-GB","potentialAction":[{"@type":"ReadAction","target":["https:\/\/topuz-law.de\/gesellschaftsrecht\/"]}]},{"@type":"ImageObject","inLanguage":"en-GB","@id":"https:\/\/topuz-law.de\/gesellschaftsrecht\/#primaryimage","url":"https:\/\/topuz-law.de\/wp-content\/uploads\/2023\/11\/chess-4794265-1024x683.webp","contentUrl":"https:\/\/topuz-law.de\/wp-content\/uploads\/2023\/11\/chess-4794265-1024x683.webp"},{"@type":"BreadcrumbList","@id":"https:\/\/topuz-law.de\/gesellschaftsrecht\/#breadcrumb","itemListElement":[{"@type":"ListItem","position":1,"name":"Startseite","item":"https:\/\/topuz-law.de\/"},{"@type":"ListItem","position":2,"name":"Gesellschaftsrecht"}]},{"@type":"WebSite","@id":"https:\/\/topuz-law.de\/#website","url":"https:\/\/topuz-law.de\/","name":"Topuz Law","description":"Law Firm from D\u00fcsseldorf","publisher":{"@id":"https:\/\/topuz-law.de\/#organization"},"potentialAction":[{"@type":"SearchAction","target":{"@type":"EntryPoint","urlTemplate":"https:\/\/topuz-law.de\/?s={search_term_string}"},"query-input":{"@type":"PropertyValueSpecification","valueRequired":true,"valueName":"search_term_string"}}],"inLanguage":"en-GB"},{"@type":"Organization","@id":"https:\/\/topuz-law.de\/#organization","name":"Topuz Law","url":"https:\/\/topuz-law.de\/","logo":{"@type":"ImageObject","inLanguage":"en-GB","@id":"https:\/\/topuz-law.de\/#\/schema\/logo\/image\/","url":"https:\/\/topuz-law.de\/wp-content\/uploads\/2023\/10\/original_-_Kopie-removebg-preview.png","contentUrl":"https:\/\/topuz-law.de\/wp-content\/uploads\/2023\/10\/original_-_Kopie-removebg-preview.png","width":419,"height":475,"caption":"Topuz Law"},"image":{"@id":"https:\/\/topuz-law.de\/#\/schema\/logo\/image\/"},"sameAs":["https:\/\/www.facebook.com\/profile.php?id=61558419758393&locale=de_DE","https:\/\/www.linkedin.com\/company\/98966869\/"],"description":"Rechtsanwaltskanzlei mit Sitz in D\u00fcsseldorf. Spezialisiert auf das Handels- und Gesellschaftsrecht, allgemeines Zivilrecht, Prozessf\u00fchrung, Arbeitsrecht und Strafrecht.","email":"info@topuz-law.de","telephone":"021143637831","legalName":"Kanzlei Topuz Law, Rechtsanwalt Tolga Topuz","foundingDate":"2023-05-01","vatID":"DE362946119","numberOfEmployees":{"@type":"QuantitativeValue","minValue":"1","maxValue":"10"}}]}},"uagb_featured_image_src":{"full":false,"thumbnail":false,"medium":false,"medium_large":false,"large":false,"1536x1536":false,"2048x2048":false,"trp-custom-language-flag":false},"uagb_author_info":{"display_name":"admin","author_link":"https:\/\/topuz-law.de\/en_gb\/author\/admin\/"},"uagb_comment_info":0,"uagb_excerpt":"Lassen Sie uns Ihnen helfen! Wenn Sie Hilfe ben\u00f6tigen, k\u00f6nnen Sie uns gerne kontaktieren. Wir werden uns unverz\u00fcglich bei Ihnen melden. Bei Eilbed\u00fcrftigkeit rufen Sie bitte folgende Nummer an: Gesellschaftsrecht im Unternehmenskontext Eine kurze Einf\u00fchrung in die rechtlichen Grundlagen Das Gesellschaftsrecht bildet das juristische R\u00fcckgrat unserer Wirtschaftswelt und regelt alle wesentlichen Facetten des Unternehmensrechts, von&hellip;","_links":{"self":[{"href":"https:\/\/topuz-law.de\/en_gb\/wp-json\/wp\/v2\/pages\/6691","targetHints":{"allow":["GET"]}}],"collection":[{"href":"https:\/\/topuz-law.de\/en_gb\/wp-json\/wp\/v2\/pages"}],"about":[{"href":"https:\/\/topuz-law.de\/en_gb\/wp-json\/wp\/v2\/types\/page"}],"author":[{"embeddable":true,"href":"https:\/\/topuz-law.de\/en_gb\/wp-json\/wp\/v2\/users\/1"}],"replies":[{"embeddable":true,"href":"https:\/\/topuz-law.de\/en_gb\/wp-json\/wp\/v2\/comments?post=6691"}],"version-history":[{"count":0,"href":"https:\/\/topuz-law.de\/en_gb\/wp-json\/wp\/v2\/pages\/6691\/revisions"}],"wp:attachment":[{"href":"https:\/\/topuz-law.de\/en_gb\/wp-json\/wp\/v2\/media?parent=6691"}],"curies":[{"name":"wp","href":"https:\/\/api.w.org\/{rel}","templated":true}]}}