{"id":6701,"date":"2019-03-01T12:56:14","date_gmt":"2019-03-01T12:56:14","guid":{"rendered":"https:\/\/demo.goodlayers.com\/attorna\/?page_id=6701"},"modified":"2025-09-30T19:41:05","modified_gmt":"2025-09-30T17:41:05","slug":"handelsrecht","status":"publish","type":"page","link":"https:\/\/topuz-law.de\/en_gb\/handelsrecht\/","title":{"rendered":"Commercial Law"},"content":{"rendered":"<div class=\"wp-block-uagb-container uagb-block-67539938 default uagb-is-root-container\">\n<div class=\"wp-block-uagb-container uagb-block-982f8ce0\">\n<h3 class=\"wp-block-heading has-text-color has-link-color wp-elements-0e04cc0a0cbcaf190ff4b09191f4cf14\" id=\"h-lassen-sie-uns-ihnen-helfen\" style=\"color:#b1976b\">Let us help you!<\/h3>\n\n\n\n<p>If you need help, please feel free to contact us. We will get back to you as soon as possible. If you need urgent assistance, please call the following number:<\/p>\n\n\n\n<div class=\"wp-block-uagb-icon-list uagb-block-fa41cd1f\"><div class=\"uagb-icon-list__wrap\">\n<div class=\"wp-block-uagb-icon-list-child uagb-block-f8d6f725\"><span class=\"uagb-icon-list__source-wrap\"><svg xmlns=\"https:\/\/www.w3.org\/2000\/svg\" viewbox=\"0 0 512 512\"><path d=\"M464 64C490.5 64 512 85.49 512 112C512 127.1 504.9 141.3 492.8 150.4L275.2 313.6C263.8 322.1 248.2 322.1 236.8 313.6L19.2 150.4C7.113 141.3 0 127.1 0 112C0 85.49 21.49 64 48 64H464zM217.6 339.2C240.4 356.3 271.6 356.3 294.4 339.2L512 176V384C512 419.3 483.3 448 448 448H64C28.65 448 0 419.3 0 384V176L217.6 339.2z\"><\/path><\/svg><\/span><span class=\"uagb-icon-list__label\">info@topuz-law.de<\/span><\/div>\n\n\n\n<div class=\"wp-block-uagb-icon-list-child uagb-block-a74e0138\"><span class=\"uagb-icon-list__source-wrap\"><svg xmlns=\"https:\/\/www.w3.org\/2000\/svg\" viewbox=\"0 0 512 512\"><path d=\"M256 512C114.6 512 0 397.4 0 256C0 114.6 114.6 0 256 0C397.4 0 512 114.6 512 256C512 397.4 397.4 512 256 512zM232 256C232 264 236 271.5 242.7 275.1L338.7 339.1C349.7 347.3 364.6 344.3 371.1 333.3C379.3 322.3 376.3 307.4 365.3 300L280 243.2V120C280 106.7 269.3 96 255.1 96C242.7 96 231.1 106.7 231.1 120L232 256z\"><\/path><\/svg><\/span><span class=\"uagb-icon-list__label\">Mo \u2013 Fr 07:30-19:00<\/span><\/div>\n\n\n\n<div class=\"wp-block-uagb-icon-list-child uagb-block-fb57780d\"><span class=\"uagb-icon-list__source-wrap\"><svg xmlns=\"https:\/\/www.w3.org\/2000\/svg\" viewbox=\"0 0 512 512\"><path d=\"M511.2 387l-23.25 100.8c-3.266 14.25-15.79 24.22-30.46 24.22C205.2 512 0 306.8 0 54.5c0-14.66 9.969-27.2 24.22-30.45l100.8-23.25C139.7-2.602 154.7 5.018 160.8 18.92l46.52 108.5c5.438 12.78 1.77 27.67-8.98 36.45L144.5 207.1c33.98 69.22 90.26 125.5 159.5 159.5l44.08-53.8c8.688-10.78 23.69-14.51 36.47-8.975l108.5 46.51C506.1 357.2 514.6 372.4 511.2 387z\"><\/path><\/svg><\/span><span class=\"uagb-icon-list__label\">+49 211 43637831<\/span><\/div>\n<\/div><\/div>\n<\/div>\n\n\n\n<div class=\"wp-block-uagb-container uagb-block-9e8041e2\">\n<h1 class=\"wp-block-heading has-text-color has-link-color wp-elements-d4f7634387da1e3d9931fd8ad14eefb4\" id=\"h-grundlagen-des-handelsrechts\" style=\"color:#b1976b\">Basics of Commercial Law<\/h1>\n\n\n\n<h2 class=\"wp-block-heading\" id=\"h-der-unternehmerische-rechtsverkehr-und-seine-besonderheiten\">Corporate legal transactions and their special features<\/h2>\n\n\n\n<div class=\"wp-block-uagb-image uagb-block-f1822b00 wp-block-uagb-image--layout-default wp-block-uagb-image--effect-static wp-block-uagb-image--align-none uag-hide-mob\"><figure class=\"wp-block-uagb-image__figure\"><img decoding=\"async\" srcset=\"https:\/\/topuz-law.de\/wp-content\/uploads\/2023\/10\/container-4203677-1024x683.jpg ,https:\/\/topuz-law.de\/wp-content\/uploads\/2023\/10\/container-4203677-scaled.jpg 780w, https:\/\/topuz-law.de\/wp-content\/uploads\/2023\/10\/container-4203677-scaled.jpg 360w\" sizes=\"auto, (max-width: 480px) 150px\" src=\"https:\/\/topuz-law.de\/wp-content\/uploads\/2023\/10\/container-4203677-1024x683.jpg\" alt=\"\" class=\"uag-image-7826\" width=\"1000\" height=\"400\" title=\"container-4203677\" loading=\"lazy\" role=\"img\"\/><\/figure><\/div>\n\n\n\n<div class=\"wp-block-uagb-image uagb-block-b8bdf3cd wp-block-uagb-image--layout-default wp-block-uagb-image--effect-static wp-block-uagb-image--align-none uag-hide-desktop uag-hide-tab\"><figure class=\"wp-block-uagb-image__figure\"><img decoding=\"async\" srcset=\"https:\/\/topuz-law.de\/wp-content\/uploads\/2025\/05\/container-4203677-scaled-1-1.jpg ,https:\/\/topuz-law.de\/wp-content\/uploads\/2025\/05\/container-4203677-scaled-1-1.jpg 780w, https:\/\/topuz-law.de\/wp-content\/uploads\/2025\/05\/container-4203677-scaled-1-1.jpg 360w\" sizes=\"auto, (max-width: 480px) 150px\" src=\"https:\/\/topuz-law.de\/wp-content\/uploads\/2025\/05\/container-4203677-scaled-1-1.jpg\" alt=\"\" class=\"uag-image-15826\" width=\"1024\" height=\"683\" title=\"container-4203677-scaled-1\" loading=\"lazy\" role=\"img\"\/><\/figure><\/div>\n\n\n\n<p>Different requirements apply in commercial legal transactions than in legal transactions with consumers. Provisions that would be ineffective in relation to consumers may be effective in relation to entrepreneurs. Provisions that protect a consumer, for example, do not necessarily have to apply in favour of a business. The legislator assumes that a consumer is at a disadvantage in relation to a trader, so that the latter must be protected by corresponding provisions. Protective provisions in favour of entrepreneurs are the exception rather than the rule.<\/p>\n\n\n\n<p>Errors made in contract texts or general terms and conditions (GTC) can have serious consequences. Particularly in the area of Internet commerce (e-commerce), there are various legally prescribed mandatory disclosures. In the worst case scenario, failure to provide mandatory information can lead to competitors issuing warnings and demanding that cease-and-desist declarations with a penalty clause be issued. This not only costs time, which you don't have as an entrepreneur anyway, but also money. It is better to \"put your money where your mouth is\" and have your own contract texts checked than to be left holding the bag at a later date.<a href=\"https:\/\/topuz-law.de\/wp-content\/uploads\/2019\/02\/architecture-2198092-min-scaled.jpg.webp\"><\/a><\/p>\n\n\n\n<h2 class=\"wp-block-heading\">Our Process<\/h2>\n\n\n\n<h2 class=\"wp-block-heading\" id=\"h-1-analyse-und-bedarfsfeststellung\">1. Analysis and Needs Assessment<\/h2>\n\n\n\n<p>In the first step of our consultation, we sit down with you and discuss the legal requirements your company has to observe. To do this, we first need to find out more about you and your company. The more we learn about you and your company, the better we can protect you from potential legal problems.<\/p>\n\n\n\n<h2 class=\"wp-block-heading\">2. Customised Legal Solution Development<\/h2>\n\n\n\n<p>Based on the results of our needs assessment, we develop customised legal solutions that are precisely tailored to your requirements. If several alternative courses of action are possible, we will make suggestions and show you the advantages and disadvantages of each alternative.<\/p>\n\n\n\n<h2 class=\"wp-block-heading\">3. Implementation and Legal Support<\/h2>\n\n\n\n<p>Once you have decided on a particular course of action, we will accompany you until your legal matter has been fully concluded. If, for example, you have decided to take legal action against another company, we will of course also take care of the litigation.<\/p>\n\n\n\n<p>If publications have to be made in certain registers (e.g. commercial register, etc.), we will prepare the documents for you and submit them to the relevant authorities, if necessary with the assistance of a notary.<\/p>\n\n\n\n<h2 class=\"wp-block-heading\">4. Success and Continuous Adaptation<\/h2>\n\n\n\n<p>If desired, we will continue to advise you after your matter has been successfully concluded and help you to adapt your contractual texts or procedures to the applicable legal situation.<\/p>\n\n\n\n<h2 class=\"wp-block-heading\"><strong>About Attorney Tolga Topuz<\/strong><\/h2>\n\n\n\n<p>Rechtsanwalt Tolga Topuz ist der Kanzleigr\u00fcnder von&nbsp;<strong>Topuz Law<\/strong>&nbsp;und verf\u00fcgt \u00fcber tiefergehende Kenntnisse und Erfahrung im Handelsrecht. Nach seinem Studium der Rechtswissenschaften an der&nbsp;<strong>Ruhr-Universit\u00e4t Bochum<\/strong>&nbsp;und T\u00e4tigkeiten in namhaften&nbsp;<strong>Gro\u00dfkanzleien<\/strong>&nbsp;gr\u00fcndete er seine eigene Kanzlei, um Mandanten unabh\u00e4ngig, engagiert und individuell zu beraten.<\/p>\n\n\n\n<p>Mit einem klaren Fokus auf&nbsp;<strong>ma\u00dfgeschneiderte L\u00f6sungen&nbsp;<\/strong>und kompromisslose<strong>&nbsp;Durchsetzung von Mandantenrechten<\/strong>&nbsp;hat sich Topuz Law als verl\u00e4sslicher Partner im Handelsrecht etabliert.<\/p>\n\n\n\n<p>\ud83d\udccd&nbsp;<strong>Kanzleisitz:<\/strong><br>Topuz Law<br>Parkstra\u00dfe 22<br>40477 D\u00fcsseldorf<\/p>\n\n\n\n<p>\ud83d\udcde&nbsp;<strong>Telefon:<\/strong>&nbsp;+49 211 43637831<br>\ud83d\udce7&nbsp;<strong>E-Mail:<\/strong>&nbsp;<a>info@topuz-law.de<\/a><\/p>\n\n\n\n<p>\ud83d\udd52&nbsp;<strong>B\u00fcrozeiten:<\/strong><br>Montag \u2013 Freitag:&nbsp;<strong>07:30 \u2013 19:00 Uhr<\/strong><\/p>\n\n\n\n<p>\ud83d\udce9 Nutzen Sie unser\u00a0<strong><a href=\"https:\/\/topuz-law.de\/en_gb\/kontakt\/\">Contact Form<\/a><\/strong>\u00a0f\u00fcr eine schnelle &amp; unverbindliche Erstberatung!<\/p>\n\n\n\n<div class=\"wp-block-uagb-buttons uagb-buttons__outer-wrap uagb-btn__default-btn uagb-btn-tablet__default-btn uagb-btn-mobile__default-btn uagb-block-2455a1ce\"><div class=\"uagb-buttons__wrap uagb-buttons-layout-wrap\">\n<div class=\"wp-block-uagb-buttons-child uagb-buttons__outer-wrap uagb-block-b32946ea wp-block-button\"><div class=\"uagb-button__wrapper\"><a class=\"uagb-buttons-repeater wp-block-button__link\" aria-label=\"\" href=\"\/en_gb\/kontakt\/\" rel=\"follow noopener\" target=\"_self\" role=\"button\"><div class=\"uagb-button__link\">Contact us now<\/div><\/a><\/div><\/div>\n<\/div><\/div>\n<\/div>\n<\/div>","protected":false},"excerpt":{"rendered":"<p>Lassen Sie uns Ihnen helfen! Wenn Sie Hilfe ben\u00f6tigen, k\u00f6nnen Sie uns gerne kontaktieren. Wir werden uns unverz\u00fcglich bei Ihnen melden. Bei Eilbed\u00fcrftigkeit rufen Sie bitte folgende Nummer an: Grundlagen des Handelsrechts Der unternehmerische Rechtsverkehr und seine Besonderheiten Im unternehmerischen Rechtsverkehr gelten andere Anforderungen als im Rechtsverkehr mit Verbrauchern. Regelungen, die im Verh\u00e4ltnis zu Verbrauchern [&hellip;]<\/p>\n","protected":false},"author":1,"featured_media":0,"parent":0,"menu_order":0,"comment_status":"closed","ping_status":"closed","template":"","meta":{"_uag_custom_page_level_css":"","site-sidebar-layout":"default","site-content-layout":"","ast-site-content-layout":"","site-content-style":"default","site-sidebar-style":"default","ast-global-header-display":"","ast-banner-title-visibility":"","ast-main-header-display":"","ast-hfb-above-header-display":"","ast-hfb-below-header-display":"","ast-hfb-mobile-header-display":"","site-post-title":"disabled","ast-breadcrumbs-content":"","ast-featured-img":"","footer-sml-layout":"","ast-disable-related-posts":"","theme-transparent-header-meta":"","adv-header-id-meta":"","stick-header-meta":"","header-above-stick-meta":"","header-main-stick-meta":"","header-below-stick-meta":"","astra-migrate-meta-layouts":"default","ast-page-background-enabled":"default","ast-page-background-meta":{"desktop":{"background-color":"var(--ast-global-color-5)","background-image":"","background-repeat":"repeat","background-position":"center center","background-size":"auto","background-attachment":"scroll","background-type":"","background-media":"","overlay-type":"","overlay-color":"","overlay-opacity":"","overlay-gradient":""},"tablet":{"background-color":"","background-image":"","background-repeat":"repeat","background-position":"center center","background-size":"auto","background-attachment":"scroll","background-type":"","background-media":"","overlay-type":"","overlay-color":"","overlay-opacity":"","overlay-gradient":""},"mobile":{"background-color":"","background-image":"","background-repeat":"repeat","background-position":"center center","background-size":"auto","background-attachment":"scroll","background-type":"","background-media":"","overlay-type":"","overlay-color":"","overlay-opacity":"","overlay-gradient":""}},"ast-content-background-meta":{"desktop":{"background-color":"var(--ast-global-color-4)","background-image":"","background-repeat":"repeat","background-position":"center center","background-size":"auto","background-attachment":"scroll","background-type":"","background-media":"","overlay-type":"","overlay-color":"","overlay-opacity":"","overlay-gradient":""},"tablet":{"background-color":"var(--ast-global-color-4)","background-image":"","background-repeat":"repeat","background-position":"center center","background-size":"auto","background-attachment":"scroll","background-type":"","background-media":"","overlay-type":"","overlay-color":"","overlay-opacity":"","overlay-gradient":""},"mobile":{"background-color":"var(--ast-global-color-4)","background-image":"","background-repeat":"repeat","background-position":"center center","background-size":"auto","background-attachment":"scroll","background-type":"","background-media":"","overlay-type":"","overlay-color":"","overlay-opacity":"","overlay-gradient":""}},"footnotes":""},"class_list":["post-6701","page","type-page","status-publish","hentry"],"yoast_head":"<!-- This site is optimized with the Yoast SEO Premium plugin v27.3 (Yoast SEO v27.3) - https:\/\/yoast.com\/product\/yoast-seo-premium-wordpress\/ -->\n<title>Handelsrecht<\/title>\n<meta name=\"description\" content=\"Im unternehmerischen Rechtsverkehr gelten andere Anforderungen, als im Verh\u00e4ltnis zu Verbrauchern. Das Handelsrecht betrifft ...\" \/>\n<meta name=\"robots\" content=\"index, follow, max-snippet:-1, max-image-preview:large, max-video-preview:-1\" \/>\n<link rel=\"canonical\" href=\"https:\/\/topuz-law.de\/en_gb\/handelsrecht\/\" \/>\n<meta property=\"og:locale\" content=\"en_GB\" \/>\n<meta property=\"og:type\" content=\"article\" \/>\n<meta property=\"og:title\" content=\"Handelsrecht\" \/>\n<meta property=\"og:description\" content=\"Im unternehmerischen Rechtsverkehr gelten andere Anforderungen, als im Verh\u00e4ltnis zu Verbrauchern. Das Handelsrecht betrifft ...\" \/>\n<meta property=\"og:url\" content=\"https:\/\/topuz-law.de\/en_gb\/handelsrecht\/\" \/>\n<meta property=\"og:site_name\" content=\"Topuz Law\" \/>\n<meta property=\"article:publisher\" content=\"https:\/\/www.facebook.com\/profile.php?id=61558419758393&amp;locale=de_DE\" \/>\n<meta property=\"article:modified_time\" content=\"2025-09-30T17:41:05+00:00\" \/>\n<meta property=\"og:image\" content=\"https:\/\/topuz-law.de\/wp-content\/uploads\/2023\/10\/container-4203677-1024x683.jpg\" \/>\n<meta name=\"twitter:card\" content=\"summary_large_image\" \/>\n<meta name=\"twitter:label1\" content=\"Estimated reading time\" \/>\n\t<meta name=\"twitter:data1\" content=\"4 minutes\" \/>\n<script type=\"application\/ld+json\" class=\"yoast-schema-graph\">{\"@context\":\"https:\\\/\\\/schema.org\",\"@graph\":[{\"@type\":\"WebPage\",\"@id\":\"https:\\\/\\\/topuz-law.de\\\/handelsrecht\\\/\",\"url\":\"https:\\\/\\\/topuz-law.de\\\/handelsrecht\\\/\",\"name\":\"Handelsrecht\",\"isPartOf\":{\"@id\":\"https:\\\/\\\/topuz-law.de\\\/#website\"},\"primaryImageOfPage\":{\"@id\":\"https:\\\/\\\/topuz-law.de\\\/handelsrecht\\\/#primaryimage\"},\"image\":{\"@id\":\"https:\\\/\\\/topuz-law.de\\\/handelsrecht\\\/#primaryimage\"},\"thumbnailUrl\":\"https:\\\/\\\/topuz-law.de\\\/wp-content\\\/uploads\\\/2023\\\/10\\\/container-4203677-1024x683.jpg\",\"datePublished\":\"2019-03-01T12:56:14+00:00\",\"dateModified\":\"2025-09-30T17:41:05+00:00\",\"description\":\"Im unternehmerischen Rechtsverkehr gelten andere Anforderungen, als im Verh\u00e4ltnis zu Verbrauchern. Das Handelsrecht betrifft ...\",\"breadcrumb\":{\"@id\":\"https:\\\/\\\/topuz-law.de\\\/handelsrecht\\\/#breadcrumb\"},\"inLanguage\":\"en-GB\",\"potentialAction\":[{\"@type\":\"ReadAction\",\"target\":[\"https:\\\/\\\/topuz-law.de\\\/handelsrecht\\\/\"]}]},{\"@type\":\"ImageObject\",\"inLanguage\":\"en-GB\",\"@id\":\"https:\\\/\\\/topuz-law.de\\\/handelsrecht\\\/#primaryimage\",\"url\":\"https:\\\/\\\/topuz-law.de\\\/wp-content\\\/uploads\\\/2023\\\/10\\\/container-4203677-1024x683.jpg\",\"contentUrl\":\"https:\\\/\\\/topuz-law.de\\\/wp-content\\\/uploads\\\/2023\\\/10\\\/container-4203677-1024x683.jpg\"},{\"@type\":\"BreadcrumbList\",\"@id\":\"https:\\\/\\\/topuz-law.de\\\/handelsrecht\\\/#breadcrumb\",\"itemListElement\":[{\"@type\":\"ListItem\",\"position\":1,\"name\":\"Startseite\",\"item\":\"https:\\\/\\\/topuz-law.de\\\/\"},{\"@type\":\"ListItem\",\"position\":2,\"name\":\"Handelsrecht\"}]},{\"@type\":\"WebSite\",\"@id\":\"https:\\\/\\\/topuz-law.de\\\/#website\",\"url\":\"https:\\\/\\\/topuz-law.de\\\/\",\"name\":\"Topuz Law\",\"description\":\"Kanzlei aus D\u00fcsseldorf\",\"publisher\":{\"@id\":\"https:\\\/\\\/topuz-law.de\\\/#organization\"},\"potentialAction\":[{\"@type\":\"SearchAction\",\"target\":{\"@type\":\"EntryPoint\",\"urlTemplate\":\"https:\\\/\\\/topuz-law.de\\\/?s={search_term_string}\"},\"query-input\":{\"@type\":\"PropertyValueSpecification\",\"valueRequired\":true,\"valueName\":\"search_term_string\"}}],\"inLanguage\":\"en-GB\"},{\"@type\":\"Organization\",\"@id\":\"https:\\\/\\\/topuz-law.de\\\/#organization\",\"name\":\"Topuz Law\",\"url\":\"https:\\\/\\\/topuz-law.de\\\/\",\"logo\":{\"@type\":\"ImageObject\",\"inLanguage\":\"en-GB\",\"@id\":\"https:\\\/\\\/topuz-law.de\\\/#\\\/schema\\\/logo\\\/image\\\/\",\"url\":\"https:\\\/\\\/topuz-law.de\\\/wp-content\\\/uploads\\\/2023\\\/10\\\/original_-_Kopie-removebg-preview.png\",\"contentUrl\":\"https:\\\/\\\/topuz-law.de\\\/wp-content\\\/uploads\\\/2023\\\/10\\\/original_-_Kopie-removebg-preview.png\",\"width\":419,\"height\":475,\"caption\":\"Topuz Law\"},\"image\":{\"@id\":\"https:\\\/\\\/topuz-law.de\\\/#\\\/schema\\\/logo\\\/image\\\/\"},\"sameAs\":[\"https:\\\/\\\/www.facebook.com\\\/profile.php?id=61558419758393&locale=de_DE\",\"https:\\\/\\\/www.linkedin.com\\\/company\\\/98966869\\\/\"],\"description\":\"Rechtsanwaltskanzlei mit Sitz in D\u00fcsseldorf. Spezialisiert auf das Handels- und Gesellschaftsrecht, allgemeines Zivilrecht, Prozessf\u00fchrung, Arbeitsrecht und Strafrecht.\",\"email\":\"info@topuz-law.de\",\"telephone\":\"021143637831\",\"legalName\":\"Kanzlei Topuz Law, Rechtsanwalt Tolga Topuz\",\"foundingDate\":\"2023-05-01\",\"vatID\":\"DE362946119\",\"numberOfEmployees\":{\"@type\":\"QuantitativeValue\",\"minValue\":\"1\",\"maxValue\":\"10\"}}]}<\/script>\n<!-- \/ Yoast SEO Premium plugin. -->","yoast_head_json":{"title":"Commercial Law","description":"Im unternehmerischen Rechtsverkehr gelten andere Anforderungen, als im Verh\u00e4ltnis zu Verbrauchern. Das Handelsrecht betrifft ...","robots":{"index":"index","follow":"follow","max-snippet":"max-snippet:-1","max-image-preview":"max-image-preview:large","max-video-preview":"max-video-preview:-1"},"canonical":"https:\/\/topuz-law.de\/en_gb\/handelsrecht\/","og_locale":"en_GB","og_type":"article","og_title":"Handelsrecht","og_description":"Im unternehmerischen Rechtsverkehr gelten andere Anforderungen, als im Verh\u00e4ltnis zu Verbrauchern. Das Handelsrecht betrifft ...","og_url":"https:\/\/topuz-law.de\/en_gb\/handelsrecht\/","og_site_name":"Topuz Law","article_publisher":"https:\/\/www.facebook.com\/profile.php?id=61558419758393&locale=de_DE","article_modified_time":"2025-09-30T17:41:05+00:00","og_image":[{"url":"https:\/\/topuz-law.de\/wp-content\/uploads\/2023\/10\/container-4203677-1024x683.jpg","type":"","width":"","height":""}],"twitter_card":"summary_large_image","twitter_misc":{"Estimated reading time":"4 minutes"},"schema":{"@context":"https:\/\/schema.org","@graph":[{"@type":"WebPage","@id":"https:\/\/topuz-law.de\/handelsrecht\/","url":"https:\/\/topuz-law.de\/handelsrecht\/","name":"Commercial Law","isPartOf":{"@id":"https:\/\/topuz-law.de\/#website"},"primaryImageOfPage":{"@id":"https:\/\/topuz-law.de\/handelsrecht\/#primaryimage"},"image":{"@id":"https:\/\/topuz-law.de\/handelsrecht\/#primaryimage"},"thumbnailUrl":"https:\/\/topuz-law.de\/wp-content\/uploads\/2023\/10\/container-4203677-1024x683.jpg","datePublished":"2019-03-01T12:56:14+00:00","dateModified":"2025-09-30T17:41:05+00:00","description":"Im unternehmerischen Rechtsverkehr gelten andere Anforderungen, als im Verh\u00e4ltnis zu Verbrauchern. Das Handelsrecht betrifft ...","breadcrumb":{"@id":"https:\/\/topuz-law.de\/handelsrecht\/#breadcrumb"},"inLanguage":"en-GB","potentialAction":[{"@type":"ReadAction","target":["https:\/\/topuz-law.de\/handelsrecht\/"]}]},{"@type":"ImageObject","inLanguage":"en-GB","@id":"https:\/\/topuz-law.de\/handelsrecht\/#primaryimage","url":"https:\/\/topuz-law.de\/wp-content\/uploads\/2023\/10\/container-4203677-1024x683.jpg","contentUrl":"https:\/\/topuz-law.de\/wp-content\/uploads\/2023\/10\/container-4203677-1024x683.jpg"},{"@type":"BreadcrumbList","@id":"https:\/\/topuz-law.de\/handelsrecht\/#breadcrumb","itemListElement":[{"@type":"ListItem","position":1,"name":"Startseite","item":"https:\/\/topuz-law.de\/"},{"@type":"ListItem","position":2,"name":"Handelsrecht"}]},{"@type":"WebSite","@id":"https:\/\/topuz-law.de\/#website","url":"https:\/\/topuz-law.de\/","name":"Topuz Law","description":"Law Firm from D\u00fcsseldorf","publisher":{"@id":"https:\/\/topuz-law.de\/#organization"},"potentialAction":[{"@type":"SearchAction","target":{"@type":"EntryPoint","urlTemplate":"https:\/\/topuz-law.de\/?s={search_term_string}"},"query-input":{"@type":"PropertyValueSpecification","valueRequired":true,"valueName":"search_term_string"}}],"inLanguage":"en-GB"},{"@type":"Organization","@id":"https:\/\/topuz-law.de\/#organization","name":"Topuz Law","url":"https:\/\/topuz-law.de\/","logo":{"@type":"ImageObject","inLanguage":"en-GB","@id":"https:\/\/topuz-law.de\/#\/schema\/logo\/image\/","url":"https:\/\/topuz-law.de\/wp-content\/uploads\/2023\/10\/original_-_Kopie-removebg-preview.png","contentUrl":"https:\/\/topuz-law.de\/wp-content\/uploads\/2023\/10\/original_-_Kopie-removebg-preview.png","width":419,"height":475,"caption":"Topuz Law"},"image":{"@id":"https:\/\/topuz-law.de\/#\/schema\/logo\/image\/"},"sameAs":["https:\/\/www.facebook.com\/profile.php?id=61558419758393&locale=de_DE","https:\/\/www.linkedin.com\/company\/98966869\/"],"description":"Rechtsanwaltskanzlei mit Sitz in D\u00fcsseldorf. Spezialisiert auf das Handels- und Gesellschaftsrecht, allgemeines Zivilrecht, Prozessf\u00fchrung, Arbeitsrecht und Strafrecht.","email":"info@topuz-law.de","telephone":"021143637831","legalName":"Kanzlei Topuz Law, Rechtsanwalt Tolga Topuz","foundingDate":"2023-05-01","vatID":"DE362946119","numberOfEmployees":{"@type":"QuantitativeValue","minValue":"1","maxValue":"10"}}]}},"uagb_featured_image_src":{"full":false,"thumbnail":false,"medium":false,"medium_large":false,"large":false,"1536x1536":false,"2048x2048":false,"trp-custom-language-flag":false},"uagb_author_info":{"display_name":"admin","author_link":"https:\/\/topuz-law.de\/en_gb\/author\/admin\/"},"uagb_comment_info":0,"uagb_excerpt":"Lassen Sie uns Ihnen helfen! Wenn Sie Hilfe ben\u00f6tigen, k\u00f6nnen Sie uns gerne kontaktieren. Wir werden uns unverz\u00fcglich bei Ihnen melden. Bei Eilbed\u00fcrftigkeit rufen Sie bitte folgende Nummer an: Grundlagen des Handelsrechts Der unternehmerische Rechtsverkehr und seine Besonderheiten Im unternehmerischen Rechtsverkehr gelten andere Anforderungen als im Rechtsverkehr mit Verbrauchern. Regelungen, die im Verh\u00e4ltnis zu Verbrauchern&hellip;","_links":{"self":[{"href":"https:\/\/topuz-law.de\/en_gb\/wp-json\/wp\/v2\/pages\/6701","targetHints":{"allow":["GET"]}}],"collection":[{"href":"https:\/\/topuz-law.de\/en_gb\/wp-json\/wp\/v2\/pages"}],"about":[{"href":"https:\/\/topuz-law.de\/en_gb\/wp-json\/wp\/v2\/types\/page"}],"author":[{"embeddable":true,"href":"https:\/\/topuz-law.de\/en_gb\/wp-json\/wp\/v2\/users\/1"}],"replies":[{"embeddable":true,"href":"https:\/\/topuz-law.de\/en_gb\/wp-json\/wp\/v2\/comments?post=6701"}],"version-history":[{"count":0,"href":"https:\/\/topuz-law.de\/en_gb\/wp-json\/wp\/v2\/pages\/6701\/revisions"}],"wp:attachment":[{"href":"https:\/\/topuz-law.de\/en_gb\/wp-json\/wp\/v2\/media?parent=6701"}],"curies":[{"name":"wp","href":"https:\/\/api.w.org\/{rel}","templated":true}]}}