{"id":5840,"date":"2019-02-21T09:15:08","date_gmt":"2019-02-21T09:15:08","guid":{"rendered":"https:\/\/demo.goodlayers.com\/attorna\/?page_id=5840"},"modified":"2026-04-10T22:27:05","modified_gmt":"2026-04-10T20:27:05","slug":"ueber-uns","status":"publish","type":"page","link":"https:\/\/topuz-law.de\/tr\/ueber-uns\/","title":{"rendered":"Topuz Law Hakk\u0131nda"},"content":{"rendered":"<div class=\"wp-block-uagb-container uagb-block-c1620bda default uagb-is-root-container\">\n<h1 class=\"wp-block-heading has-text-align-center has-ast-global-color-4-color has-text-color has-link-color has-x-large-font-size wp-elements-01eccb6dc949c13dd1f7305a7e31750a\" id=\"h-unsere-kanzlei\">Hukuk B\u00fcromuz<\/h1>\n<\/div>\n\n\n\n<div class=\"wp-block-uagb-container uagb-block-b9446b6f default uagb-is-root-container\">\n<h2 class=\"wp-block-heading\" id=\"h-uber-topuz-law\" style=\"font-size:30px\">Topuz Law Hakk\u0131nda<\/h2>\n\n\n\n<p style=\"font-size:20px\">Topuz Hukuk, kurucusunun her b\u00fcy\u00fckl\u00fckteki \u00f6zel \u015fah\u0131s ve \u015firkete hukuki konularda g\u00fcvenilir bir irtibat noktas\u0131 sunma vizyonu \u00fczerine kurulmu\u015ftur. Topuz Hukuk, kararl\u0131 ve yetkin hukuki dan\u0131\u015fmanl\u0131\u011f\u0131n m\u00fcvekkillerimiz i\u00e7in varolu\u015fsal bir \u00f6neme sahip oldu\u011fu inanc\u0131yla kurulmu\u015ftur. Bu ayn\u0131 zamanda kendimiz i\u00e7in belirledi\u011fimiz standartt\u0131r.<\/p>\n\n\n\n<p style=\"font-size:20px\">Bu web sitesi size hukuk b\u00fcromuzu daha yak\u0131ndan tan\u0131ma f\u0131rsat\u0131 vermeyi ama\u00e7lamaktad\u0131r. Elbette, ihtiyac\u0131n\u0131z olan t\u00fcm bilgileri burada bulaca\u011f\u0131n\u0131z\u0131 ve gelecekte bizimle ileti\u015fime ge\u00e7ece\u011finizi umuyoruz.<\/p>\n\n\n\n<h2 class=\"wp-block-heading\" id=\"h-warum-wahlen-mich-meine-mandanten\" style=\"font-size:30px\">M\u00fcvekkillerim neden beni se\u00e7iyor?<\/h2>\n\n\n\n<p style=\"font-size:20px\">M\u00fcvekkillerim beni derinlemesine uzmanl\u0131\u011f\u0131m, \u00f6zelle\u015ftirilmi\u015f \u00e7\u00f6z\u00fcmlerim ve ki\u015fisel deste\u011fim i\u00e7in se\u00e7iyor. Bir avukat olarak, ihtiya\u00e7lar\u0131n\u0131z\u0131 anlamak ve \u00e7\u0131karlar\u0131n\u0131z\u0131 ve haklar\u0131n\u0131z\u0131 tutku ve \u00f6zveriyle temsil etmek kimli\u011fimin bir par\u00e7as\u0131d\u0131r. \u0130\u015fimi sadece bir meslek olarak de\u011fil, bir meslek olarak g\u00f6r\u00fcyorum. Bir avukat olarak anlay\u0131\u015f\u0131m\u0131n bir par\u00e7as\u0131 da \"sade bir dille\" konu\u015fabilmek ve yanl\u0131\u015f umut vermemektir. Bu, sonu\u00e7 olarak faturaland\u0131r\u0131labilir bir yetkiyi \"ka\u00e7\u0131r\u0131p ka\u00e7\u0131rmayaca\u011f\u0131ma\" bak\u0131lmaks\u0131z\u0131n ge\u00e7erlidir.<\/p>\n<\/div>\n\n\n\n<div class=\"wp-block-uagb-container uagb-block-a3764465 default uagb-is-root-container\">\n<div class=\"wp-block-uagb-container uagb-block-6f73a94c\">\n<figure class=\"wp-block-image\"><img decoding=\"async\" src=\"https:\/\/topuz-law.de\/wp-content\/uploads\/2019\/02\/tolgatopz-1.jpg\" alt=\"\"\/><\/figure>\n\n\n\n<div class=\"wp-block-uagb-advanced-heading uagb-block-1c47c795\"><h2 class=\"uagb-heading-text translation-block\">Tolga Topuz<br>Avukat<\/h2><\/div>\n\n\n\n<p><strong>E-Mail:&nbsp;&nbsp;&nbsp; info@topuz-law.de<\/strong><br><strong>Telefon:&nbsp;+49 211 43637831<\/strong><br><strong>Fax:&nbsp;&nbsp;&nbsp;&nbsp;&nbsp;&nbsp;&nbsp; +49 211 94259339<\/strong><\/p>\n<\/div>\n\n\n\n<div class=\"wp-block-uagb-container uagb-block-7bf1ab30\">\n<h2 class=\"wp-block-heading\" style=\"font-size:30px\">Biyografi<\/h2>\n\n\n\n<p style=\"font-size:20px\">Kanzleinin kurucusu, gen\u00e7 ya\u015flarda hukuk\u00e7u olarak kariyer yapmaya ilgi duymaya ba\u015flad\u0131. Okul y\u0131llar\u0131nda, memleketindeki bir hukuk b\u00fcrosunda birka\u00e7 haftal\u0131k staj yapt\u0131. O andan itibaren hukuk bilimine olan ilgisi hi\u00e7 azalmad\u0131. Hukuk b\u00fcrosunun kurucusu, hukuk kariyeri i\u00e7in \u00e7ok erken ya\u015flarda gerekli ad\u0131mlar\u0131 att\u0131. Kurucunun okul hayat\u0131ndaki ba\u015far\u0131lar\u0131, 2014 y\u0131l\u0131nda liseyi s\u0131n\u0131f birincisi olarak bitirmesiyle doru\u011fa ula\u015ft\u0131.<\/p>\n\n\n\n<p style=\"font-size:20px\">Nach dem Abitur f\u00fchrte ihn sein Weg zur Ruhr-Universit\u00e4t Bochum, wo dieser ein Studium der Rechtswissenschaften aufnahm. In dieser Zeit engagierte sich der Kanzleigr\u00fcnder \u2013&nbsp;unter&nbsp;anderem\u2013 auch im Fachschaftsrat der juristischen Fakult\u00e4t. Das erste juristische Staatsexamen schloss Herr Topuz mit weit \u00fcberdurchschnittlichen Noten ab. Anschlie\u00dfend trat er am Landgericht Bochum den juristischen Vorbereitungsdienst (Referendariat), mit Stationen bei der Finanzverwaltung NRW sowie bei der international t\u00e4tigen Gro\u00dfkanzlei \u201eLuther\u201c in Essen an.<\/p>\n\n\n\n<p style=\"font-size:20px\">2022 y\u0131l\u0131nda Topuz, ikinci devlet hukuk s\u0131nav\u0131n\u0131 ortalaman\u0131n \u00e7ok \u00fczerinde notlarla tamamlad\u0131. Ard\u0131ndan D\u00fcsseldorf'ta bulunan b\u00fcy\u00fck hukuk b\u00fcrosu \u201cHeuking K\u00fchn L\u00fcer Wojtek\u201dte bir i\u015fe girdi ve D\u00fcsseldorf Barosu taraf\u0131ndan avukat olarak kabul edildi.<\/p>\n\n\n\n<p style=\"font-size:20px\">2023 y\u0131l\u0131nda Topuz, ideal bir avukat olarak ba\u011f\u0131ms\u0131z ve \u00f6zg\u00fcr bir \u015fekilde m\u00fcvekkillerine dan\u0131\u015fmanl\u0131k ve temsil hizmeti sunmak amac\u0131yla kendi hukuk b\u00fcrosunu kurmaya karar verdi.<\/p>\n<\/div>\n<\/div>\n\n\n\n<div class=\"wp-block-uagb-container uagb-block-f8aaca8a default uagb-is-root-container\">\n<h2 class=\"wp-block-heading\" id=\"h-beratungsschwerpunkte\" style=\"font-size:30px\">Uzmanl\u0131k alanlar\u0131m\u0131z<\/h2>\n\n\n\n<ul style=\"font-size:20px\" class=\"wp-block-list\">\n<li>Ticaret Hukuku<\/li>\n\n\n\n<li>\u015eirketler Hukuku<\/li>\n\n\n\n<li>Genel Medeni Hukuku<\/li>\n\n\n\n<li>Dava A\u00e7ma<\/li>\n\n\n\n<li>\u00d6zel M\u00fc\u015fteriler<\/li>\n\n\n\n<li>\u0130\u015f Hukuku<\/li>\n\n\n\n<li>Ceza Hukuku<\/li>\n<\/ul>\n\n\n\n<h2 class=\"wp-block-heading\" style=\"font-size:30px\">E\u011fitim ve mesleki kariyer<\/h2>\n\n\n\n<p style=\"font-size:20px\" class=\"translation-block\">2014 \u2013 Lise mezuniyeti (s\u0131n\u0131f birincisi)<\/p>\n\n\n\n<p style=\"font-size:20px\" class=\"translation-block\">2014 \u2013 Ruhr \u00dcniversitesi Bochum'da hukuk fak\u00fcltesine ba\u015flad\u0131<\/p>\n\n\n\n<p style=\"font-size:20px\" class=\"translation-block\">2019\/2020 \u2013 \u0130lk hukuk devlet s\u0131nav\u0131n\u0131 ge\u00e7me<\/p>\n\n\n\n<p style=\"font-size:20px\"><strong>2020 \u2013<\/strong>&nbsp;Aufnahme in den juristischen Vorbereitungsdienst am Landgericht Bochum, mit Stationen bei der <strong>Finanzverwaltung <\/strong>sowie bei der&nbsp;<strong>Major Law Firm<\/strong>&nbsp;\u201e<a href=\"https:\/\/www.luther-lawfirm.com\/home\"><strong>Luther<\/strong><\/a>\u201c<\/p>\n\n\n\n<p style=\"font-size:20px\" class=\"translation-block\">2022 \u2013 \u0130kinci hukuk devlet s\u0131nav\u0131n\u0131 ge\u00e7me<\/p>\n\n\n\n<p style=\"font-size:20px\"><strong>2022\/2023 \u2013<\/strong>&nbsp;D\u00fcsseldorf Barosu taraf\u0131ndan avukat olarak kabul edildi<\/p>\n\n\n\n<p style=\"font-size:20px\"><strong><strong>2022\/2023<\/strong> \u2013<\/strong>&nbsp;Aufnahme T\u00e4tigkeit als angestellter Rechtsanwalt bei der&nbsp;<strong>Major Law Firm<\/strong>&nbsp;\u201e<a href=\"https:\/\/www.heuking.de\/de\/home.html\"><strong>Heuking&nbsp;K\u00fchn&nbsp;L\u00fcer&nbsp;Wojtek<\/strong><\/a>\u201c in D\u00fcsseldorf<\/p>\n\n\n\n<p style=\"font-size:20px\" class=\"translation-block\">2023 \u2013 D\u00fcsseldorf'ta Topuz Law hukuk b\u00fcrosunun Kurulu\u015fu<\/p>\n<\/div>","protected":false},"excerpt":{"rendered":"<p>Unsere Kanzlei \u00dcber Topuz Law Topuz Law wurde aus der Vision des Gr\u00fcnders heraus gegr\u00fcndet, Privatpersonen sowie Unternehmen jeder Gr\u00f6\u00dfenklasse eine vertrauensw\u00fcrdige Anlaufstelle bei juristischen Fragestellungen zu bieten. Die Gr\u00fcndung von Topuz Law fu\u00dft auf der \u00dcberzeugung, dass engagierte und kompetente Rechtsberatung f\u00fcr unsere Mandanten von existenzieller Bedeutung ist. Hieran messen wir auch den Anspruch [&hellip;]<\/p>\n","protected":false},"author":1,"featured_media":0,"parent":0,"menu_order":0,"comment_status":"closed","ping_status":"closed","template":"","meta":{"_uag_custom_page_level_css":"","site-sidebar-layout":"default","site-content-layout":"","ast-site-content-layout":"","site-content-style":"default","site-sidebar-style":"default","ast-global-header-display":"","ast-banner-title-visibility":"","ast-main-header-display":"","ast-hfb-above-header-display":"","ast-hfb-below-header-display":"","ast-hfb-mobile-header-display":"","site-post-title":"disabled","ast-breadcrumbs-content":"","ast-featured-img":"","footer-sml-layout":"","ast-disable-related-posts":"","theme-transparent-header-meta":"","adv-header-id-meta":"","stick-header-meta":"","header-above-stick-meta":"","header-main-stick-meta":"","header-below-stick-meta":"","astra-migrate-meta-layouts":"default","ast-page-background-enabled":"default","ast-page-background-meta":{"desktop":{"background-color":"var(--ast-global-color-5)","background-image":"","background-repeat":"repeat","background-position":"center center","background-size":"auto","background-attachment":"scroll","background-type":"","background-media":"","overlay-type":"","overlay-color":"","overlay-opacity":"","overlay-gradient":""},"tablet":{"background-color":"","background-image":"","background-repeat":"repeat","background-position":"center center","background-size":"auto","background-attachment":"scroll","background-type":"","background-media":"","overlay-type":"","overlay-color":"","overlay-opacity":"","overlay-gradient":""},"mobile":{"background-color":"","background-image":"","background-repeat":"repeat","background-position":"center center","background-size":"auto","background-attachment":"scroll","background-type":"","background-media":"","overlay-type":"","overlay-color":"","overlay-opacity":"","overlay-gradient":""}},"ast-content-background-meta":{"desktop":{"background-color":"var(--ast-global-color-4)","background-image":"","background-repeat":"repeat","background-position":"center center","background-size":"auto","background-attachment":"scroll","background-type":"","background-media":"","overlay-type":"","overlay-color":"","overlay-opacity":"","overlay-gradient":""},"tablet":{"background-color":"var(--ast-global-color-4)","background-image":"","background-repeat":"repeat","background-position":"center center","background-size":"auto","background-attachment":"scroll","background-type":"","background-media":"","overlay-type":"","overlay-color":"","overlay-opacity":"","overlay-gradient":""},"mobile":{"background-color":"var(--ast-global-color-4)","background-image":"","background-repeat":"repeat","background-position":"center center","background-size":"auto","background-attachment":"scroll","background-type":"","background-media":"","overlay-type":"","overlay-color":"","overlay-opacity":"","overlay-gradient":""}},"footnotes":""},"class_list":["post-5840","page","type-page","status-publish","hentry"],"yoast_head":"<!-- This site is optimized with the Yoast SEO Premium plugin v27.4 (Yoast SEO v27.4) - https:\/\/yoast.com\/product\/yoast-seo-premium-wordpress\/ -->\n<title>\u00dcber Topuz Law<\/title>\n<meta name=\"description\" content=\"\u00dcber uns als Kanzlei ist Folgendes festzuhalten: Topuz Law wurde aus der Vision des Gr\u00fcnders heraus gegr\u00fcndet, Privatpersonen sowie ...\" \/>\n<meta name=\"robots\" content=\"index, follow, max-snippet:-1, max-image-preview:large, max-video-preview:-1\" \/>\n<link rel=\"canonical\" href=\"https:\/\/topuz-law.de\/tr\/ueber-uns\/\" \/>\n<meta property=\"og:locale\" content=\"tr_TR\" \/>\n<meta property=\"og:type\" content=\"article\" \/>\n<meta property=\"og:title\" content=\"\u00dcber Topuz Law\" \/>\n<meta property=\"og:description\" content=\"\u00dcber uns als Kanzlei ist Folgendes festzuhalten: Topuz Law wurde aus der Vision des Gr\u00fcnders heraus gegr\u00fcndet, Privatpersonen sowie ...\" \/>\n<meta property=\"og:url\" content=\"https:\/\/topuz-law.de\/tr\/ueber-uns\/\" \/>\n<meta property=\"og:site_name\" content=\"Topuz Law\" \/>\n<meta property=\"article:publisher\" content=\"https:\/\/www.facebook.com\/profile.php?id=61558419758393&amp;locale=de_DE\" \/>\n<meta property=\"article:modified_time\" content=\"2026-04-10T20:27:05+00:00\" \/>\n<meta property=\"og:image\" content=\"https:\/\/topuz-law.de\/wp-content\/uploads\/2019\/02\/tolgatopz-1.jpg\" \/>\n<meta name=\"twitter:card\" content=\"summary_large_image\" \/>\n<meta name=\"twitter:label1\" content=\"Tahmini okuma s\u00fcresi\" \/>\n\t<meta name=\"twitter:data1\" content=\"3 dakika\" \/>\n<script type=\"application\/ld+json\" class=\"yoast-schema-graph\">{\"@context\":\"https:\\\/\\\/schema.org\",\"@graph\":[{\"@type\":\"WebPage\",\"@id\":\"https:\\\/\\\/topuz-law.de\\\/ueber-uns\\\/\",\"url\":\"https:\\\/\\\/topuz-law.de\\\/ueber-uns\\\/\",\"name\":\"\u00dcber Topuz Law\",\"isPartOf\":{\"@id\":\"https:\\\/\\\/topuz-law.de\\\/#website\"},\"primaryImageOfPage\":{\"@id\":\"https:\\\/\\\/topuz-law.de\\\/ueber-uns\\\/#primaryimage\"},\"image\":{\"@id\":\"https:\\\/\\\/topuz-law.de\\\/ueber-uns\\\/#primaryimage\"},\"thumbnailUrl\":\"https:\\\/\\\/topuz-law.de\\\/wp-content\\\/uploads\\\/2019\\\/02\\\/tolgatopz-1.jpg\",\"datePublished\":\"2019-02-21T09:15:08+00:00\",\"dateModified\":\"2026-04-10T20:27:05+00:00\",\"description\":\"\u00dcber uns als Kanzlei ist Folgendes festzuhalten: Topuz Law wurde aus der Vision des Gr\u00fcnders heraus gegr\u00fcndet, Privatpersonen sowie ...\",\"breadcrumb\":{\"@id\":\"https:\\\/\\\/topuz-law.de\\\/ueber-uns\\\/#breadcrumb\"},\"inLanguage\":\"tr\",\"potentialAction\":[{\"@type\":\"ReadAction\",\"target\":[\"https:\\\/\\\/topuz-law.de\\\/ueber-uns\\\/\"]}]},{\"@type\":\"ImageObject\",\"inLanguage\":\"tr\",\"@id\":\"https:\\\/\\\/topuz-law.de\\\/ueber-uns\\\/#primaryimage\",\"url\":\"https:\\\/\\\/topuz-law.de\\\/wp-content\\\/uploads\\\/2019\\\/02\\\/tolgatopz-1.jpg\",\"contentUrl\":\"https:\\\/\\\/topuz-law.de\\\/wp-content\\\/uploads\\\/2019\\\/02\\\/tolgatopz-1.jpg\"},{\"@type\":\"BreadcrumbList\",\"@id\":\"https:\\\/\\\/topuz-law.de\\\/ueber-uns\\\/#breadcrumb\",\"itemListElement\":[{\"@type\":\"ListItem\",\"position\":1,\"name\":\"Startseite\",\"item\":\"https:\\\/\\\/topuz-law.de\\\/\"},{\"@type\":\"ListItem\",\"position\":2,\"name\":\"\u00dcber Topuz Law\"}]},{\"@type\":\"WebSite\",\"@id\":\"https:\\\/\\\/topuz-law.de\\\/#website\",\"url\":\"https:\\\/\\\/topuz-law.de\\\/\",\"name\":\"Topuz Law\",\"description\":\"Kanzlei aus D\u00fcsseldorf\",\"publisher\":{\"@id\":\"https:\\\/\\\/topuz-law.de\\\/#organization\"},\"potentialAction\":[{\"@type\":\"SearchAction\",\"target\":{\"@type\":\"EntryPoint\",\"urlTemplate\":\"https:\\\/\\\/topuz-law.de\\\/?s={search_term_string}\"},\"query-input\":{\"@type\":\"PropertyValueSpecification\",\"valueRequired\":true,\"valueName\":\"search_term_string\"}}],\"inLanguage\":\"tr\"},{\"@type\":\"Organization\",\"@id\":\"https:\\\/\\\/topuz-law.de\\\/#organization\",\"name\":\"Topuz Law\",\"url\":\"https:\\\/\\\/topuz-law.de\\\/\",\"logo\":{\"@type\":\"ImageObject\",\"inLanguage\":\"tr\",\"@id\":\"https:\\\/\\\/topuz-law.de\\\/#\\\/schema\\\/logo\\\/image\\\/\",\"url\":\"https:\\\/\\\/topuz-law.de\\\/wp-content\\\/uploads\\\/2023\\\/10\\\/original_-_Kopie-removebg-preview.png\",\"contentUrl\":\"https:\\\/\\\/topuz-law.de\\\/wp-content\\\/uploads\\\/2023\\\/10\\\/original_-_Kopie-removebg-preview.png\",\"width\":419,\"height\":475,\"caption\":\"Topuz Law\"},\"image\":{\"@id\":\"https:\\\/\\\/topuz-law.de\\\/#\\\/schema\\\/logo\\\/image\\\/\"},\"sameAs\":[\"https:\\\/\\\/www.facebook.com\\\/profile.php?id=61558419758393&locale=de_DE\",\"https:\\\/\\\/www.linkedin.com\\\/company\\\/98966869\\\/\"],\"description\":\"Rechtsanwaltskanzlei mit Sitz in D\u00fcsseldorf. Spezialisiert auf das Handels- und Gesellschaftsrecht, allgemeines Zivilrecht, Prozessf\u00fchrung, Arbeitsrecht und Strafrecht.\",\"email\":\"info@topuz-law.de\",\"telephone\":\"021143637831\",\"legalName\":\"Kanzlei Topuz Law, Rechtsanwalt Tolga Topuz\",\"foundingDate\":\"2023-05-01\",\"vatID\":\"DE362946119\",\"numberOfEmployees\":{\"@type\":\"QuantitativeValue\",\"minValue\":\"1\",\"maxValue\":\"10\"}}]}<\/script>\n<!-- \/ Yoast SEO Premium plugin. -->","yoast_head_json":{"title":"Topuz Law Hakk\u0131nda","description":"\u00dcber uns als Kanzlei ist Folgendes festzuhalten: Topuz Law wurde aus der Vision des Gr\u00fcnders heraus gegr\u00fcndet, Privatpersonen sowie ...","robots":{"index":"index","follow":"follow","max-snippet":"max-snippet:-1","max-image-preview":"max-image-preview:large","max-video-preview":"max-video-preview:-1"},"canonical":"https:\/\/topuz-law.de\/tr\/ueber-uns\/","og_locale":"tr_TR","og_type":"article","og_title":"\u00dcber Topuz Law","og_description":"\u00dcber uns als Kanzlei ist Folgendes festzuhalten: Topuz Law wurde aus der Vision des Gr\u00fcnders heraus gegr\u00fcndet, Privatpersonen sowie ...","og_url":"https:\/\/topuz-law.de\/tr\/ueber-uns\/","og_site_name":"Topuz Law","article_publisher":"https:\/\/www.facebook.com\/profile.php?id=61558419758393&locale=de_DE","article_modified_time":"2026-04-10T20:27:05+00:00","og_image":[{"url":"https:\/\/topuz-law.de\/wp-content\/uploads\/2019\/02\/tolgatopz-1.jpg","type":"","width":"","height":""}],"twitter_card":"summary_large_image","twitter_misc":{"Tahmini okuma s\u00fcresi":"3 dakika"},"schema":{"@context":"https:\/\/schema.org","@graph":[{"@type":"WebPage","@id":"https:\/\/topuz-law.de\/ueber-uns\/","url":"https:\/\/topuz-law.de\/ueber-uns\/","name":"Topuz Law Hakk\u0131nda","isPartOf":{"@id":"https:\/\/topuz-law.de\/#website"},"primaryImageOfPage":{"@id":"https:\/\/topuz-law.de\/ueber-uns\/#primaryimage"},"image":{"@id":"https:\/\/topuz-law.de\/ueber-uns\/#primaryimage"},"thumbnailUrl":"https:\/\/topuz-law.de\/wp-content\/uploads\/2019\/02\/tolgatopz-1.jpg","datePublished":"2019-02-21T09:15:08+00:00","dateModified":"2026-04-10T20:27:05+00:00","description":"\u00dcber uns als Kanzlei ist Folgendes festzuhalten: Topuz Law wurde aus der Vision des Gr\u00fcnders heraus gegr\u00fcndet, Privatpersonen sowie ...","breadcrumb":{"@id":"https:\/\/topuz-law.de\/ueber-uns\/#breadcrumb"},"inLanguage":"tr","potentialAction":[{"@type":"ReadAction","target":["https:\/\/topuz-law.de\/ueber-uns\/"]}]},{"@type":"ImageObject","inLanguage":"tr","@id":"https:\/\/topuz-law.de\/ueber-uns\/#primaryimage","url":"https:\/\/topuz-law.de\/wp-content\/uploads\/2019\/02\/tolgatopz-1.jpg","contentUrl":"https:\/\/topuz-law.de\/wp-content\/uploads\/2019\/02\/tolgatopz-1.jpg"},{"@type":"BreadcrumbList","@id":"https:\/\/topuz-law.de\/ueber-uns\/#breadcrumb","itemListElement":[{"@type":"ListItem","position":1,"name":"Startseite","item":"https:\/\/topuz-law.de\/"},{"@type":"ListItem","position":2,"name":"\u00dcber Topuz Law"}]},{"@type":"WebSite","@id":"https:\/\/topuz-law.de\/#website","url":"https:\/\/topuz-law.de\/","name":"Topuz Law","description":"D\u00fcsseldorf'lu Hukuk B\u00fcrosu","publisher":{"@id":"https:\/\/topuz-law.de\/#organization"},"potentialAction":[{"@type":"SearchAction","target":{"@type":"EntryPoint","urlTemplate":"https:\/\/topuz-law.de\/?s={search_term_string}"},"query-input":{"@type":"PropertyValueSpecification","valueRequired":true,"valueName":"search_term_string"}}],"inLanguage":"tr"},{"@type":"Organization","@id":"https:\/\/topuz-law.de\/#organization","name":"Topuz Law","url":"https:\/\/topuz-law.de\/","logo":{"@type":"ImageObject","inLanguage":"tr","@id":"https:\/\/topuz-law.de\/#\/schema\/logo\/image\/","url":"https:\/\/topuz-law.de\/wp-content\/uploads\/2023\/10\/original_-_Kopie-removebg-preview.png","contentUrl":"https:\/\/topuz-law.de\/wp-content\/uploads\/2023\/10\/original_-_Kopie-removebg-preview.png","width":419,"height":475,"caption":"Topuz Law"},"image":{"@id":"https:\/\/topuz-law.de\/#\/schema\/logo\/image\/"},"sameAs":["https:\/\/www.facebook.com\/profile.php?id=61558419758393&locale=de_DE","https:\/\/www.linkedin.com\/company\/98966869\/"],"description":"Rechtsanwaltskanzlei mit Sitz in D\u00fcsseldorf. Spezialisiert auf das Handels- und Gesellschaftsrecht, allgemeines Zivilrecht, Prozessf\u00fchrung, Arbeitsrecht und Strafrecht.","email":"info@topuz-law.de","telephone":"021143637831","legalName":"Kanzlei Topuz Law, Rechtsanwalt Tolga Topuz","foundingDate":"2023-05-01","vatID":"DE362946119","numberOfEmployees":{"@type":"QuantitativeValue","minValue":"1","maxValue":"10"}}]}},"uagb_featured_image_src":{"full":false,"thumbnail":false,"medium":false,"medium_large":false,"large":false,"1536x1536":false,"2048x2048":false,"trp-custom-language-flag":false},"uagb_author_info":{"display_name":"admin","author_link":"https:\/\/topuz-law.de\/tr\/author\/admin\/"},"uagb_comment_info":0,"uagb_excerpt":"Unsere Kanzlei \u00dcber Topuz Law Topuz Law wurde aus der Vision des Gr\u00fcnders heraus gegr\u00fcndet, Privatpersonen sowie Unternehmen jeder Gr\u00f6\u00dfenklasse eine vertrauensw\u00fcrdige Anlaufstelle bei juristischen Fragestellungen zu bieten. Die Gr\u00fcndung von Topuz Law fu\u00dft auf der \u00dcberzeugung, dass engagierte und kompetente Rechtsberatung f\u00fcr unsere Mandanten von existenzieller Bedeutung ist. Hieran messen wir auch den Anspruch&hellip;","_links":{"self":[{"href":"https:\/\/topuz-law.de\/tr\/wp-json\/wp\/v2\/pages\/5840","targetHints":{"allow":["GET"]}}],"collection":[{"href":"https:\/\/topuz-law.de\/tr\/wp-json\/wp\/v2\/pages"}],"about":[{"href":"https:\/\/topuz-law.de\/tr\/wp-json\/wp\/v2\/types\/page"}],"author":[{"embeddable":true,"href":"https:\/\/topuz-law.de\/tr\/wp-json\/wp\/v2\/users\/1"}],"replies":[{"embeddable":true,"href":"https:\/\/topuz-law.de\/tr\/wp-json\/wp\/v2\/comments?post=5840"}],"version-history":[{"count":0,"href":"https:\/\/topuz-law.de\/tr\/wp-json\/wp\/v2\/pages\/5840\/revisions"}],"wp:attachment":[{"href":"https:\/\/topuz-law.de\/tr\/wp-json\/wp\/v2\/media?parent=5840"}],"curies":[{"name":"wp","href":"https:\/\/api.w.org\/{rel}","templated":true}]}}