{"id":6684,"date":"2019-03-01T12:33:15","date_gmt":"2019-03-01T12:33:15","guid":{"rendered":"https:\/\/demo.goodlayers.com\/attorna\/?page_id=6684"},"modified":"2025-05-28T00:10:19","modified_gmt":"2025-05-27T22:10:19","slug":"allgemeines-zivilrecht","status":"publish","type":"page","link":"https:\/\/topuz-law.de\/tr\/allgemeines-zivilrecht\/","title":{"rendered":"Genel Medeni Hukuku"},"content":{"rendered":"<div class=\"wp-block-uagb-container uagb-block-67539938 default uagb-is-root-container\">\n<div class=\"wp-block-uagb-container uagb-block-982f8ce0\">\n<h3 class=\"wp-block-heading has-text-color has-link-color wp-elements-0e04cc0a0cbcaf190ff4b09191f4cf14\" id=\"h-lassen-sie-uns-ihnen-helfen\" style=\"color:#b1976b\">Size yard\u0131mc\u0131 olal\u0131m!<\/h3>\n\n\n\n<p>Yard\u0131ma ihtiyac\u0131n\u0131z olursa, l\u00fctfen bizimle ileti\u015fime ge\u00e7mekten \u00e7ekinmeyin. M\u00fcmk\u00fcn olan en k\u0131sa s\u00fcrede size geri d\u00f6nece\u011fiz. Acil yard\u0131ma ihtiyac\u0131n\u0131z varsa, l\u00fctfen a\u015fa\u011f\u0131daki numaray\u0131 aray\u0131n\u0131z:<\/p>\n\n\n\n<div class=\"wp-block-uagb-icon-list uagb-block-fa41cd1f\"><div class=\"uagb-icon-list__wrap\">\n<div class=\"wp-block-uagb-icon-list-child uagb-block-f8d6f725\"><span class=\"uagb-icon-list__source-wrap\"><svg xmlns=\"https:\/\/www.w3.org\/2000\/svg\" viewbox=\"0 0 512 512\"><path d=\"M464 64C490.5 64 512 85.49 512 112C512 127.1 504.9 141.3 492.8 150.4L275.2 313.6C263.8 322.1 248.2 322.1 236.8 313.6L19.2 150.4C7.113 141.3 0 127.1 0 112C0 85.49 21.49 64 48 64H464zM217.6 339.2C240.4 356.3 271.6 356.3 294.4 339.2L512 176V384C512 419.3 483.3 448 448 448H64C28.65 448 0 419.3 0 384V176L217.6 339.2z\"><\/path><\/svg><\/span><span class=\"uagb-icon-list__label\">info@topuz-law.de<\/span><\/div>\n\n\n\n<div class=\"wp-block-uagb-icon-list-child uagb-block-a74e0138\"><span class=\"uagb-icon-list__source-wrap\"><svg xmlns=\"https:\/\/www.w3.org\/2000\/svg\" viewbox=\"0 0 512 512\"><path d=\"M256 512C114.6 512 0 397.4 0 256C0 114.6 114.6 0 256 0C397.4 0 512 114.6 512 256C512 397.4 397.4 512 256 512zM232 256C232 264 236 271.5 242.7 275.1L338.7 339.1C349.7 347.3 364.6 344.3 371.1 333.3C379.3 322.3 376.3 307.4 365.3 300L280 243.2V120C280 106.7 269.3 96 255.1 96C242.7 96 231.1 106.7 231.1 120L232 256z\"><\/path><\/svg><\/span><span class=\"uagb-icon-list__label\">Mo \u2013 Fr 07:30-19:00<\/span><\/div>\n\n\n\n<div class=\"wp-block-uagb-icon-list-child uagb-block-fb57780d\"><span class=\"uagb-icon-list__source-wrap\"><svg xmlns=\"https:\/\/www.w3.org\/2000\/svg\" viewbox=\"0 0 512 512\"><path d=\"M511.2 387l-23.25 100.8c-3.266 14.25-15.79 24.22-30.46 24.22C205.2 512 0 306.8 0 54.5c0-14.66 9.969-27.2 24.22-30.45l100.8-23.25C139.7-2.602 154.7 5.018 160.8 18.92l46.52 108.5c5.438 12.78 1.77 27.67-8.98 36.45L144.5 207.1c33.98 69.22 90.26 125.5 159.5 159.5l44.08-53.8c8.688-10.78 23.69-14.51 36.47-8.975l108.5 46.51C506.1 357.2 514.6 372.4 511.2 387z\"><\/path><\/svg><\/span><span class=\"uagb-icon-list__label\">+49 211 43637831<\/span><\/div>\n<\/div><\/div>\n<\/div>\n\n\n\n<div class=\"wp-block-uagb-container uagb-block-9e8041e2\">\n<h1 class=\"wp-block-heading has-text-color has-link-color wp-elements-642a421975c31a8b0a39fd5c94f4628c\" id=\"h-allgemeines-zivilrecht\" style=\"color:#b1976b\">Genel Medeni Hukuku<\/h1>\n\n\n\n<h2 class=\"wp-block-heading\" id=\"h-die-basis-des-gesellschaftlichen-zusammenlebens\">Sosyal birlikteli\u011fin temeli<\/h2>\n\n\n\n<div class=\"wp-block-uagb-image uagb-block-f1822b00 wp-block-uagb-image--layout-default wp-block-uagb-image--effect-static wp-block-uagb-image--align-none uag-hide-mob\"><figure class=\"wp-block-uagb-image__figure\"><img decoding=\"async\" srcset=\"https:\/\/topuz-law.de\/wp-content\/uploads\/2023\/11\/throughts-3937313-1024x681.webp ,https:\/\/topuz-law.de\/wp-content\/uploads\/2023\/11\/throughts-3937313-scaled.webp 780w, https:\/\/topuz-law.de\/wp-content\/uploads\/2023\/11\/throughts-3937313-300x199.webp 360w\" sizes=\"auto, (max-width: 480px) 150px\" src=\"https:\/\/topuz-law.de\/wp-content\/uploads\/2023\/11\/throughts-3937313-1024x681.webp\" alt=\"\" class=\"uag-image-9849\" width=\"1000\" height=\"400\" title=\"throughts-3937313\" loading=\"lazy\" role=\"img\"\/><\/figure><\/div>\n\n\n\n<div class=\"wp-block-uagb-image alignwide uagb-block-58d84e22 wp-block-uagb-image--layout-default wp-block-uagb-image--effect-static wp-block-uagb-image--align-wide uag-hide-desktop uag-hide-tab\"><figure class=\"wp-block-uagb-image__figure\"><img decoding=\"async\" srcset=\"https:\/\/topuz-law.de\/wp-content\/uploads\/2025\/05\/throughts-3937313-scaled-1.png ,https:\/\/topuz-law.de\/wp-content\/uploads\/2025\/05\/throughts-3937313-scaled-1.png 780w, https:\/\/topuz-law.de\/wp-content\/uploads\/2025\/05\/throughts-3937313-scaled-1.png 360w\" sizes=\"auto, (max-width: 480px) 150px\" src=\"https:\/\/topuz-law.de\/wp-content\/uploads\/2025\/05\/throughts-3937313-scaled-1.png\" alt=\"\" class=\"uag-image-15651\" width=\"300\" height=\"199\" title=\"throughts-3937313-scaled (1)\" loading=\"lazy\" role=\"img\"\/><\/figure><\/div>\n\n\n\n<h2 class=\"wp-block-heading\" id=\"h-i-einfuhrung\">I. Tan\u0131t\u0131m<\/h2>\n\n\n\n<p>Genel medeni hukuk, toplumsal birlikteli\u011fimizin temelini olu\u015fturur ve ger\u00e7ek ve t\u00fczel ki\u015filer aras\u0131ndaki hukuki ili\u015fkileri d\u00fczenler. Almanya'da Medeni Kanun (BGB) bunun yasal temelini olu\u015fturmaktad\u0131r. Bir insan\u0131n ya\u015fam d\u00f6ng\u00fcs\u00fcn\u00fc model alan BGB a\u015fa\u011f\u0131daki kitaplara ayr\u0131lm\u0131\u015ft\u0131r:<\/p>\n\n\n\n<ol class=\"wp-block-list\">\n<li>Genel b\u00f6l\u00fcm;<\/li>\n\n\n\n<li>Bor\u00e7lar hukuku;<\/li>\n\n\n\n<li>M\u00fclkiyet hukuku;<\/li>\n\n\n\n<li>Aile hukuku;<\/li>\n\n\n\n<li>Miras hukuku.<\/li>\n<\/ol>\n\n\n\n<h2 class=\"wp-block-heading\">II. Bireysel \"kitaplar\"<\/h2>\n\n\n\n<p>BGB'nin birinci kitab\u0131ndaki (Genel B\u00f6l\u00fcm) h\u00fck\u00fcmler \"paranteze al\u0131nm\u0131\u015f\" olarak kabul edilir, yani buradaki h\u00fck\u00fcmler sonraki kitaplar i\u00e7in de ge\u00e7erlidir. Birinci kitap, ger\u00e7ek ve t\u00fczel ki\u015filerin hukuki ehliyeti gibi temel konular\u0131 d\u00fczenler. Mecazi anlamda, b\u00fcy\u00fcmeye devam eden ve yava\u015f yava\u015f bir yeti\u015fkin haline gelen yeni do\u011fmu\u015f bir \u00e7ocu\u011fu hayal edebilirsiniz. \u0130nsan\u0131n her a\u015famas\u0131 i\u00e7in \u00f6zel d\u00fczenlemeler vard\u0131r.<\/p>\n\n\n\n<p>Bir ki\u015fi do\u011fdu\u011funda, Alman Medeni Kanunu'nun (BGB) 1. maddesi uyar\u0131nca hukuki ehliyet kazan\u0131r. Bu nedenle hak ve y\u00fck\u00fcml\u00fcl\u00fcklerin ta\u015f\u0131y\u0131c\u0131s\u0131 olabilir. Yedi ya\u015f\u0131ndan itibaren bir \u00e7ocu\u011fun s\u0131n\u0131rl\u0131 hukuki ehliyete sahip oldu\u011fu kabul edilir ( Madde 106 BGB); bundan \u00f6nce ise hukuki ehliyeti yoktur (Madde 104 No. 1 BGB). Hukuki ehliyet, kendi ba\u015f\u0131na hukuki i\u015flem yapabilme yetene\u011fi olarak anla\u015f\u0131l\u0131r. Dolay\u0131s\u0131yla yedi ya\u015f\u0131ndaki bir \u00e7ocuk, prensip olarak (istisnalar d\u0131\u015f\u0131nda) ancak yasal temsilcilerinin ( Madde 107 BGB), yani ebeveynlerinin r\u0131zas\u0131yla hukuki i\u015flemlerde bulunabilir. Bir ki\u015fi, BGB'nin 2, 107, 108 (3). maddeleri uyar\u0131nca 18 ya\u015f\u0131na ula\u015ft\u0131\u011f\u0131nda re\u015fit olur ve dolay\u0131s\u0131yla tam hukuki ehliyete sahip olur.<\/p>\n\n\n\n<p>Alman Medeni Kanunu'nun (BGB) ikinci kitab\u0131, ortalama bir yeti\u015fkinin ya\u015fam\u0131 boyunca girebilece\u011fi \u00e7e\u015fitli s\u00f6zle\u015fme y\u00fck\u00fcml\u00fcl\u00fcklerini d\u00fczenler (kira s\u00f6zle\u015fmeleri, sat\u0131n alma s\u00f6zle\u015fmeleri, i\u015f s\u00f6zle\u015fmeleri vb.) Burada yer alan d\u00fczenlemeler elbette kapsaml\u0131 de\u011fildir. \u00d6zel \u00f6zerklik, yasal s\u0131n\u0131rlar\u0131n a\u015f\u0131lmamas\u0131 kayd\u0131yla, t\u00fczel ki\u015filerin bireysel s\u00f6zle\u015fmeler yapmas\u0131na izin verir.<\/p>\n\n\n\n<p>Alman Medeni Kanunu'nun \u00fc\u00e7\u00fcnc\u00fc kitab\u0131, ger\u00e7ek ve t\u00fczel ki\u015filer aras\u0131ndaki ta\u015f\u0131n\u0131r ve ta\u015f\u0131nmaz mal veya haklara ili\u015fkin hukuki ili\u015fkilerin nas\u0131l de\u011ferlendirilece\u011fini d\u00fczenler. \u00d6rnekler aras\u0131nda m\u00fclkiyet ve zilyetlik yer almaktad\u0131r. Bir yeti\u015fkin, belki de fark\u0131nda olmadan, hayat\u0131n\u0131n sonuna kadar bu hukuki kavramlarla s\u00fcrekli temas halinde olur.<\/p>\n\n\n\n<p>BGB'nin d\u00f6rd\u00fcnc\u00fc kitab\u0131 aile hukukunu d\u00fczenlemektedir. Bir ailenin kurulma \u015feklinden ba\u015flayarak (\u00f6rne\u011fin evlilik), aile \u00fcyeleri aras\u0131ndaki ili\u015fkiler (\u00f6rne\u011fin nafaka, temas, bak\u0131m) ve bir aile ba\u011f\u0131n\u0131n \u00e7\u00f6z\u00fclmesi (\u00f6rne\u011fin bo\u015fanma). Evlilik, muhtemelen bir ki\u015finin hayat\u0131ndaki en \u00f6nemli anlardan biridir ve ayn\u0131 zamanda hukuki a\u00e7\u0131dan yeni bir d\u00f6nemin ba\u015flang\u0131c\u0131na i\u015faret eder.<\/p>\n\n\n\n<p>Im f\u00fcnften Buch des BGB ist als Letztes das Erbrecht geregelt, das wohl streit anf\u00e4lligste Thema zwischen Angeh\u00f6rigen eines Erblassers. Wenn es ums Geld geht, versteht so mancher keinen Spa\u00df mehr.<\/p>\n\n\n\n<p>BGB'nin temel konsepti, yasa koyucunun vatanda\u015flar\u0131n\u0131n temel haklar\u0131n\u0131 ve hukuki ili\u015fkilerini d\u00fczenleyebildi\u011fini g\u00f6stermektedir. Ancak BGB sadece genel medeni hukukun temelini olu\u015fturmaktad\u0131r. Yasa koyucu, \u00f6zel konular\u0131 d\u00fczenlemek i\u00e7in \u00e7ok say\u0131da \u00f6zel, yani ge\u00e7ersiz kanunlar \u00e7\u0131karm\u0131\u015ft\u0131r. Bunun bir \u00f6rne\u011fi, ticari hukuki i\u015flemlerin \u00f6zel niteliklerini d\u00fczenleyen ancak belirli noktalarda BGB'ye at\u0131fta bulunan Alman Ticaret Kanunu'dur (HGB) (bkz. Madde 105 (3) HGB).<\/p>\n\n\n\n<p>Ticaret hukuku alan\u0131nda uzmanla\u015fm\u0131\u015f bir hukuk b\u00fcrosu olarak, m\u00fcvekkillerimize genel ve \u00f6zel medeni hukuka ili\u015fkin t\u00fcm konularda dan\u0131\u015fmanl\u0131k hizmeti veriyoruz. Sorular\u0131n\u0131z\u0131 yan\u0131tlarken ve size pratik \u00e7\u00f6z\u00fcmler sunarken \"sizi de yan\u0131m\u0131za almaya\" \u00f6zellikle dikkat ediyoruz. Hangi yakla\u015f\u0131m\u0131 se\u00e7erseniz se\u00e7in, sizin i\u00e7in \"en iyisini elde etmek\" i\u00e7in elimizden gelen her \u015feyi yapaca\u011f\u0131z.<\/p>\n\n\n\n<p class=\"translation-block\">Tolga Topuz<br>Avukat<\/p>\n\n\n\n<p>Topuz Law \u2013Kanzlei aus D\u00fcsseldorf\u2013<\/p>\n<\/div>\n<\/div>","protected":false},"excerpt":{"rendered":"<p>Lassen Sie uns Ihnen helfen! Wenn Sie Hilfe ben\u00f6tigen, k\u00f6nnen Sie uns gerne kontaktieren. Wir werden uns unverz\u00fcglich bei Ihnen melden. Bei Eilbed\u00fcrftigkeit rufen Sie bitte folgende Nummer an: Allgemeines Zivilrecht Die Basis des gesellschaftlichen Zusammenlebens I. Einf\u00fchrung Das allgemeine Zivilrecht bildet das Fundament unseres gesellschaftlichen Zusammenlebens und regelt die rechtlichen Beziehungen zwischen nat\u00fcrlichen und [&hellip;]<\/p>\n","protected":false},"author":1,"featured_media":0,"parent":0,"menu_order":0,"comment_status":"closed","ping_status":"closed","template":"","meta":{"_uag_custom_page_level_css":"","site-sidebar-layout":"default","site-content-layout":"","ast-site-content-layout":"","site-content-style":"default","site-sidebar-style":"default","ast-global-header-display":"","ast-banner-title-visibility":"","ast-main-header-display":"","ast-hfb-above-header-display":"","ast-hfb-below-header-display":"","ast-hfb-mobile-header-display":"","site-post-title":"disabled","ast-breadcrumbs-content":"","ast-featured-img":"","footer-sml-layout":"","ast-disable-related-posts":"","theme-transparent-header-meta":"","adv-header-id-meta":"","stick-header-meta":"","header-above-stick-meta":"","header-main-stick-meta":"","header-below-stick-meta":"","astra-migrate-meta-layouts":"default","ast-page-background-enabled":"default","ast-page-background-meta":{"desktop":{"background-color":"var(--ast-global-color-5)","background-image":"","background-repeat":"repeat","background-position":"center center","background-size":"auto","background-attachment":"scroll","background-type":"","background-media":"","overlay-type":"","overlay-color":"","overlay-opacity":"","overlay-gradient":""},"tablet":{"background-color":"","background-image":"","background-repeat":"repeat","background-position":"center center","background-size":"auto","background-attachment":"scroll","background-type":"","background-media":"","overlay-type":"","overlay-color":"","overlay-opacity":"","overlay-gradient":""},"mobile":{"background-color":"","background-image":"","background-repeat":"repeat","background-position":"center center","background-size":"auto","background-attachment":"scroll","background-type":"","background-media":"","overlay-type":"","overlay-color":"","overlay-opacity":"","overlay-gradient":""}},"ast-content-background-meta":{"desktop":{"background-color":"var(--ast-global-color-4)","background-image":"","background-repeat":"repeat","background-position":"center center","background-size":"auto","background-attachment":"scroll","background-type":"","background-media":"","overlay-type":"","overlay-color":"","overlay-opacity":"","overlay-gradient":""},"tablet":{"background-color":"var(--ast-global-color-4)","background-image":"","background-repeat":"repeat","background-position":"center center","background-size":"auto","background-attachment":"scroll","background-type":"","background-media":"","overlay-type":"","overlay-color":"","overlay-opacity":"","overlay-gradient":""},"mobile":{"background-color":"var(--ast-global-color-4)","background-image":"","background-repeat":"repeat","background-position":"center center","background-size":"auto","background-attachment":"scroll","background-type":"","background-media":"","overlay-type":"","overlay-color":"","overlay-opacity":"","overlay-gradient":""}},"footnotes":""},"class_list":["post-6684","page","type-page","status-publish","hentry"],"yoast_head":"<!-- This site is optimized with the Yoast SEO Premium plugin v27.3 (Yoast SEO v27.3) - https:\/\/yoast.com\/product\/yoast-seo-premium-wordpress\/ -->\n<title>Allgemeines Zivilrecht<\/title>\n<meta name=\"description\" content=\"Das allgemeine Zivilrecht bildet das Fundament unseres gesellschaftlichen Zusammenlebens und regelt die rechtlichen Beziehungen zwischen\" \/>\n<meta name=\"robots\" content=\"index, follow, max-snippet:-1, max-image-preview:large, max-video-preview:-1\" \/>\n<link rel=\"canonical\" href=\"https:\/\/topuz-law.de\/tr\/allgemeines-zivilrecht\/\" \/>\n<meta property=\"og:locale\" content=\"tr_TR\" \/>\n<meta property=\"og:type\" content=\"article\" \/>\n<meta property=\"og:title\" content=\"Allgemeines Zivilrecht\" \/>\n<meta property=\"og:description\" content=\"Das allgemeine Zivilrecht bildet das Fundament unseres gesellschaftlichen Zusammenlebens und regelt die rechtlichen Beziehungen zwischen\" \/>\n<meta property=\"og:url\" content=\"https:\/\/topuz-law.de\/tr\/allgemeines-zivilrecht\/\" \/>\n<meta property=\"og:site_name\" content=\"Topuz Law\" \/>\n<meta property=\"article:publisher\" content=\"https:\/\/www.facebook.com\/profile.php?id=61558419758393&amp;locale=de_DE\" \/>\n<meta property=\"article:modified_time\" content=\"2025-05-27T22:10:19+00:00\" \/>\n<meta property=\"og:image\" content=\"https:\/\/topuz-law.de\/wp-content\/uploads\/2023\/11\/throughts-3937313-1024x681.webp\" \/>\n<meta name=\"twitter:card\" content=\"summary_large_image\" \/>\n<meta name=\"twitter:label1\" content=\"Tahmini okuma s\u00fcresi\" \/>\n\t<meta name=\"twitter:data1\" content=\"4 dakika\" \/>\n<script type=\"application\/ld+json\" class=\"yoast-schema-graph\">{\"@context\":\"https:\\\/\\\/schema.org\",\"@graph\":[{\"@type\":\"WebPage\",\"@id\":\"https:\\\/\\\/topuz-law.de\\\/allgemeines-zivilrecht\\\/\",\"url\":\"https:\\\/\\\/topuz-law.de\\\/allgemeines-zivilrecht\\\/\",\"name\":\"Allgemeines Zivilrecht\",\"isPartOf\":{\"@id\":\"https:\\\/\\\/topuz-law.de\\\/#website\"},\"primaryImageOfPage\":{\"@id\":\"https:\\\/\\\/topuz-law.de\\\/allgemeines-zivilrecht\\\/#primaryimage\"},\"image\":{\"@id\":\"https:\\\/\\\/topuz-law.de\\\/allgemeines-zivilrecht\\\/#primaryimage\"},\"thumbnailUrl\":\"https:\\\/\\\/topuz-law.de\\\/wp-content\\\/uploads\\\/2023\\\/11\\\/throughts-3937313-1024x681.webp\",\"datePublished\":\"2019-03-01T12:33:15+00:00\",\"dateModified\":\"2025-05-27T22:10:19+00:00\",\"description\":\"Das allgemeine Zivilrecht bildet das Fundament unseres gesellschaftlichen Zusammenlebens und regelt die rechtlichen Beziehungen zwischen\",\"breadcrumb\":{\"@id\":\"https:\\\/\\\/topuz-law.de\\\/allgemeines-zivilrecht\\\/#breadcrumb\"},\"inLanguage\":\"tr\",\"potentialAction\":[{\"@type\":\"ReadAction\",\"target\":[\"https:\\\/\\\/topuz-law.de\\\/allgemeines-zivilrecht\\\/\"]}]},{\"@type\":\"ImageObject\",\"inLanguage\":\"tr\",\"@id\":\"https:\\\/\\\/topuz-law.de\\\/allgemeines-zivilrecht\\\/#primaryimage\",\"url\":\"https:\\\/\\\/topuz-law.de\\\/wp-content\\\/uploads\\\/2023\\\/11\\\/throughts-3937313-1024x681.webp\",\"contentUrl\":\"https:\\\/\\\/topuz-law.de\\\/wp-content\\\/uploads\\\/2023\\\/11\\\/throughts-3937313-1024x681.webp\"},{\"@type\":\"BreadcrumbList\",\"@id\":\"https:\\\/\\\/topuz-law.de\\\/allgemeines-zivilrecht\\\/#breadcrumb\",\"itemListElement\":[{\"@type\":\"ListItem\",\"position\":1,\"name\":\"Startseite\",\"item\":\"https:\\\/\\\/topuz-law.de\\\/\"},{\"@type\":\"ListItem\",\"position\":2,\"name\":\"Allgemeines Zivilrecht\"}]},{\"@type\":\"WebSite\",\"@id\":\"https:\\\/\\\/topuz-law.de\\\/#website\",\"url\":\"https:\\\/\\\/topuz-law.de\\\/\",\"name\":\"Topuz Law\",\"description\":\"Kanzlei aus D\u00fcsseldorf\",\"publisher\":{\"@id\":\"https:\\\/\\\/topuz-law.de\\\/#organization\"},\"potentialAction\":[{\"@type\":\"SearchAction\",\"target\":{\"@type\":\"EntryPoint\",\"urlTemplate\":\"https:\\\/\\\/topuz-law.de\\\/?s={search_term_string}\"},\"query-input\":{\"@type\":\"PropertyValueSpecification\",\"valueRequired\":true,\"valueName\":\"search_term_string\"}}],\"inLanguage\":\"tr\"},{\"@type\":\"Organization\",\"@id\":\"https:\\\/\\\/topuz-law.de\\\/#organization\",\"name\":\"Topuz Law\",\"url\":\"https:\\\/\\\/topuz-law.de\\\/\",\"logo\":{\"@type\":\"ImageObject\",\"inLanguage\":\"tr\",\"@id\":\"https:\\\/\\\/topuz-law.de\\\/#\\\/schema\\\/logo\\\/image\\\/\",\"url\":\"https:\\\/\\\/topuz-law.de\\\/wp-content\\\/uploads\\\/2023\\\/10\\\/original_-_Kopie-removebg-preview.png\",\"contentUrl\":\"https:\\\/\\\/topuz-law.de\\\/wp-content\\\/uploads\\\/2023\\\/10\\\/original_-_Kopie-removebg-preview.png\",\"width\":419,\"height\":475,\"caption\":\"Topuz Law\"},\"image\":{\"@id\":\"https:\\\/\\\/topuz-law.de\\\/#\\\/schema\\\/logo\\\/image\\\/\"},\"sameAs\":[\"https:\\\/\\\/www.facebook.com\\\/profile.php?id=61558419758393&locale=de_DE\",\"https:\\\/\\\/www.linkedin.com\\\/company\\\/98966869\\\/\"],\"description\":\"Rechtsanwaltskanzlei mit Sitz in D\u00fcsseldorf. Spezialisiert auf das Handels- und Gesellschaftsrecht, allgemeines Zivilrecht, Prozessf\u00fchrung, Arbeitsrecht und Strafrecht.\",\"email\":\"info@topuz-law.de\",\"telephone\":\"021143637831\",\"legalName\":\"Kanzlei Topuz Law, Rechtsanwalt Tolga Topuz\",\"foundingDate\":\"2023-05-01\",\"vatID\":\"DE362946119\",\"numberOfEmployees\":{\"@type\":\"QuantitativeValue\",\"minValue\":\"1\",\"maxValue\":\"10\"}}]}<\/script>\n<!-- \/ Yoast SEO Premium plugin. -->","yoast_head_json":{"title":"Genel Medeni Hukuku","description":"Das allgemeine Zivilrecht bildet das Fundament unseres gesellschaftlichen Zusammenlebens und regelt die rechtlichen Beziehungen zwischen","robots":{"index":"index","follow":"follow","max-snippet":"max-snippet:-1","max-image-preview":"max-image-preview:large","max-video-preview":"max-video-preview:-1"},"canonical":"https:\/\/topuz-law.de\/tr\/allgemeines-zivilrecht\/","og_locale":"tr_TR","og_type":"article","og_title":"Allgemeines Zivilrecht","og_description":"Das allgemeine Zivilrecht bildet das Fundament unseres gesellschaftlichen Zusammenlebens und regelt die rechtlichen Beziehungen zwischen","og_url":"https:\/\/topuz-law.de\/tr\/allgemeines-zivilrecht\/","og_site_name":"Topuz Law","article_publisher":"https:\/\/www.facebook.com\/profile.php?id=61558419758393&locale=de_DE","article_modified_time":"2025-05-27T22:10:19+00:00","og_image":[{"url":"https:\/\/topuz-law.de\/wp-content\/uploads\/2023\/11\/throughts-3937313-1024x681.webp","type":"","width":"","height":""}],"twitter_card":"summary_large_image","twitter_misc":{"Tahmini okuma s\u00fcresi":"4 dakika"},"schema":{"@context":"https:\/\/schema.org","@graph":[{"@type":"WebPage","@id":"https:\/\/topuz-law.de\/allgemeines-zivilrecht\/","url":"https:\/\/topuz-law.de\/allgemeines-zivilrecht\/","name":"Genel Medeni Hukuku","isPartOf":{"@id":"https:\/\/topuz-law.de\/#website"},"primaryImageOfPage":{"@id":"https:\/\/topuz-law.de\/allgemeines-zivilrecht\/#primaryimage"},"image":{"@id":"https:\/\/topuz-law.de\/allgemeines-zivilrecht\/#primaryimage"},"thumbnailUrl":"https:\/\/topuz-law.de\/wp-content\/uploads\/2023\/11\/throughts-3937313-1024x681.webp","datePublished":"2019-03-01T12:33:15+00:00","dateModified":"2025-05-27T22:10:19+00:00","description":"Das allgemeine Zivilrecht bildet das Fundament unseres gesellschaftlichen Zusammenlebens und regelt die rechtlichen Beziehungen zwischen","breadcrumb":{"@id":"https:\/\/topuz-law.de\/allgemeines-zivilrecht\/#breadcrumb"},"inLanguage":"tr","potentialAction":[{"@type":"ReadAction","target":["https:\/\/topuz-law.de\/allgemeines-zivilrecht\/"]}]},{"@type":"ImageObject","inLanguage":"tr","@id":"https:\/\/topuz-law.de\/allgemeines-zivilrecht\/#primaryimage","url":"https:\/\/topuz-law.de\/wp-content\/uploads\/2023\/11\/throughts-3937313-1024x681.webp","contentUrl":"https:\/\/topuz-law.de\/wp-content\/uploads\/2023\/11\/throughts-3937313-1024x681.webp"},{"@type":"BreadcrumbList","@id":"https:\/\/topuz-law.de\/allgemeines-zivilrecht\/#breadcrumb","itemListElement":[{"@type":"ListItem","position":1,"name":"Startseite","item":"https:\/\/topuz-law.de\/"},{"@type":"ListItem","position":2,"name":"Allgemeines Zivilrecht"}]},{"@type":"WebSite","@id":"https:\/\/topuz-law.de\/#website","url":"https:\/\/topuz-law.de\/","name":"Topuz Law","description":"D\u00fcsseldorf'lu Hukuk B\u00fcrosu","publisher":{"@id":"https:\/\/topuz-law.de\/#organization"},"potentialAction":[{"@type":"SearchAction","target":{"@type":"EntryPoint","urlTemplate":"https:\/\/topuz-law.de\/?s={search_term_string}"},"query-input":{"@type":"PropertyValueSpecification","valueRequired":true,"valueName":"search_term_string"}}],"inLanguage":"tr"},{"@type":"Organization","@id":"https:\/\/topuz-law.de\/#organization","name":"Topuz Law","url":"https:\/\/topuz-law.de\/","logo":{"@type":"ImageObject","inLanguage":"tr","@id":"https:\/\/topuz-law.de\/#\/schema\/logo\/image\/","url":"https:\/\/topuz-law.de\/wp-content\/uploads\/2023\/10\/original_-_Kopie-removebg-preview.png","contentUrl":"https:\/\/topuz-law.de\/wp-content\/uploads\/2023\/10\/original_-_Kopie-removebg-preview.png","width":419,"height":475,"caption":"Topuz Law"},"image":{"@id":"https:\/\/topuz-law.de\/#\/schema\/logo\/image\/"},"sameAs":["https:\/\/www.facebook.com\/profile.php?id=61558419758393&locale=de_DE","https:\/\/www.linkedin.com\/company\/98966869\/"],"description":"Rechtsanwaltskanzlei mit Sitz in D\u00fcsseldorf. Spezialisiert auf das Handels- und Gesellschaftsrecht, allgemeines Zivilrecht, Prozessf\u00fchrung, Arbeitsrecht und Strafrecht.","email":"info@topuz-law.de","telephone":"021143637831","legalName":"Kanzlei Topuz Law, Rechtsanwalt Tolga Topuz","foundingDate":"2023-05-01","vatID":"DE362946119","numberOfEmployees":{"@type":"QuantitativeValue","minValue":"1","maxValue":"10"}}]}},"uagb_featured_image_src":{"full":false,"thumbnail":false,"medium":false,"medium_large":false,"large":false,"1536x1536":false,"2048x2048":false,"trp-custom-language-flag":false},"uagb_author_info":{"display_name":"admin","author_link":"https:\/\/topuz-law.de\/tr\/author\/admin\/"},"uagb_comment_info":0,"uagb_excerpt":"Lassen Sie uns Ihnen helfen! Wenn Sie Hilfe ben\u00f6tigen, k\u00f6nnen Sie uns gerne kontaktieren. Wir werden uns unverz\u00fcglich bei Ihnen melden. Bei Eilbed\u00fcrftigkeit rufen Sie bitte folgende Nummer an: Allgemeines Zivilrecht Die Basis des gesellschaftlichen Zusammenlebens I. Einf\u00fchrung Das allgemeine Zivilrecht bildet das Fundament unseres gesellschaftlichen Zusammenlebens und regelt die rechtlichen Beziehungen zwischen nat\u00fcrlichen und&hellip;","_links":{"self":[{"href":"https:\/\/topuz-law.de\/tr\/wp-json\/wp\/v2\/pages\/6684","targetHints":{"allow":["GET"]}}],"collection":[{"href":"https:\/\/topuz-law.de\/tr\/wp-json\/wp\/v2\/pages"}],"about":[{"href":"https:\/\/topuz-law.de\/tr\/wp-json\/wp\/v2\/types\/page"}],"author":[{"embeddable":true,"href":"https:\/\/topuz-law.de\/tr\/wp-json\/wp\/v2\/users\/1"}],"replies":[{"embeddable":true,"href":"https:\/\/topuz-law.de\/tr\/wp-json\/wp\/v2\/comments?post=6684"}],"version-history":[{"count":0,"href":"https:\/\/topuz-law.de\/tr\/wp-json\/wp\/v2\/pages\/6684\/revisions"}],"wp:attachment":[{"href":"https:\/\/topuz-law.de\/tr\/wp-json\/wp\/v2\/media?parent=6684"}],"curies":[{"name":"wp","href":"https:\/\/api.w.org\/{rel}","templated":true}]}}