{"id":6691,"date":"2019-03-01T12:40:20","date_gmt":"2019-03-01T12:40:20","guid":{"rendered":"https:\/\/demo.goodlayers.com\/attorna\/?page_id=6691"},"modified":"2026-04-12T17:43:57","modified_gmt":"2026-04-12T15:43:57","slug":"gesellschaftsrecht","status":"publish","type":"page","link":"https:\/\/topuz-law.de\/tr\/gesellschaftsrecht\/","title":{"rendered":"\u015eirketler Hukuku"},"content":{"rendered":"<div class=\"wp-block-uagb-container uagb-block-67539938 default uagb-is-root-container\">\n<div class=\"wp-block-uagb-container uagb-block-982f8ce0\">\n<h3 class=\"wp-block-heading has-text-color has-link-color wp-elements-0e04cc0a0cbcaf190ff4b09191f4cf14\" id=\"h-lassen-sie-uns-ihnen-helfen\" style=\"color:#b1976b\">Size yard\u0131mc\u0131 olal\u0131m!<\/h3>\n\n\n\n<p>Yard\u0131ma ihtiyac\u0131n\u0131z olursa, l\u00fctfen bizimle ileti\u015fime ge\u00e7mekten \u00e7ekinmeyin. M\u00fcmk\u00fcn olan en k\u0131sa s\u00fcrede size geri d\u00f6nece\u011fiz. Acil yard\u0131ma ihtiyac\u0131n\u0131z varsa, l\u00fctfen a\u015fa\u011f\u0131daki numaray\u0131 aray\u0131n\u0131z:<\/p>\n\n\n\n<div class=\"wp-block-uagb-icon-list uagb-block-fa41cd1f\"><div class=\"uagb-icon-list__wrap\">\n<div class=\"wp-block-uagb-icon-list-child uagb-block-f8d6f725\"><span class=\"uagb-icon-list__source-wrap\"><svg xmlns=\"https:\/\/www.w3.org\/2000\/svg\" viewbox=\"0 0 512 512\"><path d=\"M464 64C490.5 64 512 85.49 512 112C512 127.1 504.9 141.3 492.8 150.4L275.2 313.6C263.8 322.1 248.2 322.1 236.8 313.6L19.2 150.4C7.113 141.3 0 127.1 0 112C0 85.49 21.49 64 48 64H464zM217.6 339.2C240.4 356.3 271.6 356.3 294.4 339.2L512 176V384C512 419.3 483.3 448 448 448H64C28.65 448 0 419.3 0 384V176L217.6 339.2z\"><\/path><\/svg><\/span><span class=\"uagb-icon-list__label\">info@topuz-law.de<\/span><\/div>\n\n\n\n<div class=\"wp-block-uagb-icon-list-child uagb-block-a74e0138\"><span class=\"uagb-icon-list__source-wrap\"><svg xmlns=\"https:\/\/www.w3.org\/2000\/svg\" viewbox=\"0 0 512 512\"><path d=\"M256 512C114.6 512 0 397.4 0 256C0 114.6 114.6 0 256 0C397.4 0 512 114.6 512 256C512 397.4 397.4 512 256 512zM232 256C232 264 236 271.5 242.7 275.1L338.7 339.1C349.7 347.3 364.6 344.3 371.1 333.3C379.3 322.3 376.3 307.4 365.3 300L280 243.2V120C280 106.7 269.3 96 255.1 96C242.7 96 231.1 106.7 231.1 120L232 256z\"><\/path><\/svg><\/span><span class=\"uagb-icon-list__label\">Mo \u2013 Fr 07:30-19:00<\/span><\/div>\n\n\n\n<div class=\"wp-block-uagb-icon-list-child uagb-block-fb57780d\"><span class=\"uagb-icon-list__source-wrap\"><svg xmlns=\"https:\/\/www.w3.org\/2000\/svg\" viewbox=\"0 0 512 512\"><path d=\"M511.2 387l-23.25 100.8c-3.266 14.25-15.79 24.22-30.46 24.22C205.2 512 0 306.8 0 54.5c0-14.66 9.969-27.2 24.22-30.45l100.8-23.25C139.7-2.602 154.7 5.018 160.8 18.92l46.52 108.5c5.438 12.78 1.77 27.67-8.98 36.45L144.5 207.1c33.98 69.22 90.26 125.5 159.5 159.5l44.08-53.8c8.688-10.78 23.69-14.51 36.47-8.975l108.5 46.51C506.1 357.2 514.6 372.4 511.2 387z\"><\/path><\/svg><\/span><span class=\"uagb-icon-list__label\">+49 211 43637831<\/span><\/div>\n<\/div><\/div>\n<\/div>\n\n\n\n<div class=\"wp-block-uagb-container uagb-block-9e8041e2\">\n<h1 class=\"wp-block-heading has-text-color has-link-color wp-elements-74f529f8696e3ccfd3bb31e1f416c12c\" id=\"h-gesellschaftsrecht-im-unternehmenskontext\" style=\"color:#b1976b;font-size:40px\">Kurumsal anlamda \u015firketler hukuku<\/h1>\n\n\n\n<h2 class=\"wp-block-heading\" id=\"h-eine-kurze-einfuhrung-in-die-rechtlichen-grundlagen\" style=\"font-size:30px\">Yasal dayana\u011fa k\u0131sa bir giri\u015f<\/h2>\n\n\n\n<div class=\"wp-block-uagb-image uagb-block-8d27425c wp-block-uagb-image--layout-default wp-block-uagb-image--effect-static wp-block-uagb-image--align-none\"><figure class=\"wp-block-uagb-image__figure\"><img decoding=\"async\" srcset=\"https:\/\/topuz-law.de\/wp-content\/uploads\/2023\/11\/chess-4794265-1024x683.webp ,https:\/\/topuz-law.de\/wp-content\/uploads\/2023\/11\/chess-4794265-scaled.webp 780w, https:\/\/topuz-law.de\/wp-content\/uploads\/2023\/11\/chess-4794265-1024x683.webp 360w\" sizes=\"auto, (max-width: 480px) 150px\" src=\"https:\/\/topuz-law.de\/wp-content\/uploads\/2023\/11\/chess-4794265-1024x683.webp\" alt=\"\" class=\"uag-image-9858\" width=\"1024\" height=\"683\" title=\"chess-4794265\" loading=\"lazy\" role=\"img\"\/><\/figure><\/div>\n\n\n\n<p style=\"font-size:20px\">Das Gesellschaftsrecht bildet das juristische R\u00fcckgrat unserer Wirtschaftswelt und regelt alle wesentlichen Facetten des Unternehmensrechts, von der Gr\u00fcndung, zur Unternehmensf\u00fchrung bis hin zur Liquidation (Aufl\u00f6sung)&nbsp; von Unternehmungen (Gesellschaften).<\/p>\n\n\n\n<h2 class=\"wp-block-heading\" style=\"font-size:30px\"><strong>I. Kurulu\u015f<\/strong><\/h2>\n\n\n\n<p style=\"font-size:20px\">Her \u015firket kurucusu ka\u00e7\u0131n\u0131lmaz olarak \u00e7ok erken bir a\u015famada \u015firketler hukukunun temel sorular\u0131yla u\u011fra\u015fmak zorundad\u0131r. Kural olarak, \u015firketler hukuku ile ilk temas noktas\u0131, \u015firketin yasal \u015fekli sorunudur.<\/p>\n\n\n\n<p style=\"font-size:20px\">Alman ve Avrupa \u015firketler hukuku, aralar\u0131ndan se\u00e7im yapabilece\u011finiz \u00e7ok say\u0131da yap\u0131land\u0131rma se\u00e7ene\u011fi sunar. Olas\u0131 yasal formlar kabaca ortakl\u0131klar ve \u015firketler olarak ikiye ayr\u0131labilir.<\/p>\n\n\n\n<p style=\"font-size:20px\">Ortakl\u0131klar, di\u011ferlerinin yan\u0131 s\u0131ra a\u015fa\u011f\u0131dakileri de i\u00e7ermektedir:<\/p>\n\n\n\n<p style=\"font-size:20px\">\u2013 Gesellschaft b\u00fcrgerlichen Recht (GbR)<br>\u2013 Offene Handelsgesellschaft (OHG)<br>\u2013 Kommanditgesellschaft (KG)<br>\u2013 Partnerschaftsgesellschaft (PartG)<\/p>\n\n\n\n<p style=\"font-size:20px\">Kurumlar, di\u011ferlerinin yan\u0131 s\u0131ra a\u015fa\u011f\u0131dakileri i\u00e7erir:<\/p>\n\n\n\n<p style=\"font-size:20px\">\u2013 Gesellschaft mit beschr\u00e4nkter Haftung (GmbH)<br>\u2013 Aktiengesellschaft (AG)<br>\u2013 Unternehmergesellschaft (UG)<\/p>\n\n\n\n<p style=\"font-size:20px\">Daneben existieren \u201eMischformen\u201c aus Personen- und Kapitalgesellschaften, die etwa die Steuervorteile der Personengesellschaft und die Haftungsbeschr\u00e4nkung der Kapitalgesellschaft in sich vereinen. Die wohl bekannteste \u201eMischform\u201c ist die GmbH &amp; Co. KG. An dieser Stelle sei angemerkt, dass es sich bei der GmbH &amp; Co. KG streng genommen um keine wirkliche \u201eMischform\u201c handelt. Im Au\u00dfenverh\u00e4ltnis handelt es sich hierbei formal um eine Kommanditgesellschaft.<\/p>\n\n\n\n<p style=\"font-size:20px\">Innerhalb der Europ\u00e4ischen Union gibt es noch die M\u00f6glichkeit, europ\u00e4ische Gesellschaftsformen zu gr\u00fcnden und in die jeweiligen nationalen Handelsregister eintragen zu lassen. Zu den bekanntesten Rechtsformen z\u00e4hlt wohl die Europ\u00e4ische Aktiengesellschaft (Societas Europaea, SE).<\/p>\n\n\n\n<p style=\"font-size:20px\">Bu yasal formlar\u0131n her birinin avantaj ve dezavantajlar\u0131 vard\u0131r. \"Do\u011fru\" yasal \u015fekli se\u00e7meden \u00f6nce m\u00fc\u015fterinin orta ve uzun vadeli hedefleri dikkatlice belirlenmelidir. \"Yanl\u0131\u015f\" yasal formun se\u00e7ilmesi \u00f6nemli vergi dezavantajlar\u0131na, sermaye piyasas\u0131 kanunu kapsam\u0131nda para cezalar\u0131na ve hatta en k\u00f6t\u00fc durumda mali y\u0131k\u0131ma (hissedar\u0131n \u015fahsen sorumlu olmas\u0131 durumunda) neden olabilir.<\/p>\n\n\n\n<h2 class=\"wp-block-heading\" style=\"font-size:30px\"><strong>II. Kurumsal y\u00f6netim<\/strong><\/h2>\n\n\n\n<p style=\"font-size:20px\">Yasal form se\u00e7imine ek olarak, \u015firket y\u00f6netimine ili\u015fkin sorular her \u015firket kurucusu i\u00e7in \u00e7ok \u00f6nemli bir rol oynamaktad\u0131r. \u015eirket y\u00f6netimi y\u00f6ntemlerinin d\u00fczenlenmesindeki yanl\u0131\u015fl\u0131klar, \u00f6zellikle kriz d\u00f6nemlerinde \"intikam alabilir\".<\/p>\n\n\n\n<p style=\"font-size:20px\">Ortaklar sadece insand\u0131r. Herkes bask\u0131 alt\u0131nda farkl\u0131 tepkiler verir. Baz\u0131lar\u0131 sinirlerine hakim olamaz ve \u015firketten ayr\u0131lmak ister. Di\u011ferleri ise \"g\u00f6rmezden gelindiklerini\" hisseder ve her karara kar\u015f\u0131 \u00e7\u0131k\u0131lmas\u0131na yol a\u00e7abilecek bir t\u00fcr \"abluka tavr\u0131\" i\u00e7ine girerler. Bu ba\u011flamda, ideal olarak \u015firket kurulurken hissedar s\u00f6zle\u015fmelerinin haz\u0131rlanmas\u0131 tavsiye edilir. Bu t\u00fcr anla\u015fmalar hissedarlar aras\u0131ndaki ili\u015fkileri d\u00fczenler ve hissedarlar s\u00f6zle\u015fmesi veya ana s\u00f6zle\u015fmeden farkl\u0131 olarak ticaret siciline kaydedilmeleri gerekmez.<\/p>\n\n\n\n<h2 class=\"wp-block-heading\" style=\"font-size:30px\"><strong>III. \u015eirketin sat\u0131\u015f\u0131 \/ tasfiyesi \/ yeniden yap\u0131land\u0131r\u0131lmas\u0131<\/strong><\/h2>\n\n\n\n<p style=\"font-size:20px\">Bir giri\u015fimci, giri\u015fimcilik riski ve giri\u015fimcilik inisiyatifi ile karakterize edilir. Giri\u015fimcilik riski genellikle i\u015fin ba\u015far\u0131s\u0131z olmas\u0131 veya umuldu\u011fu gibi geli\u015fmemesi \u015feklinde kendini g\u00f6sterir.<\/p>\n\n\n\n<p style=\"font-size:20px\">Neben der Liquidation (Aufl\u00f6sung) als klassisches Mittel der \u201eBeseitigung\u201c einer Unternehmung, besteht u. a. die M\u00f6glichkeit des Verkaufes (Share- oder Asset-Deal), der L\u00f6schung durch das Registergericht (vgl. \u00a7 394&nbsp;Familienverfahrensgesetz, FamFG) oder der Umwandlung (Verschmelzung). In den letzten Jahren hat vor allem das Umwandlungsrecht in der gesellschaftsrechtlichen Praxis an Bedeutung gewonnen. Vor allem Konzerne bevorzugen es, Tochtergesellschaften mit unwirtschaftlichen Sparten zu \u201eschlucken\u201c statt solche medienwirksam zu ver\u00e4u\u00dfern oder zu liquidieren.<\/p>\n\n\n\n<div class=\"wp-block-buttons is-layout-flex wp-block-buttons-is-layout-flex\">\n<div class=\"wp-block-button has-custom-width wp-block-button__width-100 is-style-fill\"><a class=\"wp-block-button__link has-ast-global-color-4-color has-text-color has-link-color has-custom-font-size wp-element-button\" style=\"border-style:none;border-width:0px;border-top-left-radius:0px;border-top-right-radius:0px;border-bottom-left-radius:0px;border-bottom-right-radius:0px;font-size:30px\">\u0130leti\u015fim formuna<\/a><\/div>\n<\/div>\n<\/div>\n<\/div>","protected":false},"excerpt":{"rendered":"<p>Lassen Sie uns Ihnen helfen! Wenn Sie Hilfe ben\u00f6tigen, k\u00f6nnen Sie uns gerne kontaktieren. Wir werden uns unverz\u00fcglich bei Ihnen melden. Bei Eilbed\u00fcrftigkeit rufen Sie bitte folgende Nummer an: Gesellschaftsrecht im Unternehmenskontext Eine kurze Einf\u00fchrung in die rechtlichen Grundlagen Das Gesellschaftsrecht bildet das juristische R\u00fcckgrat unserer Wirtschaftswelt und regelt alle wesentlichen Facetten des Unternehmensrechts, von [&hellip;]<\/p>\n","protected":false},"author":1,"featured_media":0,"parent":0,"menu_order":0,"comment_status":"closed","ping_status":"closed","template":"","meta":{"_uag_custom_page_level_css":"","site-sidebar-layout":"default","site-content-layout":"","ast-site-content-layout":"","site-content-style":"default","site-sidebar-style":"default","ast-global-header-display":"","ast-banner-title-visibility":"","ast-main-header-display":"","ast-hfb-above-header-display":"","ast-hfb-below-header-display":"","ast-hfb-mobile-header-display":"","site-post-title":"disabled","ast-breadcrumbs-content":"","ast-featured-img":"","footer-sml-layout":"","ast-disable-related-posts":"","theme-transparent-header-meta":"","adv-header-id-meta":"","stick-header-meta":"","header-above-stick-meta":"","header-main-stick-meta":"","header-below-stick-meta":"","astra-migrate-meta-layouts":"default","ast-page-background-enabled":"default","ast-page-background-meta":{"desktop":{"background-color":"var(--ast-global-color-5)","background-image":"","background-repeat":"repeat","background-position":"center center","background-size":"auto","background-attachment":"scroll","background-type":"","background-media":"","overlay-type":"","overlay-color":"","overlay-opacity":"","overlay-gradient":""},"tablet":{"background-color":"","background-image":"","background-repeat":"repeat","background-position":"center center","background-size":"auto","background-attachment":"scroll","background-type":"","background-media":"","overlay-type":"","overlay-color":"","overlay-opacity":"","overlay-gradient":""},"mobile":{"background-color":"","background-image":"","background-repeat":"repeat","background-position":"center center","background-size":"auto","background-attachment":"scroll","background-type":"","background-media":"","overlay-type":"","overlay-color":"","overlay-opacity":"","overlay-gradient":""}},"ast-content-background-meta":{"desktop":{"background-color":"var(--ast-global-color-4)","background-image":"","background-repeat":"repeat","background-position":"center center","background-size":"auto","background-attachment":"scroll","background-type":"","background-media":"","overlay-type":"","overlay-color":"","overlay-opacity":"","overlay-gradient":""},"tablet":{"background-color":"var(--ast-global-color-4)","background-image":"","background-repeat":"repeat","background-position":"center center","background-size":"auto","background-attachment":"scroll","background-type":"","background-media":"","overlay-type":"","overlay-color":"","overlay-opacity":"","overlay-gradient":""},"mobile":{"background-color":"var(--ast-global-color-4)","background-image":"","background-repeat":"repeat","background-position":"center center","background-size":"auto","background-attachment":"scroll","background-type":"","background-media":"","overlay-type":"","overlay-color":"","overlay-opacity":"","overlay-gradient":""}},"footnotes":""},"class_list":["post-6691","page","type-page","status-publish","hentry"],"yoast_head":"<!-- This site is optimized with the Yoast SEO Premium plugin v27.4 (Yoast SEO v27.4) - https:\/\/yoast.com\/product\/yoast-seo-premium-wordpress\/ -->\n<title>Gesellschaftsrecht<\/title>\n<meta name=\"description\" content=\"Das Gesellschaftsrecht bildet das juristische R\u00fcckgrat unserer Wirtschaftswelt und regelt alle wesentlichen Facetten des Unternehmensrechts.\" \/>\n<meta name=\"robots\" content=\"index, follow, max-snippet:-1, max-image-preview:large, max-video-preview:-1\" \/>\n<link rel=\"canonical\" href=\"https:\/\/topuz-law.de\/tr\/gesellschaftsrecht\/\" \/>\n<meta property=\"og:locale\" content=\"tr_TR\" \/>\n<meta property=\"og:type\" content=\"article\" \/>\n<meta property=\"og:title\" content=\"Gesellschaftsrecht\" \/>\n<meta property=\"og:description\" content=\"Das Gesellschaftsrecht bildet das juristische R\u00fcckgrat unserer Wirtschaftswelt und regelt alle wesentlichen Facetten des Unternehmensrechts.\" \/>\n<meta property=\"og:url\" content=\"https:\/\/topuz-law.de\/tr\/gesellschaftsrecht\/\" \/>\n<meta property=\"og:site_name\" content=\"Topuz Law\" \/>\n<meta property=\"article:publisher\" content=\"https:\/\/www.facebook.com\/profile.php?id=61558419758393&amp;locale=de_DE\" \/>\n<meta property=\"article:modified_time\" content=\"2026-04-12T15:43:57+00:00\" \/>\n<meta property=\"og:image\" content=\"https:\/\/topuz-law.de\/wp-content\/uploads\/2023\/11\/chess-4794265-1024x683.webp\" \/>\n<meta name=\"twitter:card\" content=\"summary_large_image\" \/>\n<meta name=\"twitter:label1\" content=\"Tahmini okuma s\u00fcresi\" \/>\n\t<meta name=\"twitter:data1\" content=\"4 dakika\" \/>\n<script type=\"application\/ld+json\" class=\"yoast-schema-graph\">{\"@context\":\"https:\\\/\\\/schema.org\",\"@graph\":[{\"@type\":\"WebPage\",\"@id\":\"https:\\\/\\\/topuz-law.de\\\/gesellschaftsrecht\\\/\",\"url\":\"https:\\\/\\\/topuz-law.de\\\/gesellschaftsrecht\\\/\",\"name\":\"Gesellschaftsrecht\",\"isPartOf\":{\"@id\":\"https:\\\/\\\/topuz-law.de\\\/#website\"},\"primaryImageOfPage\":{\"@id\":\"https:\\\/\\\/topuz-law.de\\\/gesellschaftsrecht\\\/#primaryimage\"},\"image\":{\"@id\":\"https:\\\/\\\/topuz-law.de\\\/gesellschaftsrecht\\\/#primaryimage\"},\"thumbnailUrl\":\"https:\\\/\\\/topuz-law.de\\\/wp-content\\\/uploads\\\/2023\\\/11\\\/chess-4794265-1024x683.webp\",\"datePublished\":\"2019-03-01T12:40:20+00:00\",\"dateModified\":\"2026-04-12T15:43:57+00:00\",\"description\":\"Das Gesellschaftsrecht bildet das juristische R\u00fcckgrat unserer Wirtschaftswelt und regelt alle wesentlichen Facetten des Unternehmensrechts.\",\"breadcrumb\":{\"@id\":\"https:\\\/\\\/topuz-law.de\\\/gesellschaftsrecht\\\/#breadcrumb\"},\"inLanguage\":\"tr\",\"potentialAction\":[{\"@type\":\"ReadAction\",\"target\":[\"https:\\\/\\\/topuz-law.de\\\/gesellschaftsrecht\\\/\"]}]},{\"@type\":\"ImageObject\",\"inLanguage\":\"tr\",\"@id\":\"https:\\\/\\\/topuz-law.de\\\/gesellschaftsrecht\\\/#primaryimage\",\"url\":\"https:\\\/\\\/topuz-law.de\\\/wp-content\\\/uploads\\\/2023\\\/11\\\/chess-4794265-1024x683.webp\",\"contentUrl\":\"https:\\\/\\\/topuz-law.de\\\/wp-content\\\/uploads\\\/2023\\\/11\\\/chess-4794265-1024x683.webp\"},{\"@type\":\"BreadcrumbList\",\"@id\":\"https:\\\/\\\/topuz-law.de\\\/gesellschaftsrecht\\\/#breadcrumb\",\"itemListElement\":[{\"@type\":\"ListItem\",\"position\":1,\"name\":\"Startseite\",\"item\":\"https:\\\/\\\/topuz-law.de\\\/\"},{\"@type\":\"ListItem\",\"position\":2,\"name\":\"Gesellschaftsrecht\"}]},{\"@type\":\"WebSite\",\"@id\":\"https:\\\/\\\/topuz-law.de\\\/#website\",\"url\":\"https:\\\/\\\/topuz-law.de\\\/\",\"name\":\"Topuz Law\",\"description\":\"Kanzlei aus D\u00fcsseldorf\",\"publisher\":{\"@id\":\"https:\\\/\\\/topuz-law.de\\\/#organization\"},\"potentialAction\":[{\"@type\":\"SearchAction\",\"target\":{\"@type\":\"EntryPoint\",\"urlTemplate\":\"https:\\\/\\\/topuz-law.de\\\/?s={search_term_string}\"},\"query-input\":{\"@type\":\"PropertyValueSpecification\",\"valueRequired\":true,\"valueName\":\"search_term_string\"}}],\"inLanguage\":\"tr\"},{\"@type\":\"Organization\",\"@id\":\"https:\\\/\\\/topuz-law.de\\\/#organization\",\"name\":\"Topuz Law\",\"url\":\"https:\\\/\\\/topuz-law.de\\\/\",\"logo\":{\"@type\":\"ImageObject\",\"inLanguage\":\"tr\",\"@id\":\"https:\\\/\\\/topuz-law.de\\\/#\\\/schema\\\/logo\\\/image\\\/\",\"url\":\"https:\\\/\\\/topuz-law.de\\\/wp-content\\\/uploads\\\/2023\\\/10\\\/original_-_Kopie-removebg-preview.png\",\"contentUrl\":\"https:\\\/\\\/topuz-law.de\\\/wp-content\\\/uploads\\\/2023\\\/10\\\/original_-_Kopie-removebg-preview.png\",\"width\":419,\"height\":475,\"caption\":\"Topuz Law\"},\"image\":{\"@id\":\"https:\\\/\\\/topuz-law.de\\\/#\\\/schema\\\/logo\\\/image\\\/\"},\"sameAs\":[\"https:\\\/\\\/www.facebook.com\\\/profile.php?id=61558419758393&locale=de_DE\",\"https:\\\/\\\/www.linkedin.com\\\/company\\\/98966869\\\/\"],\"description\":\"Rechtsanwaltskanzlei mit Sitz in D\u00fcsseldorf. Spezialisiert auf das Handels- und Gesellschaftsrecht, allgemeines Zivilrecht, Prozessf\u00fchrung, Arbeitsrecht und Strafrecht.\",\"email\":\"info@topuz-law.de\",\"telephone\":\"021143637831\",\"legalName\":\"Kanzlei Topuz Law, Rechtsanwalt Tolga Topuz\",\"foundingDate\":\"2023-05-01\",\"vatID\":\"DE362946119\",\"numberOfEmployees\":{\"@type\":\"QuantitativeValue\",\"minValue\":\"1\",\"maxValue\":\"10\"}}]}<\/script>\n<!-- \/ Yoast SEO Premium plugin. -->","yoast_head_json":{"title":"\u015eirketler Hukuku","description":"Das Gesellschaftsrecht bildet das juristische R\u00fcckgrat unserer Wirtschaftswelt und regelt alle wesentlichen Facetten des Unternehmensrechts.","robots":{"index":"index","follow":"follow","max-snippet":"max-snippet:-1","max-image-preview":"max-image-preview:large","max-video-preview":"max-video-preview:-1"},"canonical":"https:\/\/topuz-law.de\/tr\/gesellschaftsrecht\/","og_locale":"tr_TR","og_type":"article","og_title":"Gesellschaftsrecht","og_description":"Das Gesellschaftsrecht bildet das juristische R\u00fcckgrat unserer Wirtschaftswelt und regelt alle wesentlichen Facetten des Unternehmensrechts.","og_url":"https:\/\/topuz-law.de\/tr\/gesellschaftsrecht\/","og_site_name":"Topuz Law","article_publisher":"https:\/\/www.facebook.com\/profile.php?id=61558419758393&locale=de_DE","article_modified_time":"2026-04-12T15:43:57+00:00","og_image":[{"url":"https:\/\/topuz-law.de\/wp-content\/uploads\/2023\/11\/chess-4794265-1024x683.webp","type":"","width":"","height":""}],"twitter_card":"summary_large_image","twitter_misc":{"Tahmini okuma s\u00fcresi":"4 dakika"},"schema":{"@context":"https:\/\/schema.org","@graph":[{"@type":"WebPage","@id":"https:\/\/topuz-law.de\/gesellschaftsrecht\/","url":"https:\/\/topuz-law.de\/gesellschaftsrecht\/","name":"\u015eirketler Hukuku","isPartOf":{"@id":"https:\/\/topuz-law.de\/#website"},"primaryImageOfPage":{"@id":"https:\/\/topuz-law.de\/gesellschaftsrecht\/#primaryimage"},"image":{"@id":"https:\/\/topuz-law.de\/gesellschaftsrecht\/#primaryimage"},"thumbnailUrl":"https:\/\/topuz-law.de\/wp-content\/uploads\/2023\/11\/chess-4794265-1024x683.webp","datePublished":"2019-03-01T12:40:20+00:00","dateModified":"2026-04-12T15:43:57+00:00","description":"Das Gesellschaftsrecht bildet das juristische R\u00fcckgrat unserer Wirtschaftswelt und regelt alle wesentlichen Facetten des Unternehmensrechts.","breadcrumb":{"@id":"https:\/\/topuz-law.de\/gesellschaftsrecht\/#breadcrumb"},"inLanguage":"tr","potentialAction":[{"@type":"ReadAction","target":["https:\/\/topuz-law.de\/gesellschaftsrecht\/"]}]},{"@type":"ImageObject","inLanguage":"tr","@id":"https:\/\/topuz-law.de\/gesellschaftsrecht\/#primaryimage","url":"https:\/\/topuz-law.de\/wp-content\/uploads\/2023\/11\/chess-4794265-1024x683.webp","contentUrl":"https:\/\/topuz-law.de\/wp-content\/uploads\/2023\/11\/chess-4794265-1024x683.webp"},{"@type":"BreadcrumbList","@id":"https:\/\/topuz-law.de\/gesellschaftsrecht\/#breadcrumb","itemListElement":[{"@type":"ListItem","position":1,"name":"Startseite","item":"https:\/\/topuz-law.de\/"},{"@type":"ListItem","position":2,"name":"Gesellschaftsrecht"}]},{"@type":"WebSite","@id":"https:\/\/topuz-law.de\/#website","url":"https:\/\/topuz-law.de\/","name":"Topuz Law","description":"D\u00fcsseldorf'lu Hukuk B\u00fcrosu","publisher":{"@id":"https:\/\/topuz-law.de\/#organization"},"potentialAction":[{"@type":"SearchAction","target":{"@type":"EntryPoint","urlTemplate":"https:\/\/topuz-law.de\/?s={search_term_string}"},"query-input":{"@type":"PropertyValueSpecification","valueRequired":true,"valueName":"search_term_string"}}],"inLanguage":"tr"},{"@type":"Organization","@id":"https:\/\/topuz-law.de\/#organization","name":"Topuz Law","url":"https:\/\/topuz-law.de\/","logo":{"@type":"ImageObject","inLanguage":"tr","@id":"https:\/\/topuz-law.de\/#\/schema\/logo\/image\/","url":"https:\/\/topuz-law.de\/wp-content\/uploads\/2023\/10\/original_-_Kopie-removebg-preview.png","contentUrl":"https:\/\/topuz-law.de\/wp-content\/uploads\/2023\/10\/original_-_Kopie-removebg-preview.png","width":419,"height":475,"caption":"Topuz Law"},"image":{"@id":"https:\/\/topuz-law.de\/#\/schema\/logo\/image\/"},"sameAs":["https:\/\/www.facebook.com\/profile.php?id=61558419758393&locale=de_DE","https:\/\/www.linkedin.com\/company\/98966869\/"],"description":"Rechtsanwaltskanzlei mit Sitz in D\u00fcsseldorf. Spezialisiert auf das Handels- und Gesellschaftsrecht, allgemeines Zivilrecht, Prozessf\u00fchrung, Arbeitsrecht und Strafrecht.","email":"info@topuz-law.de","telephone":"021143637831","legalName":"Kanzlei Topuz Law, Rechtsanwalt Tolga Topuz","foundingDate":"2023-05-01","vatID":"DE362946119","numberOfEmployees":{"@type":"QuantitativeValue","minValue":"1","maxValue":"10"}}]}},"uagb_featured_image_src":{"full":false,"thumbnail":false,"medium":false,"medium_large":false,"large":false,"1536x1536":false,"2048x2048":false,"trp-custom-language-flag":false},"uagb_author_info":{"display_name":"admin","author_link":"https:\/\/topuz-law.de\/tr\/author\/admin\/"},"uagb_comment_info":0,"uagb_excerpt":"Lassen Sie uns Ihnen helfen! Wenn Sie Hilfe ben\u00f6tigen, k\u00f6nnen Sie uns gerne kontaktieren. Wir werden uns unverz\u00fcglich bei Ihnen melden. Bei Eilbed\u00fcrftigkeit rufen Sie bitte folgende Nummer an: Gesellschaftsrecht im Unternehmenskontext Eine kurze Einf\u00fchrung in die rechtlichen Grundlagen Das Gesellschaftsrecht bildet das juristische R\u00fcckgrat unserer Wirtschaftswelt und regelt alle wesentlichen Facetten des Unternehmensrechts, von&hellip;","_links":{"self":[{"href":"https:\/\/topuz-law.de\/tr\/wp-json\/wp\/v2\/pages\/6691","targetHints":{"allow":["GET"]}}],"collection":[{"href":"https:\/\/topuz-law.de\/tr\/wp-json\/wp\/v2\/pages"}],"about":[{"href":"https:\/\/topuz-law.de\/tr\/wp-json\/wp\/v2\/types\/page"}],"author":[{"embeddable":true,"href":"https:\/\/topuz-law.de\/tr\/wp-json\/wp\/v2\/users\/1"}],"replies":[{"embeddable":true,"href":"https:\/\/topuz-law.de\/tr\/wp-json\/wp\/v2\/comments?post=6691"}],"version-history":[{"count":0,"href":"https:\/\/topuz-law.de\/tr\/wp-json\/wp\/v2\/pages\/6691\/revisions"}],"wp:attachment":[{"href":"https:\/\/topuz-law.de\/tr\/wp-json\/wp\/v2\/media?parent=6691"}],"curies":[{"name":"wp","href":"https:\/\/api.w.org\/{rel}","templated":true}]}}